{"id":1356,"date":"2022-11-03T08:30:51","date_gmt":"2022-11-03T08:30:51","guid":{"rendered":"https:\/\/tinaztepedis.com\/periodontoloji\/"},"modified":"2023-01-27T06:57:21","modified_gmt":"2023-01-27T06:57:21","slug":"periodontology","status":"publish","type":"page","link":"https:\/\/tinaztepedis.com\/en\/periodontology\/","title":{"rendered":"PERIODONTOLOGY"},"content":{"rendered":"\t\t<div data-elementor-type=\"wp-page\" data-elementor-id=\"1356\" class=\"elementor elementor-1356 elementor-603\" data-elementor-post-type=\"page\">\n\t\t\t\t\t\t<section class=\"elementor-section elementor-top-section elementor-element elementor-element-02e10e7 elementor-section-full_width elementor-hidden-mobile elementor-section-height-default elementor-section-height-default\" data-id=\"02e10e7\" data-element_type=\"section\">\n\t\t\t\t\t\t<div class=\"elementor-container elementor-column-gap-default\">\n\t\t\t\t\t<div class=\"elementor-column elementor-col-100 elementor-top-column elementor-element elementor-element-8e5511b\" data-id=\"8e5511b\" data-element_type=\"column\">\n\t\t\t<div class=\"elementor-widget-wrap elementor-element-populated\">\n\t\t\t\t\t\t<div class=\"elementor-element elementor-element-6e718ce elementor--h-position-left elementor-widget__width-inherit elementor--v-position-middle elementor-arrows-position-inside elementor-pagination-position-inside elementor-widget elementor-widget-slides\" data-id=\"6e718ce\" data-element_type=\"widget\" data-settings=\"{&quot;navigation&quot;:&quot;both&quot;,&quot;autoplay&quot;:&quot;yes&quot;,&quot;pause_on_hover&quot;:&quot;yes&quot;,&quot;pause_on_interaction&quot;:&quot;yes&quot;,&quot;autoplay_speed&quot;:5000,&quot;infinite&quot;:&quot;yes&quot;,&quot;transition&quot;:&quot;slide&quot;,&quot;transition_speed&quot;:500}\" data-widget_type=\"slides.default\">\n\t\t\t\t<div class=\"elementor-widget-container\">\n\t\t\t\t\t\t\t\t\t<div class=\"elementor-swiper\">\n\t\t\t\t\t<div class=\"elementor-slides-wrapper elementor-main-swiper swiper\" role=\"region\" aria-roledescription=\"carousel\" aria-label=\"Slides\" dir=\"ltr\" data-animation=\"fadeInUp\">\n\t\t\t\t<div class=\"swiper-wrapper elementor-slides\">\n\t\t\t\t\t\t\t\t\t\t<div class=\"elementor-repeater-item-6af89cd swiper-slide\" role=\"group\" aria-roledescription=\"slide\"><div class=\"swiper-slide-bg\" role=\"img\"><\/div><div class=\"swiper-slide-inner\" ><div class=\"swiper-slide-contents\"><div class=\"elementor-slide-heading\">\u0130ZM\u0130R TINAZTEPE UNIVERSITY <br>DENTAL HEALTH <br>CLINICAL AND RESEARCH CENTER<\/div><div class=\"elementor-slide-description\">Periodontology<\/div><\/div><\/div><\/div>\t\t\t\t<\/div>\n\t\t\t\t\t\t\t<\/div>\n\t\t\t\t<\/div>\n\t\t\t\t\t\t\t\t<\/div>\n\t\t\t\t<\/div>\n\t\t\t\t\t<\/div>\n\t\t<\/div>\n\t\t\t\t\t<\/div>\n\t\t<\/section>\n\t\t\t\t<section class=\"elementor-section elementor-top-section elementor-element elementor-element-20d8a63 elementor-section-full_width elementor-hidden-desktop elementor-hidden-tablet elementor-section-height-default elementor-section-height-default\" data-id=\"20d8a63\" data-element_type=\"section\">\n\t\t\t\t\t\t<div class=\"elementor-container elementor-column-gap-default\">\n\t\t\t\t\t<div class=\"elementor-column elementor-col-100 elementor-top-column elementor-element elementor-element-b8474f9\" data-id=\"b8474f9\" data-element_type=\"column\">\n\t\t\t<div class=\"elementor-widget-wrap elementor-element-populated\">\n\t\t\t\t\t\t<div class=\"elementor-element elementor-element-27a8f97 elementor-widget__width-inherit elementor--v-position-bottom elementor--h-position-center elementor-arrows-position-inside elementor-pagination-position-inside elementor-widget elementor-widget-slides\" data-id=\"27a8f97\" data-element_type=\"widget\" data-settings=\"{&quot;navigation&quot;:&quot;both&quot;,&quot;autoplay&quot;:&quot;yes&quot;,&quot;pause_on_hover&quot;:&quot;yes&quot;,&quot;pause_on_interaction&quot;:&quot;yes&quot;,&quot;autoplay_speed&quot;:5000,&quot;infinite&quot;:&quot;yes&quot;,&quot;transition&quot;:&quot;slide&quot;,&quot;transition_speed&quot;:500}\" data-widget_type=\"slides.default\">\n\t\t\t\t<div class=\"elementor-widget-container\">\n\t\t\t\t\t\t\t\t\t<div class=\"elementor-swiper\">\n\t\t\t\t\t<div class=\"elementor-slides-wrapper elementor-main-swiper swiper\" role=\"region\" aria-roledescription=\"carousel\" aria-label=\"Slides\" dir=\"ltr\" data-animation=\"fadeInUp\">\n\t\t\t\t<div class=\"swiper-wrapper elementor-slides\">\n\t\t\t\t\t\t\t\t\t\t<div class=\"elementor-repeater-item-6af89cd swiper-slide\" role=\"group\" aria-roledescription=\"slide\"><div class=\"swiper-slide-bg\" role=\"img\"><\/div><div class=\"swiper-slide-inner\" ><div class=\"swiper-slide-contents\"><div class=\"elementor-slide-heading\">\u0130ZM\u0130R TINAZTEPE UNIVERSITY <br>DENTAL HEALTH <br>CLINICAL AND RESEARCH CENTER<\/div><div class=\"elementor-slide-description\">Periodontology<\/div><\/div><\/div><\/div>\t\t\t\t<\/div>\n\t\t\t\t\t\t\t<\/div>\n\t\t\t\t<\/div>\n\t\t\t\t\t\t\t\t<\/div>\n\t\t\t\t<\/div>\n\t\t\t\t\t<\/div>\n\t\t<\/div>\n\t\t\t\t\t<\/div>\n\t\t<\/section>\n\t\t\t\t<section class=\"elementor-section elementor-top-section elementor-element elementor-element-32bb0f3 elementor-section-boxed elementor-section-height-default elementor-section-height-default\" data-id=\"32bb0f3\" data-element_type=\"section\">\n\t\t\t\t\t\t<div class=\"elementor-container elementor-column-gap-default\">\n\t\t\t\t\t<div class=\"elementor-column elementor-col-100 elementor-top-column elementor-element elementor-element-160b02e\" data-id=\"160b02e\" data-element_type=\"column\">\n\t\t\t<div class=\"elementor-widget-wrap elementor-element-populated\">\n\t\t\t\t\t\t<div class=\"elementor-element elementor-element-3d1c680 elementor-widget__width-initial elementor-align-center elementor-widget elementor-widget-button\" data-id=\"3d1c680\" data-element_type=\"widget\" data-widget_type=\"button.default\">\n\t\t\t\t<div class=\"elementor-widget-container\">\n\t\t\t\t\t\t\t\t\t<div class=\"elementor-button-wrapper\">\n\t\t\t\t\t<a class=\"elementor-button elementor-button-link elementor-size-sm\" href=\"#elementor-action%3Aaction%3Dpopup%3Aopen%26settings%3DeyJpZCI6MTg2OCwidG9nZ2xlIjpmYWxzZX0%3D\">\n\t\t\t\t\t\t<span class=\"elementor-button-content-wrapper\">\n\t\t\t\t\t\t\t\t\t<span class=\"elementor-button-text\">MAKE AN APPOINTMENT<\/span>\n\t\t\t\t\t<\/span>\n\t\t\t\t\t<\/a>\n\t\t\t\t<\/div>\n\t\t\t\t\t\t\t\t<\/div>\n\t\t\t\t<\/div>\n\t\t\t\t<div class=\"elementor-element elementor-element-b4c204c elementor-widget elementor-widget-image\" data-id=\"b4c204c\" data-element_type=\"widget\" data-widget_type=\"image.default\">\n\t\t\t\t<div class=\"elementor-widget-container\">\n\t\t\t\t\t\t\t\t\t\t\t\t\t\t\t<img fetchpriority=\"high\" decoding=\"async\" width=\"1120\" height=\"460\" src=\"https:\/\/tinaztepedis.com\/wp-content\/uploads\/2022\/11\/periodontoloji.jpg\" class=\"attachment-full size-full wp-image-1304\" alt=\"\" srcset=\"https:\/\/tinaztepedis.com\/wp-content\/uploads\/2022\/11\/periodontoloji.jpg 1120w, https:\/\/tinaztepedis.com\/wp-content\/uploads\/2022\/11\/periodontoloji-300x123.jpg 300w, https:\/\/tinaztepedis.com\/wp-content\/uploads\/2022\/11\/periodontoloji-1024x421.jpg 1024w, https:\/\/tinaztepedis.com\/wp-content\/uploads\/2022\/11\/periodontoloji-768x315.jpg 768w\" sizes=\"(max-width: 1120px) 100vw, 1120px\" \/>\t\t\t\t\t\t\t\t\t\t\t\t\t\t\t<\/div>\n\t\t\t\t<\/div>\n\t\t\t\t<section class=\"elementor-section elementor-inner-section elementor-element elementor-element-799c5d5 elementor-section-boxed elementor-section-height-default elementor-section-height-default\" data-id=\"799c5d5\" data-element_type=\"section\">\n\t\t\t\t\t\t<div class=\"elementor-container elementor-column-gap-default\">\n\t\t\t\t\t<div class=\"elementor-column elementor-col-100 elementor-inner-column elementor-element elementor-element-2290a73\" data-id=\"2290a73\" data-element_type=\"column\">\n\t\t\t<div class=\"elementor-widget-wrap elementor-element-populated\">\n\t\t\t\t\t\t<div class=\"elementor-element elementor-element-54014cd elementor-widget elementor-widget-heading\" data-id=\"54014cd\" data-element_type=\"widget\" data-widget_type=\"heading.default\">\n\t\t\t\t<div class=\"elementor-widget-container\">\n\t\t\t\t\t<h2 class=\"elementor-heading-title elementor-size-default\">Periodontology<\/h2>\t\t\t\t<\/div>\n\t\t\t\t<\/div>\n\t\t\t\t<div class=\"elementor-element elementor-element-c8b5556 elementor-widget elementor-widget-text-editor\" data-id=\"c8b5556\" data-element_type=\"widget\" data-widget_type=\"text-editor.default\">\n\t\t\t\t<div class=\"elementor-widget-container\">\n\t\t\t\t\t\t\t\t\t<p><span style=\"font-weight: 400;\">In the Department of Periodontology, diagnosis, treatment and maintenance therapy for diseases of surrounding gingival and bone tissues of teeth and implants are carried out. In our department,<\/span><\/p><ul><li><span style=\"font-weight: 400;\">Non-surgical periodontal treatment (scaling removal)<\/span><\/li><li><span style=\"font-weight: 400;\">Dentine hypersensitivity treatments<\/span><\/li><li><span style=\"font-weight: 400;\">Implant applications<\/span><\/li><li><span style=\"font-weight: 400;\">Treatment of gingival recessions<\/span><\/li><li><span style=\"font-weight: 400;\">Sinus lift operations<\/span><\/li><li><span style=\"font-weight: 400;\">Periodontal splint applications<\/span><\/li><li><span style=\"font-weight: 400;\">Soft tissue surgeries (Frenulum operations, gingivectomy\/gingivoplasty, flap operations)<\/span><\/li><li><span style=\"font-weight: 400;\">Soft tissue graft applications<\/span><\/li><li><span style=\"font-weight: 400;\">Preprosthetic surgeries<\/span><\/li><li><span style=\"font-weight: 400;\">Hard tissue surgeries<\/span><\/li><li><span style=\"font-weight: 400;\">Biomaterial applications<\/span><\/li><li><span style=\"font-weight: 400;\">Resective surgeries<\/span><\/li><li><span style=\"font-weight: 400;\">Augmentation processes are carried out.<\/span><\/li><\/ul>\t\t\t\t\t\t\t\t<\/div>\n\t\t\t\t<\/div>\n\t\t\t\t<div class=\"elementor-element elementor-element-c312812 elementor-widget elementor-widget-heading\" data-id=\"c312812\" data-element_type=\"widget\" data-widget_type=\"heading.default\">\n\t\t\t\t<div class=\"elementor-widget-container\">\n\t\t\t\t\t<h2 class=\"elementor-heading-title elementor-size-default\">Get Information<\/h2>\t\t\t\t<\/div>\n\t\t\t\t<\/div>\n\t\t\t\t<div class=\"elementor-element elementor-element-3b0c92e elementor-button-align-stretch elementor-widget elementor-widget-form\" data-id=\"3b0c92e\" data-element_type=\"widget\" data-settings=\"{&quot;step_next_label&quot;:&quot;Next&quot;,&quot;step_previous_label&quot;:&quot;Previous&quot;,&quot;button_width&quot;:&quot;100&quot;,&quot;step_type&quot;:&quot;number_text&quot;,&quot;step_icon_shape&quot;:&quot;circle&quot;}\" data-widget_type=\"form.default\">\n\t\t\t\t<div class=\"elementor-widget-container\">\n\t\t\t\t\t\t\t<form class=\"elementor-form\" method=\"post\" name=\"New Form\">\n\t\t\t<input type=\"hidden\" name=\"post_id\" value=\"1356\"\/>\n\t\t\t<input type=\"hidden\" name=\"form_id\" value=\"3b0c92e\"\/>\n\t\t\t<input type=\"hidden\" name=\"referer_title\" value=\"T\u0131naztepe\" \/>\n\n\t\t\t\n\t\t\t<div class=\"elementor-form-fields-wrapper elementor-labels-above\">\n\t\t\t\t\t\t\t\t<div class=\"elementor-field-type-text elementor-field-group elementor-column elementor-field-group-name elementor-col-100\">\n\t\t\t\t\t\t\t\t\t\t\t\t\t<input size=\"1\" type=\"text\" name=\"form_fields[name]\" id=\"form-field-name\" class=\"elementor-field elementor-size-sm  elementor-field-textual\" placeholder=\"Name Surname\">\n\t\t\t\t\t\t\t\t\t\t\t<\/div>\n\t\t\t\t\t\t\t\t<div class=\"elementor-field-type-tel elementor-field-group elementor-column elementor-field-group-field_2102809 elementor-col-100\">\n\t\t\t\t\t\t\t<input size=\"1\" type=\"tel\" name=\"form_fields[field_2102809]\" id=\"form-field-field_2102809\" class=\"elementor-field elementor-size-sm  elementor-field-textual\" placeholder=\"Phone Number\" pattern=\"[0-9()#&amp;+*-=.]+\" title=\"Only numbers and phone characters (#, -, *, etc) are accepted.\">\n\n\t\t\t\t\t\t<\/div>\n\t\t\t\t\t\t\t\t<div class=\"elementor-field-type-email elementor-field-group elementor-column elementor-field-group-email elementor-col-100 elementor-field-required\">\n\t\t\t\t\t\t\t\t\t\t\t\t\t<input size=\"1\" type=\"email\" name=\"form_fields[email]\" id=\"form-field-email\" class=\"elementor-field elementor-size-sm  elementor-field-textual\" placeholder=\"E-mail\" required=\"required\" aria-required=\"true\">\n\t\t\t\t\t\t\t\t\t\t\t<\/div>\n\t\t\t\t\t\t\t\t<div class=\"elementor-field-type-textarea elementor-field-group elementor-column elementor-field-group-message elementor-col-100\">\n\t\t\t\t\t<textarea class=\"elementor-field-textual elementor-field  elementor-size-sm\" name=\"form_fields[message]\" id=\"form-field-message\" rows=\"4\" placeholder=\"Message\"><\/textarea>\t\t\t\t<\/div>\n\t\t\t\t\t\t\t\t<div class=\"elementor-field-group elementor-column elementor-field-type-submit elementor-col-100 e-form__buttons\">\n\t\t\t\t\t<button class=\"elementor-button elementor-size-sm\" type=\"submit\">\n\t\t\t\t\t\t<span class=\"elementor-button-content-wrapper\">\n\t\t\t\t\t\t\t\t\t\t\t\t\t\t\t\t\t\t\t\t\t\t<span class=\"elementor-button-text\">Send<\/span>\n\t\t\t\t\t\t\t\t\t\t\t\t\t<\/span>\n\t\t\t\t\t<\/button>\n\t\t\t\t<\/div>\n\t\t\t<\/div>\n\t\t<\/form>\n\t\t\t\t\t\t<\/div>\n\t\t\t\t<\/div>\n\t\t\t\t\t<\/div>\n\t\t<\/div>\n\t\t\t\t\t<\/div>\n\t\t<\/section>\n\t\t\t\t\t<\/div>\n\t\t<\/div>\n\t\t\t\t\t<\/div>\n\t\t<\/section>\n\t\t\t\t<section class=\"elementor-section elementor-top-section elementor-element elementor-element-b84cee2 elementor-section-boxed elementor-section-height-default elementor-section-height-default\" data-id=\"b84cee2\" data-element_type=\"section\">\n\t\t\t\t\t\t<div class=\"elementor-container elementor-column-gap-default\">\n\t\t\t\t\t<div class=\"elementor-column elementor-col-100 elementor-top-column elementor-element elementor-element-365e9f0\" data-id=\"365e9f0\" data-element_type=\"column\">\n\t\t\t<div class=\"elementor-widget-wrap\">\n\t\t\t\t\t\t\t<\/div>\n\t\t<\/div>\n\t\t\t\t\t<\/div>\n\t\t<\/section>\n\t\t\t\t<\/div>\n\t\t","protected":false},"excerpt":{"rendered":"<p>IZMIR TINAZTEPE UNIVERSITYORAL AND DENTAL HEALTH CENTERPeriodontology IZMIR TINAZTEPE UNIVERSITYORAL AND DENTAL HEALTH CENTERPeriodontology MAKE AN APPOINTMENT Periodontology In the Department of Periodontology, diagnosis, treatment and maintenance therapy for diseases of surrounding gingival and bone tissues of teeth and implants are carried out. In our department, Non-surgical periodontal treatment (scaling removal) Dentine hypersensitivity treatments Implant [&hellip;]<\/p>\n","protected":false},"author":1,"featured_media":0,"parent":0,"menu_order":0,"comment_status":"closed","ping_status":"closed","template":"elementor_header_footer","meta":{"footnotes":""},"class_list":["post-1356","page","type-page","status-publish","hentry"],"yoast_head":"<!-- This site is optimized with the Yoast SEO plugin v24.2 - https:\/\/yoast.com\/wordpress\/plugins\/seo\/ -->\n<title>PERIODONTOLOGY - T\u0131naztepe<\/title>\n<meta name=\"robots\" content=\"index, follow, max-snippet:-1, max-image-preview:large, max-video-preview:-1\" \/>\n<link rel=\"canonical\" href=\"https:\/\/tinaztepedis.com\/en\/periodontology\/\" \/>\n<meta property=\"og:locale\" content=\"en_US\" \/>\n<meta property=\"og:type\" content=\"article\" \/>\n<meta property=\"og:title\" content=\"PERIODONTOLOGY - T\u0131naztepe\" \/>\n<meta property=\"og:description\" content=\"IZMIR TINAZTEPE UNIVERSITYORAL AND DENTAL HEALTH CENTERPeriodontology IZMIR TINAZTEPE UNIVERSITYORAL AND DENTAL HEALTH CENTERPeriodontology MAKE AN APPOINTMENT Periodontology In the Department of Periodontology, diagnosis, treatment and maintenance therapy for diseases of surrounding gingival and bone tissues of teeth and implants are carried out. In our department, Non-surgical periodontal treatment (scaling removal) Dentine hypersensitivity treatments Implant [&hellip;]\" \/>\n<meta property=\"og:url\" content=\"https:\/\/tinaztepedis.com\/en\/periodontology\/\" \/>\n<meta property=\"og:site_name\" content=\"T\u0131naztepe\" \/>\n<meta property=\"article:modified_time\" content=\"2023-01-27T06:57:21+00:00\" \/>\n<meta property=\"og:image\" content=\"https:\/\/tinaztepedis.com\/wp-content\/uploads\/2022\/11\/periodontoloji.jpg\" \/>\n<meta name=\"twitter:card\" content=\"summary_large_image\" \/>\n<meta name=\"twitter:label1\" content=\"Est. reading time\" \/>\n\t<meta name=\"twitter:data1\" content=\"1 minute\" \/>\n<script type=\"application\/ld+json\" class=\"yoast-schema-graph\">{\"@context\":\"https:\/\/schema.org\",\"@graph\":[{\"@type\":\"WebPage\",\"@id\":\"https:\/\/tinaztepedis.com\/en\/periodontology\/\",\"url\":\"https:\/\/tinaztepedis.com\/en\/periodontology\/\",\"name\":\"PERIODONTOLOGY - T\u0131naztepe\",\"isPartOf\":{\"@id\":\"https:\/\/tinaztepedis.com\/#website\"},\"primaryImageOfPage\":{\"@id\":\"https:\/\/tinaztepedis.com\/en\/periodontology\/#primaryimage\"},\"image\":{\"@id\":\"https:\/\/tinaztepedis.com\/en\/periodontology\/#primaryimage\"},\"thumbnailUrl\":\"https:\/\/tinaztepedis.com\/wp-content\/uploads\/2022\/11\/periodontoloji.jpg\",\"datePublished\":\"2022-11-03T08:30:51+00:00\",\"dateModified\":\"2023-01-27T06:57:21+00:00\",\"breadcrumb\":{\"@id\":\"https:\/\/tinaztepedis.com\/en\/periodontology\/#breadcrumb\"},\"inLanguage\":\"en-US\",\"potentialAction\":[{\"@type\":\"ReadAction\",\"target\":[\"https:\/\/tinaztepedis.com\/en\/periodontology\/\"]}]},{\"@type\":\"ImageObject\",\"inLanguage\":\"en-US\",\"@id\":\"https:\/\/tinaztepedis.com\/en\/periodontology\/#primaryimage\",\"url\":\"https:\/\/tinaztepedis.com\/wp-content\/uploads\/2022\/11\/periodontoloji.jpg\",\"contentUrl\":\"https:\/\/tinaztepedis.com\/wp-content\/uploads\/2022\/11\/periodontoloji.jpg\"},{\"@type\":\"BreadcrumbList\",\"@id\":\"https:\/\/tinaztepedis.com\/en\/periodontology\/#breadcrumb\",\"itemListElement\":[{\"@type\":\"ListItem\",\"position\":1,\"name\":\"Anasayfa\",\"item\":\"https:\/\/tinaztepedis.com\/en\/\"},{\"@type\":\"ListItem\",\"position\":2,\"name\":\"PERIODONTOLOGY\"}]},{\"@type\":\"WebSite\",\"@id\":\"https:\/\/tinaztepedis.com\/#website\",\"url\":\"https:\/\/tinaztepedis.com\/\",\"name\":\"T\u0131naztepe\",\"description\":\"A\u011f\u0131z ve Di\u015f Sa\u011fl\u0131\u011f\u0131 Uygulama ve Ara\u015ft\u0131rma Merkezi\",\"potentialAction\":[{\"@type\":\"SearchAction\",\"target\":{\"@type\":\"EntryPoint\",\"urlTemplate\":\"https:\/\/tinaztepedis.com\/?s={search_term_string}\"},\"query-input\":{\"@type\":\"PropertyValueSpecification\",\"valueRequired\":true,\"valueName\":\"search_term_string\"}}],\"inLanguage\":\"en-US\"}]}<\/script>\n<!-- \/ Yoast SEO plugin. -->","yoast_head_json":{"title":"PERIODONTOLOGY - T\u0131naztepe","robots":{"index":"index","follow":"follow","max-snippet":"max-snippet:-1","max-image-preview":"max-image-preview:large","max-video-preview":"max-video-preview:-1"},"canonical":"https:\/\/tinaztepedis.com\/en\/periodontology\/","og_locale":"en_US","og_type":"article","og_title":"PERIODONTOLOGY - T\u0131naztepe","og_description":"IZMIR TINAZTEPE UNIVERSITYORAL AND DENTAL HEALTH CENTERPeriodontology IZMIR TINAZTEPE UNIVERSITYORAL AND DENTAL HEALTH CENTERPeriodontology MAKE AN APPOINTMENT Periodontology In the Department of Periodontology, diagnosis, treatment and maintenance therapy for diseases of surrounding gingival and bone tissues of teeth and implants are carried out. In our department, Non-surgical periodontal treatment (scaling removal) Dentine hypersensitivity treatments Implant [&hellip;]","og_url":"https:\/\/tinaztepedis.com\/en\/periodontology\/","og_site_name":"T\u0131naztepe","article_modified_time":"2023-01-27T06:57:21+00:00","og_image":[{"url":"https:\/\/tinaztepedis.com\/wp-content\/uploads\/2022\/11\/periodontoloji.jpg","type":"","width":"","height":""}],"twitter_card":"summary_large_image","twitter_misc":{"Est. reading time":"1 minute"},"schema":{"@context":"https:\/\/schema.org","@graph":[{"@type":"WebPage","@id":"https:\/\/tinaztepedis.com\/en\/periodontology\/","url":"https:\/\/tinaztepedis.com\/en\/periodontology\/","name":"PERIODONTOLOGY - T\u0131naztepe","isPartOf":{"@id":"https:\/\/tinaztepedis.com\/#website"},"primaryImageOfPage":{"@id":"https:\/\/tinaztepedis.com\/en\/periodontology\/#primaryimage"},"image":{"@id":"https:\/\/tinaztepedis.com\/en\/periodontology\/#primaryimage"},"thumbnailUrl":"https:\/\/tinaztepedis.com\/wp-content\/uploads\/2022\/11\/periodontoloji.jpg","datePublished":"2022-11-03T08:30:51+00:00","dateModified":"2023-01-27T06:57:21+00:00","breadcrumb":{"@id":"https:\/\/tinaztepedis.com\/en\/periodontology\/#breadcrumb"},"inLanguage":"en-US","potentialAction":[{"@type":"ReadAction","target":["https:\/\/tinaztepedis.com\/en\/periodontology\/"]}]},{"@type":"ImageObject","inLanguage":"en-US","@id":"https:\/\/tinaztepedis.com\/en\/periodontology\/#primaryimage","url":"https:\/\/tinaztepedis.com\/wp-content\/uploads\/2022\/11\/periodontoloji.jpg","contentUrl":"https:\/\/tinaztepedis.com\/wp-content\/uploads\/2022\/11\/periodontoloji.jpg"},{"@type":"BreadcrumbList","@id":"https:\/\/tinaztepedis.com\/en\/periodontology\/#breadcrumb","itemListElement":[{"@type":"ListItem","position":1,"name":"Anasayfa","item":"https:\/\/tinaztepedis.com\/en\/"},{"@type":"ListItem","position":2,"name":"PERIODONTOLOGY"}]},{"@type":"WebSite","@id":"https:\/\/tinaztepedis.com\/#website","url":"https:\/\/tinaztepedis.com\/","name":"T\u0131naztepe","description":"A\u011f\u0131z ve Di\u015f Sa\u011fl\u0131\u011f\u0131 Uygulama ve Ara\u015ft\u0131rma Merkezi","potentialAction":[{"@type":"SearchAction","target":{"@type":"EntryPoint","urlTemplate":"https:\/\/tinaztepedis.com\/?s={search_term_string}"},"query-input":{"@type":"PropertyValueSpecification","valueRequired":true,"valueName":"search_term_string"}}],"inLanguage":"en-US"}]}},"_links":{"self":[{"href":"https:\/\/tinaztepedis.com\/en\/wp-json\/wp\/v2\/pages\/1356","targetHints":{"allow":["GET"]}}],"collection":[{"href":"https:\/\/tinaztepedis.com\/en\/wp-json\/wp\/v2\/pages"}],"about":[{"href":"https:\/\/tinaztepedis.com\/en\/wp-json\/wp\/v2\/types\/page"}],"author":[{"embeddable":true,"href":"https:\/\/tinaztepedis.com\/en\/wp-json\/wp\/v2\/users\/1"}],"replies":[{"embeddable":true,"href":"https:\/\/tinaztepedis.com\/en\/wp-json\/wp\/v2\/comments?post=1356"}],"version-history":[{"count":12,"href":"https:\/\/tinaztepedis.com\/en\/wp-json\/wp\/v2\/pages\/1356\/revisions"}],"predecessor-version":[{"id":1902,"href":"https:\/\/tinaztepedis.com\/en\/wp-json\/wp\/v2\/pages\/1356\/revisions\/1902"}],"wp:attachment":[{"href":"https:\/\/tinaztepedis.com\/en\/wp-json\/wp\/v2\/media?parent=1356"}],"curies":[{"name":"wp","href":"https:\/\/api.w.org\/{rel}","templated":true}]}}