{"id":4113,"date":"2023-05-08T10:27:20","date_gmt":"2023-05-08T10:27:20","guid":{"rendered":"https:\/\/tinaztepedis.com\/kvkk\/"},"modified":"2025-01-03T15:35:57","modified_gmt":"2025-01-03T15:35:57","slug":"kvkk","status":"publish","type":"page","link":"https:\/\/tinaztepedis.com\/en\/kvkk\/","title":{"rendered":"KVKK"},"content":{"rendered":"\t\t<div data-elementor-type=\"wp-page\" data-elementor-id=\"4113\" class=\"elementor elementor-4113 elementor-2679\" data-elementor-post-type=\"page\">\n\t\t\t\t\t\t<section class=\"elementor-section elementor-top-section elementor-element elementor-element-02e10e7 elementor-section-full_width elementor-hidden-mobile elementor-section-height-default elementor-section-height-default\" data-id=\"02e10e7\" data-element_type=\"section\">\n\t\t\t\t\t\t<div class=\"elementor-container elementor-column-gap-default\">\n\t\t\t\t\t<div class=\"elementor-column elementor-col-100 elementor-top-column elementor-element elementor-element-8e5511b\" data-id=\"8e5511b\" data-element_type=\"column\">\n\t\t\t<div class=\"elementor-widget-wrap elementor-element-populated\">\n\t\t\t\t\t\t<div class=\"elementor-element elementor-element-6e718ce elementor--h-position-left elementor-widget__width-inherit elementor--v-position-middle elementor-arrows-position-inside elementor-pagination-position-inside elementor-widget elementor-widget-slides\" data-id=\"6e718ce\" data-element_type=\"widget\" data-settings=\"{&quot;navigation&quot;:&quot;both&quot;,&quot;autoplay&quot;:&quot;yes&quot;,&quot;pause_on_hover&quot;:&quot;yes&quot;,&quot;pause_on_interaction&quot;:&quot;yes&quot;,&quot;autoplay_speed&quot;:5000,&quot;infinite&quot;:&quot;yes&quot;,&quot;transition&quot;:&quot;slide&quot;,&quot;transition_speed&quot;:500}\" data-widget_type=\"slides.default\">\n\t\t\t\t<div class=\"elementor-widget-container\">\n\t\t\t\t\t\t\t\t\t<div class=\"elementor-swiper\">\n\t\t\t\t\t<div class=\"elementor-slides-wrapper elementor-main-swiper swiper\" role=\"region\" aria-roledescription=\"carousel\" aria-label=\"Slides\" dir=\"ltr\" data-animation=\"fadeInUp\">\n\t\t\t\t<div class=\"swiper-wrapper elementor-slides\">\n\t\t\t\t\t\t\t\t\t\t<div class=\"elementor-repeater-item-6af89cd swiper-slide\" role=\"group\" aria-roledescription=\"slide\"><div class=\"swiper-slide-bg\" role=\"img\"><\/div><div class=\"swiper-slide-inner\" ><div class=\"swiper-slide-contents\"><div class=\"elementor-slide-heading\">\u0130ZM\u0130R TINAZTEPE UNIVERSITY <br>FACULTY OF DENTISTRY DENTAL HOSPITAL<\/div><div class=\"elementor-slide-description\">KVKK<\/div><\/div><\/div><\/div>\t\t\t\t<\/div>\n\t\t\t\t\t\t\t<\/div>\n\t\t\t\t<\/div>\n\t\t\t\t\t\t\t\t<\/div>\n\t\t\t\t<\/div>\n\t\t\t\t\t<\/div>\n\t\t<\/div>\n\t\t\t\t\t<\/div>\n\t\t<\/section>\n\t\t\t\t<section class=\"elementor-section elementor-top-section elementor-element elementor-element-20d8a63 elementor-section-full_width elementor-hidden-desktop elementor-hidden-tablet elementor-section-height-default elementor-section-height-default\" data-id=\"20d8a63\" data-element_type=\"section\">\n\t\t\t\t\t\t<div class=\"elementor-container elementor-column-gap-default\">\n\t\t\t\t\t<div class=\"elementor-column elementor-col-100 elementor-top-column elementor-element elementor-element-b8474f9\" data-id=\"b8474f9\" data-element_type=\"column\">\n\t\t\t<div class=\"elementor-widget-wrap elementor-element-populated\">\n\t\t\t\t\t\t<div class=\"elementor-element elementor-element-27a8f97 elementor-widget__width-inherit elementor--v-position-bottom elementor--h-position-center elementor-arrows-position-inside elementor-pagination-position-inside elementor-widget elementor-widget-slides\" data-id=\"27a8f97\" data-element_type=\"widget\" data-settings=\"{&quot;navigation&quot;:&quot;both&quot;,&quot;autoplay&quot;:&quot;yes&quot;,&quot;pause_on_hover&quot;:&quot;yes&quot;,&quot;pause_on_interaction&quot;:&quot;yes&quot;,&quot;autoplay_speed&quot;:5000,&quot;infinite&quot;:&quot;yes&quot;,&quot;transition&quot;:&quot;slide&quot;,&quot;transition_speed&quot;:500}\" data-widget_type=\"slides.default\">\n\t\t\t\t<div class=\"elementor-widget-container\">\n\t\t\t\t\t\t\t\t\t<div class=\"elementor-swiper\">\n\t\t\t\t\t<div class=\"elementor-slides-wrapper elementor-main-swiper swiper\" role=\"region\" aria-roledescription=\"carousel\" aria-label=\"Slides\" dir=\"ltr\" data-animation=\"fadeInUp\">\n\t\t\t\t<div class=\"swiper-wrapper elementor-slides\">\n\t\t\t\t\t\t\t\t\t\t<div class=\"elementor-repeater-item-6af89cd swiper-slide\" role=\"group\" aria-roledescription=\"slide\"><div class=\"swiper-slide-bg\" role=\"img\"><\/div><div class=\"swiper-slide-inner\" ><div class=\"swiper-slide-contents\"><div class=\"elementor-slide-heading\">\u0130ZM\u0130R TINAZTEPE UNIVERSITY FACULTY OF DENTISTRY DENTAL HOSPITAL<\/div><div class=\"elementor-slide-description\">KVKK<\/div><div  class=\"elementor-button elementor-slide-button elementor-size-sm\">Ke\u015ffedin<\/div><\/div><\/div><\/div>\t\t\t\t<\/div>\n\t\t\t\t\t\t\t<\/div>\n\t\t\t\t<\/div>\n\t\t\t\t\t\t\t\t<\/div>\n\t\t\t\t<\/div>\n\t\t\t\t\t<\/div>\n\t\t<\/div>\n\t\t\t\t\t<\/div>\n\t\t<\/section>\n\t\t\t\t<section class=\"elementor-section elementor-top-section elementor-element elementor-element-32bb0f3 elementor-section-boxed elementor-section-height-default elementor-section-height-default\" data-id=\"32bb0f3\" data-element_type=\"section\">\n\t\t\t\t\t\t<div class=\"elementor-container elementor-column-gap-default\">\n\t\t\t\t\t<div class=\"elementor-column elementor-col-100 elementor-top-column elementor-element elementor-element-160b02e\" data-id=\"160b02e\" data-element_type=\"column\">\n\t\t\t<div class=\"elementor-widget-wrap elementor-element-populated\">\n\t\t\t\t\t\t<section class=\"elementor-section elementor-inner-section elementor-element elementor-element-799c5d5 elementor-section-boxed elementor-section-height-default elementor-section-height-default\" data-id=\"799c5d5\" data-element_type=\"section\">\n\t\t\t\t\t\t<div class=\"elementor-container elementor-column-gap-default\">\n\t\t\t\t\t<div class=\"elementor-column elementor-col-100 elementor-inner-column elementor-element elementor-element-2290a73\" data-id=\"2290a73\" data-element_type=\"column\">\n\t\t\t<div class=\"elementor-widget-wrap elementor-element-populated\">\n\t\t\t\t\t\t<div class=\"elementor-element elementor-element-c8b5556 elementor-widget elementor-widget-text-editor\" data-id=\"c8b5556\" data-element_type=\"widget\" data-widget_type=\"text-editor.default\">\n\t\t\t\t<div class=\"elementor-widget-container\">\n\t\t\t\t\t\t\t\t\t<p><strong>Protection of Personal Data<\/strong><\/p><p><strong>CONSENT FORM FOR THE PROTECTION OF PERSONAL DATA<\/strong><\/p><p>I have read and understood the Disclosure Statement related to the Law on the Protection of Personal Data No. 6698, announced by \u0130zmir T\u0131naztepe University Oral and Dental Health Application and Research Center. I have been informed about the processing of my personal data by \u0130zmir T\u0131naztepe University Oral and Dental Health Application and Research Center within the purposes outlined below.<\/p><p>In this regard, I give my explicit consent for my personal data to be processed in compliance with the Law on the Protection of Personal Data No. 6698 by your institution. My data may be processed for purposes such as retaining necessary information as required by law, providing products\/services to the patients and personnel of \u0130zmir T\u0131naztepe University Oral and Dental Health Application and Research Center, procuring products and\/or services from suppliers or manufacturers, establishing and fulfilling commercial relations with or without contracts, identifying and controlling the parties signing the relevant documents, and recording identity, address, tax numbers, and other details for identifying the owners and parties of any applications, work, and processes. These purposes include organizing documents for activities conducted on paper or electronically and sharing information with individuals specified in the Disclosure Statement, as required by legal or operational needs.<\/p><p>Additionally, I understand that students assigned for educational and research purposes may participate in designated examinations, treatments, care, observations, operations, and similar healthcare service applications, and I provide my explicit consent for this matter after being informed and without any reservations.<\/p><p><strong>DISCLOSURE STATEMENT REGARDING THE PROTECTION OF PERSONAL DATA<\/strong><\/p><p><strong>PURPOSES OF COLLECTION AND PROCESSING OF YOUR PERSONAL DATA<\/strong><\/p><p>The \u0130zmir T\u0131naztepe University Oral and Dental Health Application and Research Center processes your personal data in accordance with Article 20 of the Constitution and Article 4 of the Law on the Protection of Personal Data No. 6698, as well as the Health Services Basic Law, Private Hospitals Regulation, Private Health Insurance Regulation, Medical Laboratories Regulation, Regulation on the Quality and Safety of Human Tissue and Cells and Related Centers, Law on Organ and Tissue Procurement, Storage and Transplantation, Regulation on Processing Personal Health Data, and Patient Rights Regulation. The Center also processes your data in accordance with other applicable legislation to which it is subject as a healthcare provider.<\/p><p>Your personal data are retained for the periods stipulated by relevant legislation. They are collected and processed to ensure the provision of the best healthcare services and to fulfill the Center\u2019s contractual and legal obligations. Personal data may vary depending on the healthcare services provided and can be collected verbally, in writing, physically, or electronically through call centers, websites, online services, and similar means.<\/p><p><strong>DATA PROCESSED UNDER THE LAW ON THE PROTECTION OF PERSONAL DATA (KVKK)<\/strong><\/p><p>The primary general and special categories of personal data processed for the purposes of providing healthcare services include:<\/p><table><thead><tr><th><strong>Category<\/strong><\/th><th><strong>Details<\/strong><\/th><\/tr><\/thead><tbody><tr><td><strong>Identity Information<\/strong><\/td><td>Name, Surname, Turkish ID Number, Passport Number for non-citizens, Turkish ID Card details, Place and Date of Birth, Marital Status, Parent&#8217;s Names<\/td><\/tr><tr><td><strong>Contact Information<\/strong><\/td><td>Phone number, Email address, Address (Home, Work)<\/td><\/tr><tr><td><strong>Financial Information<\/strong><\/td><td>Bank\/credit card details, Financial transaction details, IBAN number, Payment details<\/td><\/tr><tr><td><strong>Special Categories<\/strong><\/td><td>Finger\/handprint for SGK-financed services, lab and radiology results, medical diagnoses, genetic data, and other health-related data<\/td><\/tr><tr><td><strong>Other Data<\/strong><\/td><td>Call center records, feedback and suggestions, insurance-related information<\/td><\/tr><tr><td><strong>Remote Access Data<\/strong><\/td><td>IP address, browsing information, Wi-Fi data, and other similar information collected via websites and mobile applications<\/td><\/tr><\/tbody><\/table><p><strong>PURPOSES OF PROCESSING AND CONDITIONS FOR TRANSFERRING PERSONAL DATA<\/strong><\/p><p>Your personal and special category personal data may be processed and transferred for:<\/p><ul><li>Fulfilling legal obligations;<\/li><li>Protecting public health, providing preventive healthcare, and conducting medical diagnosis, treatment, and care services;<\/li><li>Ensuring the provision and financing of healthcare services;<\/li><li>Conducting quality control and improving healthcare services;<\/li><li>Communicating promotional, campaign-related, and service-related information through your contact details;<\/li><li>Enabling students to participate in medical applications for educational and research purposes.<\/li><\/ul><p>Your data may be shared with relevant public institutions, business partners, contracted organizations, insurance companies, legal representatives, consultants, and others as specified in the Disclosure Statement.<\/p><p><strong>SURVEILLANCE SYSTEMS AT THE CENTER<\/strong><\/p><p>Surveillance cameras are used within the \u0130zmir T\u0131naztepe University Oral and Dental Health Application and Research Center for security purposes. Furthermore, recordings of surgeries may be made in operating rooms for ensuring staff safety, in compliance with applicable regulations.<\/p><p><strong>ACCURACY AND UPDATING OF CONTACT INFORMATION<\/strong><\/p><p>You are responsible for the accuracy and current status of the contact information provided to the Center. Any failure to notify changes may result in liability under applicable laws.<\/p><p><strong>PARTICIPATION OF UNIVERSITY STUDENTS IN MEDICAL PRACTICES<\/strong><\/p><p>Students from \u0130zmir T\u0131naztepe University\u2019s health programs may participate in medical services for educational purposes under the supervision of authorized healthcare personnel.<\/p><p><strong>YOUR RIGHTS UNDER THE PROTECTION OF PERSONAL DATA LAW<\/strong><\/p><p>As a data subject, you have the right to:<\/p><ul><li>Request information about the processing of your data;<\/li><li>Learn the purposes of processing and whether your data are used for the intended purposes;<\/li><li>Request correction, deletion, or destruction of your data if processed inaccurately;<\/li><li>Object to the processing of your data in specific cases.<\/li><\/ul><p>You may submit your requests to the Center in writing or via the designated online channels as specified on <a href=\"https:\/\/tinaztepedis.com\" target=\"_new\" rel=\"noopener\">https:\/\/tinaztepedis.com<\/a>.<\/p>\t\t\t\t\t\t\t\t<\/div>\n\t\t\t\t<\/div>\n\t\t\t\t\t<\/div>\n\t\t<\/div>\n\t\t\t\t\t<\/div>\n\t\t<\/section>\n\t\t\t\t\t<\/div>\n\t\t<\/div>\n\t\t\t\t\t<\/div>\n\t\t<\/section>\n\t\t\t\t<\/div>\n\t\t","protected":false},"excerpt":{"rendered":"<p>\u0130ZM\u0130R TINAZTEPE UNIVERSITY FACULTY OF DENTISTRY DENTAL HOSPITALKVKK \u0130ZM\u0130R TINAZTEPE UNIVERSITY FACULTY OF DENTISTRY DENTAL HOSPITALKVKKKe\u015ffedin Protection of Personal Data CONSENT FORM FOR THE PROTECTION OF PERSONAL DATA I have read and understood the Disclosure Statement related to the Law on the Protection of Personal Data No. 6698, announced by \u0130zmir T\u0131naztepe University Oral and [&hellip;]<\/p>\n","protected":false},"author":1,"featured_media":0,"parent":0,"menu_order":0,"comment_status":"closed","ping_status":"closed","template":"elementor_header_footer","meta":{"footnotes":""},"class_list":["post-4113","page","type-page","status-publish","hentry"],"yoast_head":"<!-- This site is optimized with the Yoast SEO plugin v24.2 - https:\/\/yoast.com\/wordpress\/plugins\/seo\/ -->\n<title>KVKK - T\u0131naztepe<\/title>\n<meta name=\"robots\" content=\"index, follow, max-snippet:-1, max-image-preview:large, max-video-preview:-1\" \/>\n<link rel=\"canonical\" href=\"https:\/\/tinaztepedis.com\/en\/kvkk\/\" \/>\n<meta property=\"og:locale\" content=\"en_US\" \/>\n<meta property=\"og:type\" content=\"article\" \/>\n<meta property=\"og:title\" content=\"KVKK - T\u0131naztepe\" \/>\n<meta property=\"og:description\" content=\"\u0130ZM\u0130R TINAZTEPE UNIVERSITY FACULTY OF DENTISTRY DENTAL HOSPITALKVKK \u0130ZM\u0130R TINAZTEPE UNIVERSITY FACULTY OF DENTISTRY DENTAL HOSPITALKVKKKe\u015ffedin Protection of Personal Data CONSENT FORM FOR THE PROTECTION OF PERSONAL DATA I have read and understood the Disclosure Statement related to the Law on the Protection of Personal Data No. 6698, announced by \u0130zmir T\u0131naztepe University Oral and [&hellip;]\" \/>\n<meta property=\"og:url\" content=\"https:\/\/tinaztepedis.com\/en\/kvkk\/\" \/>\n<meta property=\"og:site_name\" content=\"T\u0131naztepe\" \/>\n<meta property=\"article:modified_time\" content=\"2025-01-03T15:35:57+00:00\" \/>\n<meta name=\"twitter:card\" content=\"summary_large_image\" \/>\n<meta name=\"twitter:label1\" content=\"Est. reading time\" \/>\n\t<meta name=\"twitter:data1\" content=\"4 minutes\" \/>\n<script type=\"application\/ld+json\" class=\"yoast-schema-graph\">{\"@context\":\"https:\/\/schema.org\",\"@graph\":[{\"@type\":\"WebPage\",\"@id\":\"https:\/\/tinaztepedis.com\/en\/kvkk\/\",\"url\":\"https:\/\/tinaztepedis.com\/en\/kvkk\/\",\"name\":\"KVKK - T\u0131naztepe\",\"isPartOf\":{\"@id\":\"https:\/\/tinaztepedis.com\/#website\"},\"datePublished\":\"2023-05-08T10:27:20+00:00\",\"dateModified\":\"2025-01-03T15:35:57+00:00\",\"breadcrumb\":{\"@id\":\"https:\/\/tinaztepedis.com\/en\/kvkk\/#breadcrumb\"},\"inLanguage\":\"en-US\",\"potentialAction\":[{\"@type\":\"ReadAction\",\"target\":[\"https:\/\/tinaztepedis.com\/en\/kvkk\/\"]}]},{\"@type\":\"BreadcrumbList\",\"@id\":\"https:\/\/tinaztepedis.com\/en\/kvkk\/#breadcrumb\",\"itemListElement\":[{\"@type\":\"ListItem\",\"position\":1,\"name\":\"Anasayfa\",\"item\":\"https:\/\/tinaztepedis.com\/en\/\"},{\"@type\":\"ListItem\",\"position\":2,\"name\":\"KVKK\"}]},{\"@type\":\"WebSite\",\"@id\":\"https:\/\/tinaztepedis.com\/#website\",\"url\":\"https:\/\/tinaztepedis.com\/\",\"name\":\"T\u0131naztepe\",\"description\":\"A\u011f\u0131z ve Di\u015f Sa\u011fl\u0131\u011f\u0131 Uygulama ve Ara\u015ft\u0131rma Merkezi\",\"potentialAction\":[{\"@type\":\"SearchAction\",\"target\":{\"@type\":\"EntryPoint\",\"urlTemplate\":\"https:\/\/tinaztepedis.com\/?s={search_term_string}\"},\"query-input\":{\"@type\":\"PropertyValueSpecification\",\"valueRequired\":true,\"valueName\":\"search_term_string\"}}],\"inLanguage\":\"en-US\"}]}<\/script>\n<!-- \/ Yoast SEO plugin. -->","yoast_head_json":{"title":"KVKK - T\u0131naztepe","robots":{"index":"index","follow":"follow","max-snippet":"max-snippet:-1","max-image-preview":"max-image-preview:large","max-video-preview":"max-video-preview:-1"},"canonical":"https:\/\/tinaztepedis.com\/en\/kvkk\/","og_locale":"en_US","og_type":"article","og_title":"KVKK - T\u0131naztepe","og_description":"\u0130ZM\u0130R TINAZTEPE UNIVERSITY FACULTY OF DENTISTRY DENTAL HOSPITALKVKK \u0130ZM\u0130R TINAZTEPE UNIVERSITY FACULTY OF DENTISTRY DENTAL HOSPITALKVKKKe\u015ffedin Protection of Personal Data CONSENT FORM FOR THE PROTECTION OF PERSONAL DATA I have read and understood the Disclosure Statement related to the Law on the Protection of Personal Data No. 6698, announced by \u0130zmir T\u0131naztepe University Oral and [&hellip;]","og_url":"https:\/\/tinaztepedis.com\/en\/kvkk\/","og_site_name":"T\u0131naztepe","article_modified_time":"2025-01-03T15:35:57+00:00","twitter_card":"summary_large_image","twitter_misc":{"Est. reading time":"4 minutes"},"schema":{"@context":"https:\/\/schema.org","@graph":[{"@type":"WebPage","@id":"https:\/\/tinaztepedis.com\/en\/kvkk\/","url":"https:\/\/tinaztepedis.com\/en\/kvkk\/","name":"KVKK - T\u0131naztepe","isPartOf":{"@id":"https:\/\/tinaztepedis.com\/#website"},"datePublished":"2023-05-08T10:27:20+00:00","dateModified":"2025-01-03T15:35:57+00:00","breadcrumb":{"@id":"https:\/\/tinaztepedis.com\/en\/kvkk\/#breadcrumb"},"inLanguage":"en-US","potentialAction":[{"@type":"ReadAction","target":["https:\/\/tinaztepedis.com\/en\/kvkk\/"]}]},{"@type":"BreadcrumbList","@id":"https:\/\/tinaztepedis.com\/en\/kvkk\/#breadcrumb","itemListElement":[{"@type":"ListItem","position":1,"name":"Anasayfa","item":"https:\/\/tinaztepedis.com\/en\/"},{"@type":"ListItem","position":2,"name":"KVKK"}]},{"@type":"WebSite","@id":"https:\/\/tinaztepedis.com\/#website","url":"https:\/\/tinaztepedis.com\/","name":"T\u0131naztepe","description":"A\u011f\u0131z ve Di\u015f Sa\u011fl\u0131\u011f\u0131 Uygulama ve Ara\u015ft\u0131rma Merkezi","potentialAction":[{"@type":"SearchAction","target":{"@type":"EntryPoint","urlTemplate":"https:\/\/tinaztepedis.com\/?s={search_term_string}"},"query-input":{"@type":"PropertyValueSpecification","valueRequired":true,"valueName":"search_term_string"}}],"inLanguage":"en-US"}]}},"_links":{"self":[{"href":"https:\/\/tinaztepedis.com\/en\/wp-json\/wp\/v2\/pages\/4113","targetHints":{"allow":["GET"]}}],"collection":[{"href":"https:\/\/tinaztepedis.com\/en\/wp-json\/wp\/v2\/pages"}],"about":[{"href":"https:\/\/tinaztepedis.com\/en\/wp-json\/wp\/v2\/types\/page"}],"author":[{"embeddable":true,"href":"https:\/\/tinaztepedis.com\/en\/wp-json\/wp\/v2\/users\/1"}],"replies":[{"embeddable":true,"href":"https:\/\/tinaztepedis.com\/en\/wp-json\/wp\/v2\/comments?post=4113"}],"version-history":[{"count":3,"href":"https:\/\/tinaztepedis.com\/en\/wp-json\/wp\/v2\/pages\/4113\/revisions"}],"predecessor-version":[{"id":4120,"href":"https:\/\/tinaztepedis.com\/en\/wp-json\/wp\/v2\/pages\/4113\/revisions\/4120"}],"wp:attachment":[{"href":"https:\/\/tinaztepedis.com\/en\/wp-json\/wp\/v2\/media?parent=4113"}],"curies":[{"name":"wp","href":"https:\/\/api.w.org\/{rel}","templated":true}]}}