{"id":4381,"date":"2025-01-07T15:06:36","date_gmt":"2025-01-07T15:06:36","guid":{"rendered":"https:\/\/tinaztepedis.com\/dt-alperen-bilgi\/"},"modified":"2025-01-09T08:05:18","modified_gmt":"2025-01-09T08:05:18","slug":"dt-alperen-bilgi","status":"publish","type":"page","link":"https:\/\/tinaztepedis.com\/en\/dt-alperen-bilgi\/","title":{"rendered":"Dt. Alperen Bilgi"},"content":{"rendered":"\t\t<div data-elementor-type=\"wp-page\" data-elementor-id=\"4381\" class=\"elementor elementor-4381 elementor-4367\" data-elementor-post-type=\"page\">\n\t\t\t\t\t\t<section class=\"elementor-section elementor-top-section elementor-element elementor-element-3660181 elementor-section-full_width elementor-hidden-mobile elementor-section-height-default elementor-section-height-default\" data-id=\"3660181\" data-element_type=\"section\">\n\t\t\t\t\t\t<div class=\"elementor-container elementor-column-gap-default\">\n\t\t\t\t\t<div class=\"elementor-column elementor-col-100 elementor-top-column elementor-element elementor-element-3926982\" data-id=\"3926982\" data-element_type=\"column\">\n\t\t\t<div class=\"elementor-widget-wrap elementor-element-populated\">\n\t\t\t\t\t\t<div class=\"elementor-element elementor-element-a83c4d4 elementor--h-position-left elementor-widget__width-inherit elementor--v-position-middle elementor-arrows-position-inside elementor-pagination-position-inside elementor-widget elementor-widget-slides\" data-id=\"a83c4d4\" data-element_type=\"widget\" data-settings=\"{&quot;navigation&quot;:&quot;both&quot;,&quot;autoplay&quot;:&quot;yes&quot;,&quot;pause_on_hover&quot;:&quot;yes&quot;,&quot;pause_on_interaction&quot;:&quot;yes&quot;,&quot;autoplay_speed&quot;:5000,&quot;infinite&quot;:&quot;yes&quot;,&quot;transition&quot;:&quot;slide&quot;,&quot;transition_speed&quot;:500}\" data-widget_type=\"slides.default\">\n\t\t\t\t<div class=\"elementor-widget-container\">\n\t\t\t\t\t\t\t\t\t<div class=\"elementor-swiper\">\n\t\t\t\t\t<div class=\"elementor-slides-wrapper elementor-main-swiper swiper\" role=\"region\" aria-roledescription=\"carousel\" aria-label=\"Slides\" dir=\"ltr\" data-animation=\"fadeInUp\">\n\t\t\t\t<div class=\"swiper-wrapper elementor-slides\">\n\t\t\t\t\t\t\t\t\t\t<div class=\"elementor-repeater-item-6af89cd swiper-slide\" role=\"group\" aria-roledescription=\"slide\"><div class=\"swiper-slide-bg\" role=\"img\"><\/div><div class=\"swiper-slide-inner\" ><div class=\"swiper-slide-contents\"><div class=\"elementor-slide-heading\">\u0130ZM\u0130R TINAZTEPE UNIVERSITY<br> FACULTY OF DENTISTRY <br>DENTAL HOSPITAL<\/div><div class=\"elementor-slide-description\">Dt. Alperen Bilgi<\/div><\/div><\/div><\/div>\t\t\t\t<\/div>\n\t\t\t\t\t\t\t<\/div>\n\t\t\t\t<\/div>\n\t\t\t\t\t\t\t\t<\/div>\n\t\t\t\t<\/div>\n\t\t\t\t\t<\/div>\n\t\t<\/div>\n\t\t\t\t\t<\/div>\n\t\t<\/section>\n\t\t\t\t<section class=\"elementor-section elementor-top-section elementor-element elementor-element-c13afa7 elementor-section-full_width elementor-hidden-desktop elementor-hidden-tablet elementor-section-height-default elementor-section-height-default\" data-id=\"c13afa7\" data-element_type=\"section\">\n\t\t\t\t\t\t<div class=\"elementor-container elementor-column-gap-default\">\n\t\t\t\t\t<div class=\"elementor-column elementor-col-100 elementor-top-column elementor-element elementor-element-906e860\" data-id=\"906e860\" data-element_type=\"column\">\n\t\t\t<div class=\"elementor-widget-wrap elementor-element-populated\">\n\t\t\t\t\t\t<div class=\"elementor-element elementor-element-6d54847 elementor-widget__width-inherit elementor--v-position-bottom elementor--h-position-center elementor-arrows-position-inside elementor-pagination-position-inside elementor-widget elementor-widget-slides\" data-id=\"6d54847\" data-element_type=\"widget\" data-settings=\"{&quot;navigation&quot;:&quot;both&quot;,&quot;autoplay&quot;:&quot;yes&quot;,&quot;pause_on_hover&quot;:&quot;yes&quot;,&quot;pause_on_interaction&quot;:&quot;yes&quot;,&quot;autoplay_speed&quot;:5000,&quot;infinite&quot;:&quot;yes&quot;,&quot;transition&quot;:&quot;slide&quot;,&quot;transition_speed&quot;:500}\" data-widget_type=\"slides.default\">\n\t\t\t\t<div class=\"elementor-widget-container\">\n\t\t\t\t\t\t\t\t\t<div class=\"elementor-swiper\">\n\t\t\t\t\t<div class=\"elementor-slides-wrapper elementor-main-swiper swiper\" role=\"region\" aria-roledescription=\"carousel\" aria-label=\"Slides\" dir=\"ltr\" data-animation=\"fadeInUp\">\n\t\t\t\t<div class=\"swiper-wrapper elementor-slides\">\n\t\t\t\t\t\t\t\t\t\t<div class=\"elementor-repeater-item-6af89cd swiper-slide\" role=\"group\" aria-roledescription=\"slide\"><div class=\"swiper-slide-bg\" role=\"img\"><\/div><div class=\"swiper-slide-inner\" ><div class=\"swiper-slide-contents\"><div class=\"elementor-slide-heading\">\u0130ZM\u0130R TINAZTEPE UNIVERSITY FACULTY OF DENTISTRY DENTAL HOSPITAL<\/div><div class=\"elementor-slide-description\">Dt. Alperen Bilgi<\/div><div  class=\"elementor-button elementor-slide-button elementor-size-sm\">Ke\u015ffedin<\/div><\/div><\/div><\/div>\t\t\t\t<\/div>\n\t\t\t\t\t\t\t<\/div>\n\t\t\t\t<\/div>\n\t\t\t\t\t\t\t\t<\/div>\n\t\t\t\t<\/div>\n\t\t\t\t\t<\/div>\n\t\t<\/div>\n\t\t\t\t\t<\/div>\n\t\t<\/section>\n\t\t\t\t<section class=\"elementor-section elementor-top-section elementor-element elementor-element-53e29d1 elementor-section-boxed elementor-section-height-default elementor-section-height-default\" data-id=\"53e29d1\" data-element_type=\"section\">\n\t\t\t\t\t\t<div class=\"elementor-container elementor-column-gap-default\">\n\t\t\t\t\t<div class=\"elementor-column elementor-col-100 elementor-top-column elementor-element elementor-element-db4f387\" data-id=\"db4f387\" data-element_type=\"column\">\n\t\t\t<div class=\"elementor-widget-wrap elementor-element-populated\">\n\t\t\t\t\t\t<section class=\"elementor-section elementor-inner-section elementor-element elementor-element-be63666 elementor-section-boxed elementor-section-height-default elementor-section-height-default\" data-id=\"be63666\" data-element_type=\"section\">\n\t\t\t\t\t\t<div class=\"elementor-container elementor-column-gap-default\">\n\t\t\t\t\t<div class=\"elementor-column elementor-col-50 elementor-inner-column elementor-element elementor-element-45662e4\" data-id=\"45662e4\" data-element_type=\"column\">\n\t\t\t<div class=\"elementor-widget-wrap elementor-element-populated\">\n\t\t\t\t\t\t<div class=\"elementor-element elementor-element-db081a4 elementor-widget elementor-widget-image\" data-id=\"db081a4\" data-element_type=\"widget\" data-widget_type=\"image.default\">\n\t\t\t\t<div class=\"elementor-widget-container\">\n\t\t\t\t\t\t\t\t\t\t\t\t\t\t\t<img fetchpriority=\"high\" decoding=\"async\" width=\"800\" height=\"800\" src=\"https:\/\/tinaztepedis.com\/wp-content\/uploads\/2025\/01\/dt-alperen-bilgi-foto-1024x1024.jpg\" class=\"attachment-large size-large wp-image-4500\" alt=\"\" srcset=\"https:\/\/tinaztepedis.com\/wp-content\/uploads\/2025\/01\/dt-alperen-bilgi-foto-1024x1024.jpg 1024w, https:\/\/tinaztepedis.com\/wp-content\/uploads\/2025\/01\/dt-alperen-bilgi-foto-300x300.jpg 300w, https:\/\/tinaztepedis.com\/wp-content\/uploads\/2025\/01\/dt-alperen-bilgi-foto-150x150.jpg 150w, https:\/\/tinaztepedis.com\/wp-content\/uploads\/2025\/01\/dt-alperen-bilgi-foto-768x768.jpg 768w, https:\/\/tinaztepedis.com\/wp-content\/uploads\/2025\/01\/dt-alperen-bilgi-foto.jpg 1080w\" sizes=\"(max-width: 800px) 100vw, 800px\" \/>\t\t\t\t\t\t\t\t\t\t\t\t\t\t\t<\/div>\n\t\t\t\t<\/div>\n\t\t\t\t\t<\/div>\n\t\t<\/div>\n\t\t\t\t<div class=\"elementor-column elementor-col-50 elementor-inner-column elementor-element elementor-element-196ad50\" data-id=\"196ad50\" data-element_type=\"column\">\n\t\t\t<div class=\"elementor-widget-wrap elementor-element-populated\">\n\t\t\t\t\t\t<div class=\"elementor-element elementor-element-75086b6 elementor-widget elementor-widget-heading\" data-id=\"75086b6\" data-element_type=\"widget\" data-widget_type=\"heading.default\">\n\t\t\t\t<div class=\"elementor-widget-container\">\n\t\t\t\t\t<h2 class=\"elementor-heading-title elementor-size-default\">Dt. Alperen Bilgi<\/h2>\t\t\t\t<\/div>\n\t\t\t\t<\/div>\n\t\t\t\t<div class=\"elementor-element elementor-element-ebe67d0 elementor-widget elementor-widget-heading\" data-id=\"ebe67d0\" data-element_type=\"widget\" data-widget_type=\"heading.default\">\n\t\t\t\t<div class=\"elementor-widget-container\">\n\t\t\t\t\t<h2 class=\"elementor-heading-title elementor-size-default\">Faculty of Dentistry<\/h2>\t\t\t\t<\/div>\n\t\t\t\t<\/div>\n\t\t\t\t<div class=\"elementor-element elementor-element-733b6dd elementor-widget elementor-widget-heading\" data-id=\"733b6dd\" data-element_type=\"widget\" data-widget_type=\"heading.default\">\n\t\t\t\t<div class=\"elementor-widget-container\">\n\t\t\t\t\t<h2 class=\"elementor-heading-title elementor-size-default\">Dentistry<\/h2>\t\t\t\t<\/div>\n\t\t\t\t<\/div>\n\t\t\t\t<div class=\"elementor-element elementor-element-145f191 elementor-widget__width-initial elementor-widget elementor-widget-heading\" data-id=\"145f191\" data-element_type=\"widget\" data-widget_type=\"heading.default\">\n\t\t\t\t<div class=\"elementor-widget-container\">\n\t\t\t\t\t<h2 class=\"elementor-heading-title elementor-size-default\">alperen.bilgi@tinaztepe.edu.tr<\/h2>\t\t\t\t<\/div>\n\t\t\t\t<\/div>\n\t\t\t\t\t<\/div>\n\t\t<\/div>\n\t\t\t\t\t<\/div>\n\t\t<\/section>\n\t\t\t\t\t<\/div>\n\t\t<\/div>\n\t\t\t\t\t<\/div>\n\t\t<\/section>\n\t\t\t\t<section class=\"elementor-section elementor-top-section elementor-element elementor-element-61a1985 elementor-section-boxed elementor-section-height-default elementor-section-height-default\" data-id=\"61a1985\" data-element_type=\"section\">\n\t\t\t\t\t\t<div class=\"elementor-container elementor-column-gap-default\">\n\t\t\t\t\t<div class=\"elementor-column elementor-col-100 elementor-top-column elementor-element elementor-element-f2cf4f9\" data-id=\"f2cf4f9\" data-element_type=\"column\">\n\t\t\t<div class=\"elementor-widget-wrap elementor-element-populated\">\n\t\t\t\t\t\t<section class=\"elementor-section elementor-inner-section elementor-element elementor-element-aec6ca7 elementor-section-boxed elementor-section-height-default elementor-section-height-default\" data-id=\"aec6ca7\" data-element_type=\"section\">\n\t\t\t\t\t\t<div class=\"elementor-container elementor-column-gap-default\">\n\t\t\t\t\t<div class=\"elementor-column elementor-col-100 elementor-inner-column elementor-element elementor-element-e482957\" data-id=\"e482957\" data-element_type=\"column\">\n\t\t\t<div class=\"elementor-widget-wrap elementor-element-populated\">\n\t\t\t\t\t\t<div class=\"elementor-element elementor-element-7af6866 elementor-tabs-alignment-center elementor-tabs-view-horizontal elementor-widget elementor-widget-tabs\" data-id=\"7af6866\" data-element_type=\"widget\" data-widget_type=\"tabs.default\">\n\t\t\t\t<div class=\"elementor-widget-container\">\n\t\t\t\t\t\t\t<div class=\"elementor-tabs\">\n\t\t\t<div class=\"elementor-tabs-wrapper\" role=\"tablist\" >\n\t\t\t\t\t\t\t\t\t<div id=\"elementor-tab-title-1281\" class=\"elementor-tab-title elementor-tab-desktop-title\" aria-selected=\"true\" data-tab=\"1\" role=\"tab\" tabindex=\"0\" aria-controls=\"elementor-tab-content-1281\" aria-expanded=\"false\">Education<\/div>\n\t\t\t\t\t\t\t\t\t<div id=\"elementor-tab-title-1282\" class=\"elementor-tab-title elementor-tab-desktop-title\" aria-selected=\"false\" data-tab=\"2\" role=\"tab\" tabindex=\"-1\" aria-controls=\"elementor-tab-content-1282\" aria-expanded=\"false\">Experience<\/div>\n\t\t\t\t\t\t\t\t\t<div id=\"elementor-tab-title-1283\" class=\"elementor-tab-title elementor-tab-desktop-title\" aria-selected=\"false\" data-tab=\"3\" role=\"tab\" tabindex=\"-1\" aria-controls=\"elementor-tab-content-1283\" aria-expanded=\"false\">Publications and Articles<\/div>\n\t\t\t\t\t\t\t\t\t<div id=\"elementor-tab-title-1284\" class=\"elementor-tab-title elementor-tab-desktop-title\" aria-selected=\"false\" data-tab=\"4\" role=\"tab\" tabindex=\"-1\" aria-controls=\"elementor-tab-content-1284\" aria-expanded=\"false\">Events<\/div>\n\t\t\t\t\t\t\t<\/div>\n\t\t\t<div class=\"elementor-tabs-content-wrapper\" role=\"tablist\" aria-orientation=\"vertical\">\n\t\t\t\t\t\t\t\t\t<div class=\"elementor-tab-title elementor-tab-mobile-title\" aria-selected=\"true\" data-tab=\"1\" role=\"tab\" tabindex=\"0\" aria-controls=\"elementor-tab-content-1281\" aria-expanded=\"false\">Education<\/div>\n\t\t\t\t\t<div id=\"elementor-tab-content-1281\" class=\"elementor-tab-content elementor-clearfix\" data-tab=\"1\" role=\"tabpanel\" aria-labelledby=\"elementor-tab-title-1281\" tabindex=\"0\" hidden=\"false\"><table>\n  <tbody>\n    <tr>\n      <td><strong>Degree<\/strong><\/td>\n      <td><strong>University<\/strong><\/td>\n      <td><strong>Year<\/strong><\/td>\n    <\/tr>\n    <tr>\n      <td>Bachelor&#8217;s Degree<\/td>\n      <td>EGE UNIVERSITY FACULTY OF DENTISTRY<\/td>\n      <td>2017-2022<\/td>\n    <\/tr>\n    <tr>\n      <td><\/td>\n      <td><\/td>\n      <td><\/td>\n    <\/tr>\n    <tr>\n      <td><\/td>\n      <td><\/td>\n      <td><\/td>\n    <\/tr>\n  <\/tbody>\n<\/table><\/div>\n\t\t\t\t\t\t\t\t\t<div class=\"elementor-tab-title elementor-tab-mobile-title\" aria-selected=\"false\" data-tab=\"2\" role=\"tab\" tabindex=\"-1\" aria-controls=\"elementor-tab-content-1282\" aria-expanded=\"false\">Experience<\/div>\n\t\t\t\t\t<div id=\"elementor-tab-content-1282\" class=\"elementor-tab-content elementor-clearfix\" data-tab=\"2\" role=\"tabpanel\" aria-labelledby=\"elementor-tab-title-1282\" tabindex=\"0\" hidden=\"hidden\"><table><thead><tr><td><strong>Job Title<\/strong><\/td><td><strong>Workplace<\/strong><\/td><td><strong>Year<\/strong><\/td><\/tr><\/thead><tbody><tr><td>Dentist<\/td><td>Private Denta Rosa Oral and Dental Health Clinic<\/td><td>2024<\/td><\/tr><tr><td>Dentist<\/td><td>Private Izmirdentalklinik Oral and Dental Health Clinic<\/td><td>2023<\/td><\/tr><tr><td>Dentist<\/td><td>Private Denta Rosa Oral and Dental Health Clinic<\/td><td>2022<\/td><\/tr><\/tbody><\/table><p>Dentist Alperen Bilgi provides high-quality and comprehensive dental care, utilizing a wide range of skills in the field of dentistry. His expertise includes <strong>zirconium crowns<\/strong>, <strong>porcelain crowns<\/strong>, <strong>root canal treatment<\/strong>, <strong>scaling<\/strong>, <strong>restorative procedures<\/strong>, <strong>preventive dentistry<\/strong>, <strong>prosthetics<\/strong>, and <strong>aesthetic dental applications<\/strong>. Additionally, he successfully performs modern dental treatments such as <strong>implant procedures<\/strong>, <strong>tooth extractions<\/strong>, and <strong>teeth whitening<\/strong>. With knowledge in <strong>medical emergencies<\/strong> and <strong>CPR<\/strong>, he ensures a safe treatment process for his patients. Proficient in English (<strong>B2 level<\/strong>), he effectively communicates with international patients. Dentist Alperen Bilgi prioritizes patient satisfaction and aims to provide professional services in oral and dental health.<\/p><\/div>\n\t\t\t\t\t\t\t\t\t<div class=\"elementor-tab-title elementor-tab-mobile-title\" aria-selected=\"false\" data-tab=\"3\" role=\"tab\" tabindex=\"-1\" aria-controls=\"elementor-tab-content-1283\" aria-expanded=\"false\">Publications and Articles<\/div>\n\t\t\t\t\t<div id=\"elementor-tab-content-1283\" class=\"elementor-tab-content elementor-clearfix\" data-tab=\"3\" role=\"tabpanel\" aria-labelledby=\"elementor-tab-title-1283\" tabindex=\"0\" hidden=\"hidden\"><\/div>\n\t\t\t\t\t\t\t\t\t<div class=\"elementor-tab-title elementor-tab-mobile-title\" aria-selected=\"false\" data-tab=\"4\" role=\"tab\" tabindex=\"-1\" aria-controls=\"elementor-tab-content-1284\" aria-expanded=\"false\">Events<\/div>\n\t\t\t\t\t<div id=\"elementor-tab-content-1284\" class=\"elementor-tab-content elementor-clearfix\" data-tab=\"4\" role=\"tabpanel\" aria-labelledby=\"elementor-tab-title-1284\" tabindex=\"0\" hidden=\"hidden\"><\/div>\n\t\t\t\t\t\t\t<\/div>\n\t\t<\/div>\n\t\t\t\t\t\t<\/div>\n\t\t\t\t<\/div>\n\t\t\t\t<div class=\"elementor-element elementor-element-1cadc30 elementor-widget elementor-widget-html\" data-id=\"1cadc30\" data-element_type=\"widget\" data-widget_type=\"html.default\">\n\t\t\t\t<div class=\"elementor-widget-container\">\n\t\t\t\t\t<style>\n    @media screen and (max-width: 650px) {\n        table td, table th {\n    padding: 5px;\n            \n        }\n    \n            .elementor-slide-description {\n            margin-bottom: unset !important;\n        }\n        }\n    }\n<\/style>\t\t\t\t<\/div>\n\t\t\t\t<\/div>\n\t\t\t\t\t<\/div>\n\t\t<\/div>\n\t\t\t\t\t<\/div>\n\t\t<\/section>\n\t\t\t\t\t<\/div>\n\t\t<\/div>\n\t\t\t\t\t<\/div>\n\t\t<\/section>\n\t\t\t\t<\/div>\n\t\t","protected":false},"excerpt":{"rendered":"<p>\u0130ZM\u0130R TINAZTEPE UNIVERSITY FACULTY OF DENTISTRY DENTAL HOSPITALDt. Alperen Bilgi \u0130ZM\u0130R TINAZTEPE UNIVERSITY FACULTY OF DENTISTRY DENTAL HOSPITALDt. Alperen BilgiKe\u015ffedin Dt. Alperen Bilgi Faculty of Dentistry Dentistry alperen.bilgi@tinaztepe.edu.tr Education Experience Publications and Articles Events Education Degree University Year Bachelor&#8217;s Degree EGE UNIVERSITY FACULTY OF DENTISTRY 2017-2022 Experience Job Title Workplace Year Dentist Private Denta Rosa [&hellip;]<\/p>\n","protected":false},"author":1,"featured_media":0,"parent":0,"menu_order":0,"comment_status":"closed","ping_status":"closed","template":"","meta":{"footnotes":""},"class_list":["post-4381","page","type-page","status-publish","hentry"],"yoast_head":"<!-- This site is optimized with the Yoast SEO plugin v24.2 - https:\/\/yoast.com\/wordpress\/plugins\/seo\/ -->\n<title>Dt. Alperen Bilgi - T\u0131naztepe<\/title>\n<meta name=\"robots\" content=\"index, follow, max-snippet:-1, max-image-preview:large, max-video-preview:-1\" \/>\n<link rel=\"canonical\" href=\"https:\/\/tinaztepedis.com\/en\/dt-alperen-bilgi\/\" \/>\n<meta property=\"og:locale\" content=\"en_US\" \/>\n<meta property=\"og:type\" content=\"article\" \/>\n<meta property=\"og:title\" content=\"Dt. Alperen Bilgi - T\u0131naztepe\" \/>\n<meta property=\"og:description\" content=\"\u0130ZM\u0130R TINAZTEPE UNIVERSITY FACULTY OF DENTISTRY DENTAL HOSPITALDt. Alperen Bilgi \u0130ZM\u0130R TINAZTEPE UNIVERSITY FACULTY OF DENTISTRY DENTAL HOSPITALDt. Alperen BilgiKe\u015ffedin Dt. Alperen Bilgi Faculty of Dentistry Dentistry alperen.bilgi@tinaztepe.edu.tr Education Experience Publications and Articles Events Education Degree University Year Bachelor&#8217;s Degree EGE UNIVERSITY FACULTY OF DENTISTRY 2017-2022 Experience Job Title Workplace Year Dentist Private Denta Rosa [&hellip;]\" \/>\n<meta property=\"og:url\" content=\"https:\/\/tinaztepedis.com\/en\/dt-alperen-bilgi\/\" \/>\n<meta property=\"og:site_name\" content=\"T\u0131naztepe\" \/>\n<meta property=\"article:modified_time\" content=\"2025-01-09T08:05:18+00:00\" \/>\n<meta property=\"og:image\" content=\"https:\/\/tinaztepedis.com\/wp-content\/uploads\/2025\/01\/dt-alperen-bilgi-foto.jpg\" \/>\n\t<meta property=\"og:image:width\" content=\"1080\" \/>\n\t<meta property=\"og:image:height\" content=\"1080\" \/>\n\t<meta property=\"og:image:type\" content=\"image\/jpeg\" \/>\n<meta name=\"twitter:card\" content=\"summary_large_image\" \/>\n<meta name=\"twitter:label1\" content=\"Est. reading time\" \/>\n\t<meta name=\"twitter:data1\" content=\"2 minutes\" \/>\n<script type=\"application\/ld+json\" class=\"yoast-schema-graph\">{\"@context\":\"https:\/\/schema.org\",\"@graph\":[{\"@type\":\"WebPage\",\"@id\":\"https:\/\/tinaztepedis.com\/en\/dt-alperen-bilgi\/\",\"url\":\"https:\/\/tinaztepedis.com\/en\/dt-alperen-bilgi\/\",\"name\":\"Dt. Alperen Bilgi - T\u0131naztepe\",\"isPartOf\":{\"@id\":\"https:\/\/tinaztepedis.com\/#website\"},\"primaryImageOfPage\":{\"@id\":\"https:\/\/tinaztepedis.com\/en\/dt-alperen-bilgi\/#primaryimage\"},\"image\":{\"@id\":\"https:\/\/tinaztepedis.com\/en\/dt-alperen-bilgi\/#primaryimage\"},\"thumbnailUrl\":\"https:\/\/tinaztepedis.com\/wp-content\/uploads\/2025\/01\/dt-alperen-bilgi-foto-1024x1024.jpg\",\"datePublished\":\"2025-01-07T15:06:36+00:00\",\"dateModified\":\"2025-01-09T08:05:18+00:00\",\"breadcrumb\":{\"@id\":\"https:\/\/tinaztepedis.com\/en\/dt-alperen-bilgi\/#breadcrumb\"},\"inLanguage\":\"en-US\",\"potentialAction\":[{\"@type\":\"ReadAction\",\"target\":[\"https:\/\/tinaztepedis.com\/en\/dt-alperen-bilgi\/\"]}]},{\"@type\":\"ImageObject\",\"inLanguage\":\"en-US\",\"@id\":\"https:\/\/tinaztepedis.com\/en\/dt-alperen-bilgi\/#primaryimage\",\"url\":\"https:\/\/tinaztepedis.com\/wp-content\/uploads\/2025\/01\/dt-alperen-bilgi-foto-1024x1024.jpg\",\"contentUrl\":\"https:\/\/tinaztepedis.com\/wp-content\/uploads\/2025\/01\/dt-alperen-bilgi-foto-1024x1024.jpg\"},{\"@type\":\"BreadcrumbList\",\"@id\":\"https:\/\/tinaztepedis.com\/en\/dt-alperen-bilgi\/#breadcrumb\",\"itemListElement\":[{\"@type\":\"ListItem\",\"position\":1,\"name\":\"Anasayfa\",\"item\":\"https:\/\/tinaztepedis.com\/en\/\"},{\"@type\":\"ListItem\",\"position\":2,\"name\":\"Dt. Alperen Bilgi\"}]},{\"@type\":\"WebSite\",\"@id\":\"https:\/\/tinaztepedis.com\/#website\",\"url\":\"https:\/\/tinaztepedis.com\/\",\"name\":\"T\u0131naztepe\",\"description\":\"A\u011f\u0131z ve Di\u015f Sa\u011fl\u0131\u011f\u0131 Uygulama ve Ara\u015ft\u0131rma Merkezi\",\"potentialAction\":[{\"@type\":\"SearchAction\",\"target\":{\"@type\":\"EntryPoint\",\"urlTemplate\":\"https:\/\/tinaztepedis.com\/?s={search_term_string}\"},\"query-input\":{\"@type\":\"PropertyValueSpecification\",\"valueRequired\":true,\"valueName\":\"search_term_string\"}}],\"inLanguage\":\"en-US\"}]}<\/script>\n<!-- \/ Yoast SEO plugin. -->","yoast_head_json":{"title":"Dt. Alperen Bilgi - T\u0131naztepe","robots":{"index":"index","follow":"follow","max-snippet":"max-snippet:-1","max-image-preview":"max-image-preview:large","max-video-preview":"max-video-preview:-1"},"canonical":"https:\/\/tinaztepedis.com\/en\/dt-alperen-bilgi\/","og_locale":"en_US","og_type":"article","og_title":"Dt. Alperen Bilgi - T\u0131naztepe","og_description":"\u0130ZM\u0130R TINAZTEPE UNIVERSITY FACULTY OF DENTISTRY DENTAL HOSPITALDt. Alperen Bilgi \u0130ZM\u0130R TINAZTEPE UNIVERSITY FACULTY OF DENTISTRY DENTAL HOSPITALDt. Alperen BilgiKe\u015ffedin Dt. Alperen Bilgi Faculty of Dentistry Dentistry alperen.bilgi@tinaztepe.edu.tr Education Experience Publications and Articles Events Education Degree University Year Bachelor&#8217;s Degree EGE UNIVERSITY FACULTY OF DENTISTRY 2017-2022 Experience Job Title Workplace Year Dentist Private Denta Rosa [&hellip;]","og_url":"https:\/\/tinaztepedis.com\/en\/dt-alperen-bilgi\/","og_site_name":"T\u0131naztepe","article_modified_time":"2025-01-09T08:05:18+00:00","og_image":[{"width":1080,"height":1080,"url":"https:\/\/tinaztepedis.com\/wp-content\/uploads\/2025\/01\/dt-alperen-bilgi-foto.jpg","type":"image\/jpeg"}],"twitter_card":"summary_large_image","twitter_misc":{"Est. reading time":"2 minutes"},"schema":{"@context":"https:\/\/schema.org","@graph":[{"@type":"WebPage","@id":"https:\/\/tinaztepedis.com\/en\/dt-alperen-bilgi\/","url":"https:\/\/tinaztepedis.com\/en\/dt-alperen-bilgi\/","name":"Dt. Alperen Bilgi - T\u0131naztepe","isPartOf":{"@id":"https:\/\/tinaztepedis.com\/#website"},"primaryImageOfPage":{"@id":"https:\/\/tinaztepedis.com\/en\/dt-alperen-bilgi\/#primaryimage"},"image":{"@id":"https:\/\/tinaztepedis.com\/en\/dt-alperen-bilgi\/#primaryimage"},"thumbnailUrl":"https:\/\/tinaztepedis.com\/wp-content\/uploads\/2025\/01\/dt-alperen-bilgi-foto-1024x1024.jpg","datePublished":"2025-01-07T15:06:36+00:00","dateModified":"2025-01-09T08:05:18+00:00","breadcrumb":{"@id":"https:\/\/tinaztepedis.com\/en\/dt-alperen-bilgi\/#breadcrumb"},"inLanguage":"en-US","potentialAction":[{"@type":"ReadAction","target":["https:\/\/tinaztepedis.com\/en\/dt-alperen-bilgi\/"]}]},{"@type":"ImageObject","inLanguage":"en-US","@id":"https:\/\/tinaztepedis.com\/en\/dt-alperen-bilgi\/#primaryimage","url":"https:\/\/tinaztepedis.com\/wp-content\/uploads\/2025\/01\/dt-alperen-bilgi-foto-1024x1024.jpg","contentUrl":"https:\/\/tinaztepedis.com\/wp-content\/uploads\/2025\/01\/dt-alperen-bilgi-foto-1024x1024.jpg"},{"@type":"BreadcrumbList","@id":"https:\/\/tinaztepedis.com\/en\/dt-alperen-bilgi\/#breadcrumb","itemListElement":[{"@type":"ListItem","position":1,"name":"Anasayfa","item":"https:\/\/tinaztepedis.com\/en\/"},{"@type":"ListItem","position":2,"name":"Dt. Alperen Bilgi"}]},{"@type":"WebSite","@id":"https:\/\/tinaztepedis.com\/#website","url":"https:\/\/tinaztepedis.com\/","name":"T\u0131naztepe","description":"A\u011f\u0131z ve Di\u015f Sa\u011fl\u0131\u011f\u0131 Uygulama ve Ara\u015ft\u0131rma Merkezi","potentialAction":[{"@type":"SearchAction","target":{"@type":"EntryPoint","urlTemplate":"https:\/\/tinaztepedis.com\/?s={search_term_string}"},"query-input":{"@type":"PropertyValueSpecification","valueRequired":true,"valueName":"search_term_string"}}],"inLanguage":"en-US"}]}},"_links":{"self":[{"href":"https:\/\/tinaztepedis.com\/en\/wp-json\/wp\/v2\/pages\/4381","targetHints":{"allow":["GET"]}}],"collection":[{"href":"https:\/\/tinaztepedis.com\/en\/wp-json\/wp\/v2\/pages"}],"about":[{"href":"https:\/\/tinaztepedis.com\/en\/wp-json\/wp\/v2\/types\/page"}],"author":[{"embeddable":true,"href":"https:\/\/tinaztepedis.com\/en\/wp-json\/wp\/v2\/users\/1"}],"replies":[{"embeddable":true,"href":"https:\/\/tinaztepedis.com\/en\/wp-json\/wp\/v2\/comments?post=4381"}],"version-history":[{"count":6,"href":"https:\/\/tinaztepedis.com\/en\/wp-json\/wp\/v2\/pages\/4381\/revisions"}],"predecessor-version":[{"id":4518,"href":"https:\/\/tinaztepedis.com\/en\/wp-json\/wp\/v2\/pages\/4381\/revisions\/4518"}],"wp:attachment":[{"href":"https:\/\/tinaztepedis.com\/en\/wp-json\/wp\/v2\/media?parent=4381"}],"curies":[{"name":"wp","href":"https:\/\/api.w.org\/{rel}","templated":true}]}}