{"id":4714,"date":"2024-01-04T11:55:43","date_gmt":"2024-01-04T11:55:43","guid":{"rendered":"https:\/\/tinaztepedis.com\/organizasyon-semasi\/"},"modified":"2025-01-13T13:36:58","modified_gmt":"2025-01-13T13:36:58","slug":"organizational-chart","status":"publish","type":"page","link":"https:\/\/tinaztepedis.com\/en\/organizational-chart\/","title":{"rendered":"Organizational Chart"},"content":{"rendered":"\t\t<div data-elementor-type=\"wp-page\" data-elementor-id=\"4714\" class=\"elementor elementor-4714 elementor-3132\" data-elementor-post-type=\"page\">\n\t\t\t\t\t\t<section class=\"elementor-section elementor-top-section elementor-element elementor-element-4763c2a elementor-section-full_width elementor-hidden-mobile elementor-section-height-default elementor-section-height-default\" data-id=\"4763c2a\" data-element_type=\"section\">\n\t\t\t\t\t\t<div class=\"elementor-container elementor-column-gap-default\">\n\t\t\t\t\t<div class=\"elementor-column elementor-col-100 elementor-top-column elementor-element elementor-element-e791347\" data-id=\"e791347\" data-element_type=\"column\">\n\t\t\t<div class=\"elementor-widget-wrap elementor-element-populated\">\n\t\t\t\t\t\t<div class=\"elementor-element elementor-element-1093a96 elementor--h-position-left elementor-widget__width-inherit elementor--v-position-middle elementor-arrows-position-inside elementor-pagination-position-inside elementor-widget elementor-widget-slides\" data-id=\"1093a96\" data-element_type=\"widget\" data-settings=\"{&quot;navigation&quot;:&quot;both&quot;,&quot;autoplay&quot;:&quot;yes&quot;,&quot;pause_on_hover&quot;:&quot;yes&quot;,&quot;pause_on_interaction&quot;:&quot;yes&quot;,&quot;autoplay_speed&quot;:5000,&quot;infinite&quot;:&quot;yes&quot;,&quot;transition&quot;:&quot;slide&quot;,&quot;transition_speed&quot;:500}\" data-widget_type=\"slides.default\">\n\t\t\t\t<div class=\"elementor-widget-container\">\n\t\t\t\t\t\t\t\t\t<div class=\"elementor-swiper\">\n\t\t\t\t\t<div class=\"elementor-slides-wrapper elementor-main-swiper swiper\" role=\"region\" aria-roledescription=\"carousel\" aria-label=\"Slides\" dir=\"ltr\" data-animation=\"fadeInUp\">\n\t\t\t\t<div class=\"swiper-wrapper elementor-slides\">\n\t\t\t\t\t\t\t\t\t\t<div class=\"elementor-repeater-item-6af89cd swiper-slide\" role=\"group\" aria-roledescription=\"slide\"><div class=\"swiper-slide-bg\" role=\"img\"><\/div><div class=\"swiper-slide-inner\" ><div class=\"swiper-slide-contents\"><div class=\"elementor-slide-heading\">\u0130ZM\u0130R TINAZTEPE UNIVERSITY <br>DENTAL HEALTH <br>CLINICAL AND RESEARCH CENTER<\/div><div class=\"elementor-slide-description\">ORGANIZATIONAL CHART<\/div><\/div><\/div><\/div>\t\t\t\t<\/div>\n\t\t\t\t\t\t\t<\/div>\n\t\t\t\t<\/div>\n\t\t\t\t\t\t\t\t<\/div>\n\t\t\t\t<\/div>\n\t\t\t\t\t<\/div>\n\t\t<\/div>\n\t\t\t\t\t<\/div>\n\t\t<\/section>\n\t\t\t\t<section class=\"elementor-section elementor-top-section elementor-element elementor-element-64ee7fd elementor-section-full_width elementor-hidden-desktop elementor-hidden-tablet elementor-section-height-default elementor-section-height-default\" data-id=\"64ee7fd\" data-element_type=\"section\">\n\t\t\t\t\t\t<div class=\"elementor-container elementor-column-gap-default\">\n\t\t\t\t\t<div class=\"elementor-column elementor-col-100 elementor-top-column elementor-element elementor-element-fb4ca88\" data-id=\"fb4ca88\" data-element_type=\"column\">\n\t\t\t<div class=\"elementor-widget-wrap elementor-element-populated\">\n\t\t\t\t\t\t<div class=\"elementor-element elementor-element-a0672c7 elementor-widget__width-inherit elementor--v-position-bottom elementor--h-position-center elementor-arrows-position-inside elementor-pagination-position-inside elementor-widget elementor-widget-slides\" data-id=\"a0672c7\" data-element_type=\"widget\" data-settings=\"{&quot;navigation&quot;:&quot;both&quot;,&quot;autoplay&quot;:&quot;yes&quot;,&quot;pause_on_hover&quot;:&quot;yes&quot;,&quot;pause_on_interaction&quot;:&quot;yes&quot;,&quot;autoplay_speed&quot;:5000,&quot;infinite&quot;:&quot;yes&quot;,&quot;transition&quot;:&quot;slide&quot;,&quot;transition_speed&quot;:500}\" data-widget_type=\"slides.default\">\n\t\t\t\t<div class=\"elementor-widget-container\">\n\t\t\t\t\t\t\t\t\t<div class=\"elementor-swiper\">\n\t\t\t\t\t<div class=\"elementor-slides-wrapper elementor-main-swiper swiper\" role=\"region\" aria-roledescription=\"carousel\" aria-label=\"Slides\" dir=\"ltr\" data-animation=\"fadeInUp\">\n\t\t\t\t<div class=\"swiper-wrapper elementor-slides\">\n\t\t\t\t\t\t\t\t\t\t<div class=\"elementor-repeater-item-6af89cd swiper-slide\" role=\"group\" aria-roledescription=\"slide\"><div class=\"swiper-slide-bg\" role=\"img\"><\/div><div class=\"swiper-slide-inner\" ><div class=\"swiper-slide-contents\"><div class=\"elementor-slide-heading\">\u0130ZM\u0130R TINAZTEPE UNIVERSITY <br>DENTAL HEALTH <br>CLINICAL AND RESEARCH CENTER<\/div><div class=\"elementor-slide-description\">ORGANIZATIONAL CHART<\/div><div  class=\"elementor-button elementor-slide-button elementor-size-sm\">Ke\u015ffedin<\/div><\/div><\/div><\/div>\t\t\t\t<\/div>\n\t\t\t\t\t\t\t<\/div>\n\t\t\t\t<\/div>\n\t\t\t\t\t\t\t\t<\/div>\n\t\t\t\t<\/div>\n\t\t\t\t\t<\/div>\n\t\t<\/div>\n\t\t\t\t\t<\/div>\n\t\t<\/section>\n\t\t\t\t<section class=\"elementor-section elementor-top-section elementor-element elementor-element-94e6801 elementor-section-boxed elementor-section-height-default elementor-section-height-default\" data-id=\"94e6801\" data-element_type=\"section\">\n\t\t\t\t\t\t<div class=\"elementor-container elementor-column-gap-default\">\n\t\t\t\t\t<div class=\"elementor-column elementor-col-100 elementor-top-column elementor-element elementor-element-ab76362\" data-id=\"ab76362\" data-element_type=\"column\">\n\t\t\t<div class=\"elementor-widget-wrap elementor-element-populated\">\n\t\t\t\t\t\t<div class=\"elementor-element elementor-element-dc6f381 elementor-widget elementor-widget-image\" data-id=\"dc6f381\" data-element_type=\"widget\" data-widget_type=\"image.default\">\n\t\t\t\t<div class=\"elementor-widget-container\">\n\t\t\t\t\t\t\t\t\t\t\t\t\t\t\t<img fetchpriority=\"high\" decoding=\"async\" width=\"983\" height=\"477\" src=\"https:\/\/tinaztepedis.com\/wp-content\/uploads\/2024\/01\/ORGANIZASYON-SEMASI-2.png\" class=\"attachment-full size-full wp-image-3162\" alt=\"\" srcset=\"https:\/\/tinaztepedis.com\/wp-content\/uploads\/2024\/01\/ORGANIZASYON-SEMASI-2.png 983w, https:\/\/tinaztepedis.com\/wp-content\/uploads\/2024\/01\/ORGANIZASYON-SEMASI-2-300x146.png 300w, https:\/\/tinaztepedis.com\/wp-content\/uploads\/2024\/01\/ORGANIZASYON-SEMASI-2-768x373.png 768w\" sizes=\"(max-width: 983px) 100vw, 983px\" \/>\t\t\t\t\t\t\t\t\t\t\t\t\t\t\t<\/div>\n\t\t\t\t<\/div>\n\t\t\t\t\t<\/div>\n\t\t<\/div>\n\t\t\t\t\t<\/div>\n\t\t<\/section>\n\t\t\t\t<\/div>\n\t\t","protected":false},"excerpt":{"rendered":"<p>\u0130ZM\u0130R TINAZTEPE UNIVERSITY DENTAL HEALTH CLINICAL AND RESEARCH CENTERORGANIZATIONAL CHART \u0130ZM\u0130R TINAZTEPE UNIVERSITY DENTAL HEALTH CLINICAL AND RESEARCH CENTERORGANIZATIONAL CHARTKe\u015ffedin<\/p>\n","protected":false},"author":2,"featured_media":0,"parent":0,"menu_order":0,"comment_status":"closed","ping_status":"closed","template":"","meta":{"footnotes":""},"class_list":["post-4714","page","type-page","status-publish","hentry"],"yoast_head":"<!-- This site is optimized with the Yoast SEO plugin v24.2 - https:\/\/yoast.com\/wordpress\/plugins\/seo\/ -->\n<title>Organizational Chart - T\u0131naztepe<\/title>\n<meta name=\"robots\" content=\"index, follow, max-snippet:-1, max-image-preview:large, max-video-preview:-1\" \/>\n<link rel=\"canonical\" href=\"https:\/\/tinaztepedis.com\/en\/organizational-chart\/\" \/>\n<meta property=\"og:locale\" content=\"en_US\" \/>\n<meta property=\"og:type\" content=\"article\" \/>\n<meta property=\"og:title\" content=\"Organizational Chart - T\u0131naztepe\" \/>\n<meta property=\"og:description\" content=\"\u0130ZM\u0130R TINAZTEPE UNIVERSITY DENTAL HEALTH CLINICAL AND RESEARCH CENTERORGANIZATIONAL CHART \u0130ZM\u0130R TINAZTEPE UNIVERSITY DENTAL HEALTH CLINICAL AND RESEARCH CENTERORGANIZATIONAL CHARTKe\u015ffedin\" \/>\n<meta property=\"og:url\" content=\"https:\/\/tinaztepedis.com\/en\/organizational-chart\/\" \/>\n<meta property=\"og:site_name\" content=\"T\u0131naztepe\" \/>\n<meta property=\"article:modified_time\" content=\"2025-01-13T13:36:58+00:00\" \/>\n<meta property=\"og:image\" content=\"https:\/\/tinaztepedis.com\/wp-content\/uploads\/2024\/01\/ORGANIZASYON-SEMASI-2.png\" \/>\n\t<meta property=\"og:image:width\" content=\"983\" \/>\n\t<meta property=\"og:image:height\" content=\"477\" \/>\n\t<meta property=\"og:image:type\" content=\"image\/png\" \/>\n<meta name=\"twitter:card\" content=\"summary_large_image\" \/>\n<meta name=\"twitter:label1\" content=\"Est. reading time\" \/>\n\t<meta name=\"twitter:data1\" content=\"1 minute\" \/>\n<script type=\"application\/ld+json\" class=\"yoast-schema-graph\">{\"@context\":\"https:\/\/schema.org\",\"@graph\":[{\"@type\":\"WebPage\",\"@id\":\"https:\/\/tinaztepedis.com\/en\/organizational-chart\/\",\"url\":\"https:\/\/tinaztepedis.com\/en\/organizational-chart\/\",\"name\":\"Organizational Chart - T\u0131naztepe\",\"isPartOf\":{\"@id\":\"https:\/\/tinaztepedis.com\/#website\"},\"primaryImageOfPage\":{\"@id\":\"https:\/\/tinaztepedis.com\/en\/organizational-chart\/#primaryimage\"},\"image\":{\"@id\":\"https:\/\/tinaztepedis.com\/en\/organizational-chart\/#primaryimage\"},\"thumbnailUrl\":\"https:\/\/tinaztepedis.com\/wp-content\/uploads\/2024\/01\/ORGANIZASYON-SEMASI-2.png\",\"datePublished\":\"2024-01-04T11:55:43+00:00\",\"dateModified\":\"2025-01-13T13:36:58+00:00\",\"breadcrumb\":{\"@id\":\"https:\/\/tinaztepedis.com\/en\/organizational-chart\/#breadcrumb\"},\"inLanguage\":\"en-US\",\"potentialAction\":[{\"@type\":\"ReadAction\",\"target\":[\"https:\/\/tinaztepedis.com\/en\/organizational-chart\/\"]}]},{\"@type\":\"ImageObject\",\"inLanguage\":\"en-US\",\"@id\":\"https:\/\/tinaztepedis.com\/en\/organizational-chart\/#primaryimage\",\"url\":\"https:\/\/tinaztepedis.com\/wp-content\/uploads\/2024\/01\/ORGANIZASYON-SEMASI-2.png\",\"contentUrl\":\"https:\/\/tinaztepedis.com\/wp-content\/uploads\/2024\/01\/ORGANIZASYON-SEMASI-2.png\"},{\"@type\":\"BreadcrumbList\",\"@id\":\"https:\/\/tinaztepedis.com\/en\/organizational-chart\/#breadcrumb\",\"itemListElement\":[{\"@type\":\"ListItem\",\"position\":1,\"name\":\"Anasayfa\",\"item\":\"https:\/\/tinaztepedis.com\/en\/\"},{\"@type\":\"ListItem\",\"position\":2,\"name\":\"Organizational Chart\"}]},{\"@type\":\"WebSite\",\"@id\":\"https:\/\/tinaztepedis.com\/#website\",\"url\":\"https:\/\/tinaztepedis.com\/\",\"name\":\"T\u0131naztepe\",\"description\":\"A\u011f\u0131z ve Di\u015f Sa\u011fl\u0131\u011f\u0131 Uygulama ve Ara\u015ft\u0131rma Merkezi\",\"potentialAction\":[{\"@type\":\"SearchAction\",\"target\":{\"@type\":\"EntryPoint\",\"urlTemplate\":\"https:\/\/tinaztepedis.com\/?s={search_term_string}\"},\"query-input\":{\"@type\":\"PropertyValueSpecification\",\"valueRequired\":true,\"valueName\":\"search_term_string\"}}],\"inLanguage\":\"en-US\"}]}<\/script>\n<!-- \/ Yoast SEO plugin. -->","yoast_head_json":{"title":"Organizational Chart - T\u0131naztepe","robots":{"index":"index","follow":"follow","max-snippet":"max-snippet:-1","max-image-preview":"max-image-preview:large","max-video-preview":"max-video-preview:-1"},"canonical":"https:\/\/tinaztepedis.com\/en\/organizational-chart\/","og_locale":"en_US","og_type":"article","og_title":"Organizational Chart - T\u0131naztepe","og_description":"\u0130ZM\u0130R TINAZTEPE UNIVERSITY DENTAL HEALTH CLINICAL AND RESEARCH CENTERORGANIZATIONAL CHART \u0130ZM\u0130R TINAZTEPE UNIVERSITY DENTAL HEALTH CLINICAL AND RESEARCH CENTERORGANIZATIONAL CHARTKe\u015ffedin","og_url":"https:\/\/tinaztepedis.com\/en\/organizational-chart\/","og_site_name":"T\u0131naztepe","article_modified_time":"2025-01-13T13:36:58+00:00","og_image":[{"width":983,"height":477,"url":"https:\/\/tinaztepedis.com\/wp-content\/uploads\/2024\/01\/ORGANIZASYON-SEMASI-2.png","type":"image\/png"}],"twitter_card":"summary_large_image","twitter_misc":{"Est. reading time":"1 minute"},"schema":{"@context":"https:\/\/schema.org","@graph":[{"@type":"WebPage","@id":"https:\/\/tinaztepedis.com\/en\/organizational-chart\/","url":"https:\/\/tinaztepedis.com\/en\/organizational-chart\/","name":"Organizational Chart - T\u0131naztepe","isPartOf":{"@id":"https:\/\/tinaztepedis.com\/#website"},"primaryImageOfPage":{"@id":"https:\/\/tinaztepedis.com\/en\/organizational-chart\/#primaryimage"},"image":{"@id":"https:\/\/tinaztepedis.com\/en\/organizational-chart\/#primaryimage"},"thumbnailUrl":"https:\/\/tinaztepedis.com\/wp-content\/uploads\/2024\/01\/ORGANIZASYON-SEMASI-2.png","datePublished":"2024-01-04T11:55:43+00:00","dateModified":"2025-01-13T13:36:58+00:00","breadcrumb":{"@id":"https:\/\/tinaztepedis.com\/en\/organizational-chart\/#breadcrumb"},"inLanguage":"en-US","potentialAction":[{"@type":"ReadAction","target":["https:\/\/tinaztepedis.com\/en\/organizational-chart\/"]}]},{"@type":"ImageObject","inLanguage":"en-US","@id":"https:\/\/tinaztepedis.com\/en\/organizational-chart\/#primaryimage","url":"https:\/\/tinaztepedis.com\/wp-content\/uploads\/2024\/01\/ORGANIZASYON-SEMASI-2.png","contentUrl":"https:\/\/tinaztepedis.com\/wp-content\/uploads\/2024\/01\/ORGANIZASYON-SEMASI-2.png"},{"@type":"BreadcrumbList","@id":"https:\/\/tinaztepedis.com\/en\/organizational-chart\/#breadcrumb","itemListElement":[{"@type":"ListItem","position":1,"name":"Anasayfa","item":"https:\/\/tinaztepedis.com\/en\/"},{"@type":"ListItem","position":2,"name":"Organizational Chart"}]},{"@type":"WebSite","@id":"https:\/\/tinaztepedis.com\/#website","url":"https:\/\/tinaztepedis.com\/","name":"T\u0131naztepe","description":"A\u011f\u0131z ve Di\u015f Sa\u011fl\u0131\u011f\u0131 Uygulama ve Ara\u015ft\u0131rma Merkezi","potentialAction":[{"@type":"SearchAction","target":{"@type":"EntryPoint","urlTemplate":"https:\/\/tinaztepedis.com\/?s={search_term_string}"},"query-input":{"@type":"PropertyValueSpecification","valueRequired":true,"valueName":"search_term_string"}}],"inLanguage":"en-US"}]}},"_links":{"self":[{"href":"https:\/\/tinaztepedis.com\/en\/wp-json\/wp\/v2\/pages\/4714","targetHints":{"allow":["GET"]}}],"collection":[{"href":"https:\/\/tinaztepedis.com\/en\/wp-json\/wp\/v2\/pages"}],"about":[{"href":"https:\/\/tinaztepedis.com\/en\/wp-json\/wp\/v2\/types\/page"}],"author":[{"embeddable":true,"href":"https:\/\/tinaztepedis.com\/en\/wp-json\/wp\/v2\/users\/2"}],"replies":[{"embeddable":true,"href":"https:\/\/tinaztepedis.com\/en\/wp-json\/wp\/v2\/comments?post=4714"}],"version-history":[{"count":7,"href":"https:\/\/tinaztepedis.com\/en\/wp-json\/wp\/v2\/pages\/4714\/revisions"}],"predecessor-version":[{"id":4741,"href":"https:\/\/tinaztepedis.com\/en\/wp-json\/wp\/v2\/pages\/4714\/revisions\/4741"}],"wp:attachment":[{"href":"https:\/\/tinaztepedis.com\/en\/wp-json\/wp\/v2\/media?parent=4714"}],"curies":[{"name":"wp","href":"https:\/\/api.w.org\/{rel}","templated":true}]}}