{"id":4893,"date":"2023-02-09T07:58:20","date_gmt":"2023-02-09T07:58:20","guid":{"rendered":"https:\/\/tinaztepedis.com\/implant-tedavisi\/"},"modified":"2025-01-16T14:07:29","modified_gmt":"2025-01-16T14:07:29","slug":"dental-implant-treatment","status":"publish","type":"page","link":"https:\/\/tinaztepedis.com\/en\/dental-implant-treatment\/","title":{"rendered":"Dental Implant Treatment"},"content":{"rendered":"\t\t<div data-elementor-type=\"wp-page\" data-elementor-id=\"4893\" class=\"elementor elementor-4893 elementor-1982\" data-elementor-post-type=\"page\">\n\t\t\t\t\t\t<section class=\"elementor-section elementor-top-section elementor-element elementor-element-3f9f0ba elementor-section-full_width elementor-hidden-mobile elementor-section-height-default elementor-section-height-default\" data-id=\"3f9f0ba\" data-element_type=\"section\">\n\t\t\t\t\t\t<div class=\"elementor-container elementor-column-gap-default\">\n\t\t\t\t\t<div class=\"elementor-column elementor-col-100 elementor-top-column elementor-element elementor-element-d391904\" data-id=\"d391904\" data-element_type=\"column\">\n\t\t\t<div class=\"elementor-widget-wrap elementor-element-populated\">\n\t\t\t\t\t\t<div class=\"elementor-element elementor-element-46d3cf5 elementor--h-position-left elementor-widget__width-inherit elementor--v-position-middle elementor-arrows-position-inside elementor-pagination-position-inside elementor-widget elementor-widget-slides\" data-id=\"46d3cf5\" data-element_type=\"widget\" data-settings=\"{&quot;navigation&quot;:&quot;both&quot;,&quot;autoplay&quot;:&quot;yes&quot;,&quot;pause_on_hover&quot;:&quot;yes&quot;,&quot;pause_on_interaction&quot;:&quot;yes&quot;,&quot;autoplay_speed&quot;:5000,&quot;infinite&quot;:&quot;yes&quot;,&quot;transition&quot;:&quot;slide&quot;,&quot;transition_speed&quot;:500}\" data-widget_type=\"slides.default\">\n\t\t\t\t<div class=\"elementor-widget-container\">\n\t\t\t\t\t\t\t\t\t<div class=\"elementor-swiper\">\n\t\t\t\t\t<div class=\"elementor-slides-wrapper elementor-main-swiper swiper\" role=\"region\" aria-roledescription=\"carousel\" aria-label=\"Slides\" dir=\"ltr\" data-animation=\"fadeInUp\">\n\t\t\t\t<div class=\"swiper-wrapper elementor-slides\">\n\t\t\t\t\t\t\t\t\t\t<div class=\"elementor-repeater-item-6af89cd swiper-slide\" role=\"group\" aria-roledescription=\"slide\"><div class=\"swiper-slide-bg\" role=\"img\"><\/div><div class=\"swiper-slide-inner\" ><div class=\"swiper-slide-contents\"><div class=\"elementor-slide-heading\">\u0130ZM\u0130R TINAZTEPE UNIVERSITY <br>DENTAL HEALTH <br>CLINICAL AND RESEARCH CENTER<\/div><div class=\"elementor-slide-description\">Dental Implant Treatment<\/div><\/div><\/div><\/div>\t\t\t\t<\/div>\n\t\t\t\t\t\t\t<\/div>\n\t\t\t\t<\/div>\n\t\t\t\t\t\t\t\t<\/div>\n\t\t\t\t<\/div>\n\t\t\t\t\t<\/div>\n\t\t<\/div>\n\t\t\t\t\t<\/div>\n\t\t<\/section>\n\t\t\t\t<section class=\"elementor-section elementor-top-section elementor-element elementor-element-7bbd02a elementor-section-full_width elementor-hidden-desktop elementor-hidden-tablet elementor-section-height-default elementor-section-height-default\" data-id=\"7bbd02a\" data-element_type=\"section\">\n\t\t\t\t\t\t<div class=\"elementor-container elementor-column-gap-default\">\n\t\t\t\t\t<div class=\"elementor-column elementor-col-100 elementor-top-column elementor-element elementor-element-9da7bb1\" data-id=\"9da7bb1\" data-element_type=\"column\">\n\t\t\t<div class=\"elementor-widget-wrap elementor-element-populated\">\n\t\t\t\t\t\t<div class=\"elementor-element elementor-element-f966703 elementor-widget__width-inherit elementor--v-position-bottom elementor--h-position-center elementor-arrows-position-inside elementor-pagination-position-inside elementor-widget elementor-widget-slides\" data-id=\"f966703\" data-element_type=\"widget\" data-settings=\"{&quot;navigation&quot;:&quot;both&quot;,&quot;autoplay&quot;:&quot;yes&quot;,&quot;pause_on_hover&quot;:&quot;yes&quot;,&quot;pause_on_interaction&quot;:&quot;yes&quot;,&quot;autoplay_speed&quot;:5000,&quot;infinite&quot;:&quot;yes&quot;,&quot;transition&quot;:&quot;slide&quot;,&quot;transition_speed&quot;:500}\" data-widget_type=\"slides.default\">\n\t\t\t\t<div class=\"elementor-widget-container\">\n\t\t\t\t\t\t\t\t\t<div class=\"elementor-swiper\">\n\t\t\t\t\t<div class=\"elementor-slides-wrapper elementor-main-swiper swiper\" role=\"region\" aria-roledescription=\"carousel\" aria-label=\"Slides\" dir=\"ltr\" data-animation=\"fadeInUp\">\n\t\t\t\t<div class=\"swiper-wrapper elementor-slides\">\n\t\t\t\t\t\t\t\t\t\t<div class=\"elementor-repeater-item-6af89cd swiper-slide\" role=\"group\" aria-roledescription=\"slide\"><div class=\"swiper-slide-bg\" role=\"img\"><\/div><div class=\"swiper-slide-inner\" ><div class=\"swiper-slide-contents\"><div class=\"elementor-slide-heading\">\u0130ZM\u0130R TINAZTEPE UNIVERSITY <br>DENTAL HEALTH <br>CLINICAL AND RESEARCH CENTER<\/div><div class=\"elementor-slide-description\">Dental Implant Treatment<\/div><\/div><\/div><\/div>\t\t\t\t<\/div>\n\t\t\t\t\t\t\t<\/div>\n\t\t\t\t<\/div>\n\t\t\t\t\t\t\t\t<\/div>\n\t\t\t\t<\/div>\n\t\t\t\t\t<\/div>\n\t\t<\/div>\n\t\t\t\t\t<\/div>\n\t\t<\/section>\n\t\t\t\t<section class=\"elementor-section elementor-top-section elementor-element elementor-element-154e425 elementor-section-boxed elementor-section-height-default elementor-section-height-default\" data-id=\"154e425\" data-element_type=\"section\">\n\t\t\t\t\t\t<div class=\"elementor-container elementor-column-gap-default\">\n\t\t\t\t\t<div class=\"elementor-column elementor-col-100 elementor-top-column elementor-element elementor-element-8d388cb\" data-id=\"8d388cb\" data-element_type=\"column\">\n\t\t\t<div class=\"elementor-widget-wrap elementor-element-populated\">\n\t\t\t\t\t\t<div class=\"elementor-element elementor-element-69ebe5e elementor-widget__width-initial elementor-align-center elementor-widget elementor-widget-button\" data-id=\"69ebe5e\" data-element_type=\"widget\" data-widget_type=\"button.default\">\n\t\t\t\t<div class=\"elementor-widget-container\">\n\t\t\t\t\t\t\t\t\t<div class=\"elementor-button-wrapper\">\n\t\t\t\t\t<a class=\"elementor-button elementor-button-link elementor-size-sm\" href=\"#elementor-action%3Aaction%3Dpopup%3Aopen%26settings%3DeyJpZCI6MTg2OCwidG9nZ2xlIjpmYWxzZX0%3D\">\n\t\t\t\t\t\t<span class=\"elementor-button-content-wrapper\">\n\t\t\t\t\t\t\t\t\t<span class=\"elementor-button-text\">MAKE AN APPOINTMENT<\/span>\n\t\t\t\t\t<\/span>\n\t\t\t\t\t<\/a>\n\t\t\t\t<\/div>\n\t\t\t\t\t\t\t\t<\/div>\n\t\t\t\t<\/div>\n\t\t\t\t<div class=\"elementor-element elementor-element-26959d8 elementor-widget elementor-widget-image\" data-id=\"26959d8\" data-element_type=\"widget\" data-widget_type=\"image.default\">\n\t\t\t\t<div class=\"elementor-widget-container\">\n\t\t\t\t\t\t\t\t\t\t\t\t\t\t\t<img fetchpriority=\"high\" decoding=\"async\" width=\"1120\" height=\"460\" src=\"https:\/\/tinaztepedis.com\/wp-content\/uploads\/2023\/02\/implant.jpg\" class=\"attachment-full size-full wp-image-2010\" alt=\"\" srcset=\"https:\/\/tinaztepedis.com\/wp-content\/uploads\/2023\/02\/implant.jpg 1120w, https:\/\/tinaztepedis.com\/wp-content\/uploads\/2023\/02\/implant-300x123.jpg 300w, https:\/\/tinaztepedis.com\/wp-content\/uploads\/2023\/02\/implant-1024x421.jpg 1024w, https:\/\/tinaztepedis.com\/wp-content\/uploads\/2023\/02\/implant-768x315.jpg 768w\" sizes=\"(max-width: 1120px) 100vw, 1120px\" \/>\t\t\t\t\t\t\t\t\t\t\t\t\t\t\t<\/div>\n\t\t\t\t<\/div>\n\t\t\t\t<section class=\"elementor-section elementor-inner-section elementor-element elementor-element-80a2b99 elementor-section-boxed elementor-section-height-default elementor-section-height-default\" data-id=\"80a2b99\" data-element_type=\"section\">\n\t\t\t\t\t\t<div class=\"elementor-container elementor-column-gap-default\">\n\t\t\t\t\t<div class=\"elementor-column elementor-col-100 elementor-inner-column elementor-element elementor-element-cd45c8d\" data-id=\"cd45c8d\" data-element_type=\"column\">\n\t\t\t<div class=\"elementor-widget-wrap elementor-element-populated\">\n\t\t\t\t\t\t<div class=\"elementor-element elementor-element-ecf9954 t_content elementor-widget elementor-widget-text-editor\" data-id=\"ecf9954\" data-element_type=\"widget\" data-widget_type=\"text-editor.default\">\n\t\t\t\t<div class=\"elementor-widget-container\">\n\t\t\t\t\t\t\t\t\t<h3><b>What is a Dental Implant?<\/b><\/h3><p><span style=\"font-weight: 400;\">A dental implant is an artificial tooth root made of titanium, designed in the form of a screw or root, that is placed into the jawbone to replace a missing tooth. Implant treatment is a suitable option for patients with tooth loss. Using this method, fixed or removable prostheses can be made depending on the condition to replace the missing teeth. Since dental implants stimulate the jawbone after placement, they help prevent bone loss that could occur over time. Unlike bridge treatment, which requires trimming the adjacent teeth to replace a missing tooth, dental implants do not require such procedures on surrounding teeth. As a result, dental implant-supported prostheses provide longer-lasting, better-functioning, and more natural-looking results.<\/span><\/p><h3><b>How is Dental Implant Treatment Performed?<\/b><\/h3><p><span style=\"font-weight: 400;\">The treatment generally involves the following steps:<\/span><\/p><ol><li style=\"font-weight: 400;\" aria-level=\"1\"><b>Evaluation of General Health<\/b><span style=\"font-weight: 400;\">:<\/span><span style=\"font-weight: 400;\"><br \/><\/span><span style=\"font-weight: 400;\">The patient&#8217;s overall health condition is assessed. Bone structure is examined using two-dimensional and\/or three-dimensional imaging methods to determine suitability for the implant. A personalized treatment plan is created based on the number and location of missing teeth. Additionally, the patient\u2019s general dental and gum health must be sufficient to ensure the long-term success of the implant.<\/span><\/li><li style=\"font-weight: 400;\" aria-level=\"1\"><b>Surgical Procedure<\/b><span style=\"font-weight: 400;\">:<\/span><ul><li style=\"font-weight: 400;\" aria-level=\"2\"><span style=\"font-weight: 400;\">Dental implant placement is typically performed under local anesthesia. In some cases, depending on the patient&#8217;s condition, conscious sedation or general anesthesia may be used.<\/span><\/li><li style=\"font-weight: 400;\" aria-level=\"2\"><span style=\"font-weight: 400;\">After administering local anesthesia, an incision is made in the gum to expose the bone and prepare the implant socket.<\/span><\/li><li style=\"font-weight: 400;\" aria-level=\"2\"><span style=\"font-weight: 400;\">The implant socket is prepared in the most suitable position for both the health of the implant and surrounding tissues, as well as for prosthetic compatibility. The implant is then placed into the socket, and the gum is sutured over it. The implant is left to integrate with the bone for an average of three months.<\/span><\/li><\/ul><\/li><li style=\"font-weight: 400;\" aria-level=\"1\"><b>Healing and Prosthetic Placement<\/b><span style=\"font-weight: 400;\">:<\/span><ul><li style=\"font-weight: 400;\" aria-level=\"2\"><span style=\"font-weight: 400;\">Once the implant has fused with the bone, a healing cap is placed during a second minor surgery to shape the gum tissue around the implant.<\/span><\/li><li style=\"font-weight: 400;\" aria-level=\"2\"><span style=\"font-weight: 400;\">After the gums heal, the implant&#8217;s measurement is taken using digital or conventional methods and sent to the laboratory.<\/span><\/li><li style=\"font-weight: 400;\" aria-level=\"2\"><span style=\"font-weight: 400;\">Following several fitting stages, the implant abutment is screwed into place, and the prosthesis is either cemented or screwed onto the abutment.<\/span><\/li><\/ul><\/li><\/ol><p><span style=\"font-weight: 400;\">This procedure provides a long-lasting, functional, and natural solution for tooth loss.<\/span><\/p>\t\t\t\t\t\t\t\t<\/div>\n\t\t\t\t<\/div>\n\t\t\t\t<div class=\"elementor-element elementor-element-6b97de9 elementor-widget elementor-widget-heading\" data-id=\"6b97de9\" data-element_type=\"widget\" data-widget_type=\"heading.default\">\n\t\t\t\t<div class=\"elementor-widget-container\">\n\t\t\t\t\t<h2 class=\"elementor-heading-title elementor-size-default\">Get Information<\/h2>\t\t\t\t<\/div>\n\t\t\t\t<\/div>\n\t\t\t\t<div class=\"elementor-element elementor-element-b585bc6 elementor-button-align-stretch elementor-widget elementor-widget-form\" data-id=\"b585bc6\" data-element_type=\"widget\" data-settings=\"{&quot;step_next_label&quot;:&quot;Next&quot;,&quot;step_previous_label&quot;:&quot;Previous&quot;,&quot;button_width&quot;:&quot;100&quot;,&quot;step_type&quot;:&quot;number_text&quot;,&quot;step_icon_shape&quot;:&quot;circle&quot;}\" data-widget_type=\"form.default\">\n\t\t\t\t<div class=\"elementor-widget-container\">\n\t\t\t\t\t\t\t<form class=\"elementor-form\" method=\"post\" name=\"New Form\">\n\t\t\t<input type=\"hidden\" name=\"post_id\" value=\"4893\"\/>\n\t\t\t<input type=\"hidden\" name=\"form_id\" value=\"b585bc6\"\/>\n\t\t\t<input type=\"hidden\" name=\"referer_title\" value=\"T\u0131naztepe\" \/>\n\n\t\t\t\n\t\t\t<div class=\"elementor-form-fields-wrapper elementor-labels-above\">\n\t\t\t\t\t\t\t\t<div class=\"elementor-field-type-text elementor-field-group elementor-column elementor-field-group-name elementor-col-100\">\n\t\t\t\t\t\t\t\t\t\t\t\t\t<input size=\"1\" type=\"text\" name=\"form_fields[name]\" id=\"form-field-name\" class=\"elementor-field elementor-size-sm  elementor-field-textual\" placeholder=\"Name Surname\">\n\t\t\t\t\t\t\t\t\t\t\t<\/div>\n\t\t\t\t\t\t\t\t<div class=\"elementor-field-type-tel elementor-field-group elementor-column elementor-field-group-field_2102809 elementor-col-100\">\n\t\t\t\t\t\t\t<input size=\"1\" type=\"tel\" name=\"form_fields[field_2102809]\" id=\"form-field-field_2102809\" class=\"elementor-field elementor-size-sm  elementor-field-textual\" placeholder=\"Phone Number\" pattern=\"[0-9()#&amp;+*-=.]+\" title=\"Only numbers and phone characters (#, -, *, etc) are accepted.\">\n\n\t\t\t\t\t\t<\/div>\n\t\t\t\t\t\t\t\t<div class=\"elementor-field-type-email elementor-field-group elementor-column elementor-field-group-email elementor-col-100 elementor-field-required\">\n\t\t\t\t\t\t\t\t\t\t\t\t\t<input size=\"1\" type=\"email\" name=\"form_fields[email]\" id=\"form-field-email\" class=\"elementor-field elementor-size-sm  elementor-field-textual\" placeholder=\"E-mail\" required=\"required\" aria-required=\"true\">\n\t\t\t\t\t\t\t\t\t\t\t<\/div>\n\t\t\t\t\t\t\t\t<div class=\"elementor-field-type-textarea elementor-field-group elementor-column elementor-field-group-message elementor-col-100\">\n\t\t\t\t\t<textarea class=\"elementor-field-textual elementor-field  elementor-size-sm\" name=\"form_fields[message]\" id=\"form-field-message\" rows=\"4\" placeholder=\"Message\"><\/textarea>\t\t\t\t<\/div>\n\t\t\t\t\t\t\t\t<div class=\"elementor-field-group elementor-column elementor-field-type-submit elementor-col-100 e-form__buttons\">\n\t\t\t\t\t<button class=\"elementor-button elementor-size-sm\" type=\"submit\">\n\t\t\t\t\t\t<span class=\"elementor-button-content-wrapper\">\n\t\t\t\t\t\t\t\t\t\t\t\t\t\t\t\t\t\t\t\t\t\t<span class=\"elementor-button-text\">Send<\/span>\n\t\t\t\t\t\t\t\t\t\t\t\t\t<\/span>\n\t\t\t\t\t<\/button>\n\t\t\t\t<\/div>\n\t\t\t<\/div>\n\t\t<\/form>\n\t\t\t\t\t\t<\/div>\n\t\t\t\t<\/div>\n\t\t\t\t\t<\/div>\n\t\t<\/div>\n\t\t\t\t\t<\/div>\n\t\t<\/section>\n\t\t\t\t\t<\/div>\n\t\t<\/div>\n\t\t\t\t\t<\/div>\n\t\t<\/section>\n\t\t\t\t<\/div>\n\t\t","protected":false},"excerpt":{"rendered":"<p>\u0130ZM\u0130R TINAZTEPE UNIVERSITY DENTAL HEALTH CLINICAL AND RESEARCH CENTER \u0130ZM\u0130R TINAZTEPE UNIVERSITY DENTAL HEALTH CLINICAL AND RESEARCH CENTER MAKE AN APPOINTMENT What is a Dental Implant? A dental implant is an artificial tooth root made of titanium, designed in the form of a screw or root, that is placed into the jawbone to replace a [&hellip;]<\/p>\n","protected":false},"author":1,"featured_media":2010,"parent":0,"menu_order":0,"comment_status":"closed","ping_status":"closed","template":"elementor_header_footer","meta":{"footnotes":""},"class_list":["post-4893","page","type-page","status-publish","has-post-thumbnail","hentry"],"yoast_head":"<!-- This site is optimized with the Yoast SEO plugin v24.2 - https:\/\/yoast.com\/wordpress\/plugins\/seo\/ -->\n<title>Dental Implant Treatment - T\u0131naztepe<\/title>\n<meta name=\"description\" content=\"A dental implant is an artificial tooth root made of titanium, designed in the shape of a screw or root, and placed into the jawbone to replace a missing tooth while mimicking the function of natural tooth roots.\" \/>\n<meta name=\"robots\" content=\"index, follow, max-snippet:-1, max-image-preview:large, max-video-preview:-1\" \/>\n<link rel=\"canonical\" href=\"https:\/\/tinaztepedis.com\/en\/dental-implant-treatment\/\" \/>\n<meta property=\"og:locale\" content=\"en_US\" \/>\n<meta property=\"og:type\" content=\"article\" \/>\n<meta property=\"og:title\" content=\"Dental Implant Treatment - T\u0131naztepe\" \/>\n<meta property=\"og:description\" content=\"A dental implant is an artificial tooth root made of titanium, designed in the shape of a screw or root, and placed into the jawbone to replace a missing tooth while mimicking the function of natural tooth roots.\" \/>\n<meta property=\"og:url\" content=\"https:\/\/tinaztepedis.com\/en\/dental-implant-treatment\/\" \/>\n<meta property=\"og:site_name\" content=\"T\u0131naztepe\" \/>\n<meta property=\"article:modified_time\" content=\"2025-01-16T14:07:29+00:00\" \/>\n<meta property=\"og:image\" content=\"https:\/\/tinaztepedis.com\/wp-content\/uploads\/2023\/02\/implant.jpg\" \/>\n\t<meta property=\"og:image:width\" content=\"1120\" \/>\n\t<meta property=\"og:image:height\" content=\"460\" \/>\n\t<meta property=\"og:image:type\" content=\"image\/jpeg\" \/>\n<meta name=\"twitter:card\" content=\"summary_large_image\" \/>\n<meta name=\"twitter:label1\" content=\"Est. reading time\" \/>\n\t<meta name=\"twitter:data1\" content=\"2 minutes\" \/>\n<script type=\"application\/ld+json\" class=\"yoast-schema-graph\">{\"@context\":\"https:\/\/schema.org\",\"@graph\":[{\"@type\":\"WebPage\",\"@id\":\"https:\/\/tinaztepedis.com\/en\/dental-implant-treatment\/\",\"url\":\"https:\/\/tinaztepedis.com\/en\/dental-implant-treatment\/\",\"name\":\"Dental Implant Treatment - T\u0131naztepe\",\"isPartOf\":{\"@id\":\"https:\/\/tinaztepedis.com\/#website\"},\"primaryImageOfPage\":{\"@id\":\"https:\/\/tinaztepedis.com\/en\/dental-implant-treatment\/#primaryimage\"},\"image\":{\"@id\":\"https:\/\/tinaztepedis.com\/en\/dental-implant-treatment\/#primaryimage\"},\"thumbnailUrl\":\"https:\/\/tinaztepedis.com\/wp-content\/uploads\/2023\/02\/implant.jpg\",\"datePublished\":\"2023-02-09T07:58:20+00:00\",\"dateModified\":\"2025-01-16T14:07:29+00:00\",\"description\":\"A dental implant is an artificial tooth root made of titanium, designed in the shape of a screw or root, and placed into the jawbone to replace a missing tooth while mimicking the function of natural tooth roots.\",\"breadcrumb\":{\"@id\":\"https:\/\/tinaztepedis.com\/en\/dental-implant-treatment\/#breadcrumb\"},\"inLanguage\":\"en-US\",\"potentialAction\":[{\"@type\":\"ReadAction\",\"target\":[\"https:\/\/tinaztepedis.com\/en\/dental-implant-treatment\/\"]}]},{\"@type\":\"ImageObject\",\"inLanguage\":\"en-US\",\"@id\":\"https:\/\/tinaztepedis.com\/en\/dental-implant-treatment\/#primaryimage\",\"url\":\"https:\/\/tinaztepedis.com\/wp-content\/uploads\/2023\/02\/implant.jpg\",\"contentUrl\":\"https:\/\/tinaztepedis.com\/wp-content\/uploads\/2023\/02\/implant.jpg\",\"width\":1120,\"height\":460},{\"@type\":\"BreadcrumbList\",\"@id\":\"https:\/\/tinaztepedis.com\/en\/dental-implant-treatment\/#breadcrumb\",\"itemListElement\":[{\"@type\":\"ListItem\",\"position\":1,\"name\":\"Anasayfa\",\"item\":\"https:\/\/tinaztepedis.com\/en\/\"},{\"@type\":\"ListItem\",\"position\":2,\"name\":\"Dental Implant Treatment\"}]},{\"@type\":\"WebSite\",\"@id\":\"https:\/\/tinaztepedis.com\/#website\",\"url\":\"https:\/\/tinaztepedis.com\/\",\"name\":\"T\u0131naztepe\",\"description\":\"A\u011f\u0131z ve Di\u015f Sa\u011fl\u0131\u011f\u0131 Uygulama ve Ara\u015ft\u0131rma Merkezi\",\"potentialAction\":[{\"@type\":\"SearchAction\",\"target\":{\"@type\":\"EntryPoint\",\"urlTemplate\":\"https:\/\/tinaztepedis.com\/?s={search_term_string}\"},\"query-input\":{\"@type\":\"PropertyValueSpecification\",\"valueRequired\":true,\"valueName\":\"search_term_string\"}}],\"inLanguage\":\"en-US\"}]}<\/script>\n<!-- \/ Yoast SEO plugin. -->","yoast_head_json":{"title":"Dental Implant Treatment - T\u0131naztepe","description":"A dental implant is an artificial tooth root made of titanium, designed in the shape of a screw or root, and placed into the jawbone to replace a missing tooth while mimicking the function of natural tooth roots.","robots":{"index":"index","follow":"follow","max-snippet":"max-snippet:-1","max-image-preview":"max-image-preview:large","max-video-preview":"max-video-preview:-1"},"canonical":"https:\/\/tinaztepedis.com\/en\/dental-implant-treatment\/","og_locale":"en_US","og_type":"article","og_title":"Dental Implant Treatment - T\u0131naztepe","og_description":"A dental implant is an artificial tooth root made of titanium, designed in the shape of a screw or root, and placed into the jawbone to replace a missing tooth while mimicking the function of natural tooth roots.","og_url":"https:\/\/tinaztepedis.com\/en\/dental-implant-treatment\/","og_site_name":"T\u0131naztepe","article_modified_time":"2025-01-16T14:07:29+00:00","og_image":[{"width":1120,"height":460,"url":"https:\/\/tinaztepedis.com\/wp-content\/uploads\/2023\/02\/implant.jpg","type":"image\/jpeg"}],"twitter_card":"summary_large_image","twitter_misc":{"Est. reading time":"2 minutes"},"schema":{"@context":"https:\/\/schema.org","@graph":[{"@type":"WebPage","@id":"https:\/\/tinaztepedis.com\/en\/dental-implant-treatment\/","url":"https:\/\/tinaztepedis.com\/en\/dental-implant-treatment\/","name":"Dental Implant Treatment - T\u0131naztepe","isPartOf":{"@id":"https:\/\/tinaztepedis.com\/#website"},"primaryImageOfPage":{"@id":"https:\/\/tinaztepedis.com\/en\/dental-implant-treatment\/#primaryimage"},"image":{"@id":"https:\/\/tinaztepedis.com\/en\/dental-implant-treatment\/#primaryimage"},"thumbnailUrl":"https:\/\/tinaztepedis.com\/wp-content\/uploads\/2023\/02\/implant.jpg","datePublished":"2023-02-09T07:58:20+00:00","dateModified":"2025-01-16T14:07:29+00:00","description":"A dental implant is an artificial tooth root made of titanium, designed in the shape of a screw or root, and placed into the jawbone to replace a missing tooth while mimicking the function of natural tooth roots.","breadcrumb":{"@id":"https:\/\/tinaztepedis.com\/en\/dental-implant-treatment\/#breadcrumb"},"inLanguage":"en-US","potentialAction":[{"@type":"ReadAction","target":["https:\/\/tinaztepedis.com\/en\/dental-implant-treatment\/"]}]},{"@type":"ImageObject","inLanguage":"en-US","@id":"https:\/\/tinaztepedis.com\/en\/dental-implant-treatment\/#primaryimage","url":"https:\/\/tinaztepedis.com\/wp-content\/uploads\/2023\/02\/implant.jpg","contentUrl":"https:\/\/tinaztepedis.com\/wp-content\/uploads\/2023\/02\/implant.jpg","width":1120,"height":460},{"@type":"BreadcrumbList","@id":"https:\/\/tinaztepedis.com\/en\/dental-implant-treatment\/#breadcrumb","itemListElement":[{"@type":"ListItem","position":1,"name":"Anasayfa","item":"https:\/\/tinaztepedis.com\/en\/"},{"@type":"ListItem","position":2,"name":"Dental Implant Treatment"}]},{"@type":"WebSite","@id":"https:\/\/tinaztepedis.com\/#website","url":"https:\/\/tinaztepedis.com\/","name":"T\u0131naztepe","description":"A\u011f\u0131z ve Di\u015f Sa\u011fl\u0131\u011f\u0131 Uygulama ve Ara\u015ft\u0131rma Merkezi","potentialAction":[{"@type":"SearchAction","target":{"@type":"EntryPoint","urlTemplate":"https:\/\/tinaztepedis.com\/?s={search_term_string}"},"query-input":{"@type":"PropertyValueSpecification","valueRequired":true,"valueName":"search_term_string"}}],"inLanguage":"en-US"}]}},"_links":{"self":[{"href":"https:\/\/tinaztepedis.com\/en\/wp-json\/wp\/v2\/pages\/4893","targetHints":{"allow":["GET"]}}],"collection":[{"href":"https:\/\/tinaztepedis.com\/en\/wp-json\/wp\/v2\/pages"}],"about":[{"href":"https:\/\/tinaztepedis.com\/en\/wp-json\/wp\/v2\/types\/page"}],"author":[{"embeddable":true,"href":"https:\/\/tinaztepedis.com\/en\/wp-json\/wp\/v2\/users\/1"}],"replies":[{"embeddable":true,"href":"https:\/\/tinaztepedis.com\/en\/wp-json\/wp\/v2\/comments?post=4893"}],"version-history":[{"count":8,"href":"https:\/\/tinaztepedis.com\/en\/wp-json\/wp\/v2\/pages\/4893\/revisions"}],"predecessor-version":[{"id":5103,"href":"https:\/\/tinaztepedis.com\/en\/wp-json\/wp\/v2\/pages\/4893\/revisions\/5103"}],"wp:featuredmedia":[{"embeddable":true,"href":"https:\/\/tinaztepedis.com\/en\/wp-json\/wp\/v2\/media\/2010"}],"wp:attachment":[{"href":"https:\/\/tinaztepedis.com\/en\/wp-json\/wp\/v2\/media?parent=4893"}],"curies":[{"name":"wp","href":"https:\/\/api.w.org\/{rel}","templated":true}]}}