{"id":4901,"date":"2023-02-09T06:39:57","date_gmt":"2023-02-09T06:39:57","guid":{"rendered":"https:\/\/tinaztepedis.com\/kanal-tedavisi\/"},"modified":"2025-01-16T14:08:58","modified_gmt":"2025-01-16T14:08:58","slug":"root-canal-treatment","status":"publish","type":"page","link":"https:\/\/tinaztepedis.com\/en\/root-canal-treatment\/","title":{"rendered":"Root Canal Treatment"},"content":{"rendered":"\t\t<div data-elementor-type=\"wp-page\" data-elementor-id=\"4901\" class=\"elementor elementor-4901 elementor-1934\" data-elementor-post-type=\"page\">\n\t\t\t\t\t\t<section class=\"elementor-section elementor-top-section elementor-element elementor-element-7296773 elementor-section-full_width elementor-hidden-mobile elementor-section-height-default elementor-section-height-default\" data-id=\"7296773\" data-element_type=\"section\">\n\t\t\t\t\t\t<div class=\"elementor-container elementor-column-gap-default\">\n\t\t\t\t\t<div class=\"elementor-column elementor-col-100 elementor-top-column elementor-element elementor-element-cea04a9\" data-id=\"cea04a9\" data-element_type=\"column\">\n\t\t\t<div class=\"elementor-widget-wrap elementor-element-populated\">\n\t\t\t\t\t\t<div class=\"elementor-element elementor-element-d62c00d elementor--h-position-left elementor-widget__width-inherit elementor--v-position-middle elementor-arrows-position-inside elementor-pagination-position-inside elementor-widget elementor-widget-slides\" data-id=\"d62c00d\" data-element_type=\"widget\" data-settings=\"{&quot;navigation&quot;:&quot;both&quot;,&quot;autoplay&quot;:&quot;yes&quot;,&quot;pause_on_hover&quot;:&quot;yes&quot;,&quot;pause_on_interaction&quot;:&quot;yes&quot;,&quot;autoplay_speed&quot;:5000,&quot;infinite&quot;:&quot;yes&quot;,&quot;transition&quot;:&quot;slide&quot;,&quot;transition_speed&quot;:500}\" data-widget_type=\"slides.default\">\n\t\t\t\t<div class=\"elementor-widget-container\">\n\t\t\t\t\t\t\t\t\t<div class=\"elementor-swiper\">\n\t\t\t\t\t<div class=\"elementor-slides-wrapper elementor-main-swiper swiper\" role=\"region\" aria-roledescription=\"carousel\" aria-label=\"Slides\" dir=\"ltr\" data-animation=\"fadeInUp\">\n\t\t\t\t<div class=\"swiper-wrapper elementor-slides\">\n\t\t\t\t\t\t\t\t\t\t<div class=\"elementor-repeater-item-6af89cd swiper-slide\" role=\"group\" aria-roledescription=\"slide\"><div class=\"swiper-slide-bg\" role=\"img\"><\/div><div class=\"swiper-slide-inner\" ><div class=\"swiper-slide-contents\"><div class=\"elementor-slide-heading\">\u0130ZM\u0130R TINAZTEPE UNIVERSITY <br>DENTAL HEALTH <br>CLINICAL AND RESEARCH CENTER<\/div><div class=\"elementor-slide-description\">Root Canal Treatment<\/div><\/div><\/div><\/div>\t\t\t\t<\/div>\n\t\t\t\t\t\t\t<\/div>\n\t\t\t\t<\/div>\n\t\t\t\t\t\t\t\t<\/div>\n\t\t\t\t<\/div>\n\t\t\t\t\t<\/div>\n\t\t<\/div>\n\t\t\t\t\t<\/div>\n\t\t<\/section>\n\t\t\t\t<section class=\"elementor-section elementor-top-section elementor-element elementor-element-28c8af2 elementor-section-full_width elementor-hidden-desktop elementor-hidden-tablet elementor-section-height-default elementor-section-height-default\" data-id=\"28c8af2\" data-element_type=\"section\">\n\t\t\t\t\t\t<div class=\"elementor-container elementor-column-gap-default\">\n\t\t\t\t\t<div class=\"elementor-column elementor-col-100 elementor-top-column elementor-element elementor-element-4881d41\" data-id=\"4881d41\" data-element_type=\"column\">\n\t\t\t<div class=\"elementor-widget-wrap elementor-element-populated\">\n\t\t\t\t\t\t<div class=\"elementor-element elementor-element-0b6458d elementor-widget__width-inherit elementor--v-position-bottom elementor--h-position-center elementor-arrows-position-inside elementor-pagination-position-inside elementor-widget elementor-widget-slides\" data-id=\"0b6458d\" data-element_type=\"widget\" data-settings=\"{&quot;navigation&quot;:&quot;both&quot;,&quot;autoplay&quot;:&quot;yes&quot;,&quot;pause_on_hover&quot;:&quot;yes&quot;,&quot;pause_on_interaction&quot;:&quot;yes&quot;,&quot;autoplay_speed&quot;:5000,&quot;infinite&quot;:&quot;yes&quot;,&quot;transition&quot;:&quot;slide&quot;,&quot;transition_speed&quot;:500}\" data-widget_type=\"slides.default\">\n\t\t\t\t<div class=\"elementor-widget-container\">\n\t\t\t\t\t\t\t\t\t<div class=\"elementor-swiper\">\n\t\t\t\t\t<div class=\"elementor-slides-wrapper elementor-main-swiper swiper\" role=\"region\" aria-roledescription=\"carousel\" aria-label=\"Slides\" dir=\"ltr\" data-animation=\"fadeInUp\">\n\t\t\t\t<div class=\"swiper-wrapper elementor-slides\">\n\t\t\t\t\t\t\t\t\t\t<div class=\"elementor-repeater-item-6af89cd swiper-slide\" role=\"group\" aria-roledescription=\"slide\"><div class=\"swiper-slide-bg\" role=\"img\"><\/div><div class=\"swiper-slide-inner\" ><div class=\"swiper-slide-contents\"><div class=\"elementor-slide-heading\">\u0130ZM\u0130R TINAZTEPE UNIVERSITY <br>DENTAL HEALTH <br>CLINICAL AND RESEARCH CENTER<\/div><div class=\"elementor-slide-description\">Root Canal Treatment<\/div><\/div><\/div><\/div>\t\t\t\t<\/div>\n\t\t\t\t\t\t\t<\/div>\n\t\t\t\t<\/div>\n\t\t\t\t\t\t\t\t<\/div>\n\t\t\t\t<\/div>\n\t\t\t\t\t<\/div>\n\t\t<\/div>\n\t\t\t\t\t<\/div>\n\t\t<\/section>\n\t\t\t\t<section class=\"elementor-section elementor-top-section elementor-element elementor-element-a432782 elementor-section-boxed elementor-section-height-default elementor-section-height-default\" data-id=\"a432782\" data-element_type=\"section\">\n\t\t\t\t\t\t<div class=\"elementor-container elementor-column-gap-default\">\n\t\t\t\t\t<div class=\"elementor-column elementor-col-100 elementor-top-column elementor-element elementor-element-f7e753d\" data-id=\"f7e753d\" data-element_type=\"column\">\n\t\t\t<div class=\"elementor-widget-wrap elementor-element-populated\">\n\t\t\t\t\t\t<div class=\"elementor-element elementor-element-e265ff6 elementor-widget__width-initial elementor-align-center elementor-widget elementor-widget-button\" data-id=\"e265ff6\" data-element_type=\"widget\" data-widget_type=\"button.default\">\n\t\t\t\t<div class=\"elementor-widget-container\">\n\t\t\t\t\t\t\t\t\t<div class=\"elementor-button-wrapper\">\n\t\t\t\t\t<a class=\"elementor-button elementor-button-link elementor-size-sm\" href=\"#elementor-action%3Aaction%3Dpopup%3Aopen%26settings%3DeyJpZCI6MTg2OCwidG9nZ2xlIjpmYWxzZX0%3D\">\n\t\t\t\t\t\t<span class=\"elementor-button-content-wrapper\">\n\t\t\t\t\t\t\t\t\t<span class=\"elementor-button-text\">MAKE AN APPOINTMENT<\/span>\n\t\t\t\t\t<\/span>\n\t\t\t\t\t<\/a>\n\t\t\t\t<\/div>\n\t\t\t\t\t\t\t\t<\/div>\n\t\t\t\t<\/div>\n\t\t\t\t<div class=\"elementor-element elementor-element-dcfbcd9 elementor-widget elementor-widget-image\" data-id=\"dcfbcd9\" data-element_type=\"widget\" data-widget_type=\"image.default\">\n\t\t\t\t<div class=\"elementor-widget-container\">\n\t\t\t\t\t\t\t\t\t\t\t\t\t\t\t<img fetchpriority=\"high\" decoding=\"async\" width=\"1120\" height=\"460\" src=\"https:\/\/tinaztepedis.com\/wp-content\/uploads\/2023\/02\/kanal-tedavisi.jpg\" class=\"attachment-full size-full wp-image-1941\" alt=\"\" srcset=\"https:\/\/tinaztepedis.com\/wp-content\/uploads\/2023\/02\/kanal-tedavisi.jpg 1120w, https:\/\/tinaztepedis.com\/wp-content\/uploads\/2023\/02\/kanal-tedavisi-300x123.jpg 300w, https:\/\/tinaztepedis.com\/wp-content\/uploads\/2023\/02\/kanal-tedavisi-1024x421.jpg 1024w, https:\/\/tinaztepedis.com\/wp-content\/uploads\/2023\/02\/kanal-tedavisi-768x315.jpg 768w\" sizes=\"(max-width: 1120px) 100vw, 1120px\" \/>\t\t\t\t\t\t\t\t\t\t\t\t\t\t\t<\/div>\n\t\t\t\t<\/div>\n\t\t\t\t<section class=\"elementor-section elementor-inner-section elementor-element elementor-element-5fa020c elementor-section-boxed elementor-section-height-default elementor-section-height-default\" data-id=\"5fa020c\" data-element_type=\"section\">\n\t\t\t\t\t\t<div class=\"elementor-container elementor-column-gap-default\">\n\t\t\t\t\t<div class=\"elementor-column elementor-col-100 elementor-inner-column elementor-element elementor-element-e4f1b4c\" data-id=\"e4f1b4c\" data-element_type=\"column\">\n\t\t\t<div class=\"elementor-widget-wrap elementor-element-populated\">\n\t\t\t\t\t\t<div class=\"elementor-element elementor-element-10dc0d5 t_content elementor-widget elementor-widget-text-editor\" data-id=\"10dc0d5\" data-element_type=\"widget\" data-widget_type=\"text-editor.default\">\n\t\t\t\t<div class=\"elementor-widget-container\">\n\t\t\t\t\t\t\t\t\t<h3><strong>What is Root Canal Treatment?<\/strong><\/h3><p><span style=\"font-weight: 400;\">Root canal treatment is applied as a result of damage to the vascular-nerve package located in the center of the tooth and extending to the root of the tooth for various reasons, such as caries, unhealthy fillings or trauma. The vascular-nerve package, which is irreversibly damaged or even completely loses its vitality in advanced cases, is removed from the tooth and a filling material is placed in its place.<\/span><\/p><h3><strong>Is Root Canal Treatment Painful?<\/strong><\/h3><p><span style=\"font-weight: 400;\">Before starting the root canal treatment, local anesthesia is applied to the relevant area and the formation of pain is prevented. For this reason, no pain is felt during the procedure.<\/span><\/p><h3><strong>What Happens If Root Canal Treatment Is Not Applied?<\/strong><\/h3><p><span style=\"font-weight: 400;\">In cases where root canal treatment is not applied, the infection in the vascular-nerve package can spread from the root tip to the bone and, accordingly, a lesion or cyst may develop at the root tip, or even swelling of the face or gum may occur in some cases. With the progression of damage to the bone, tooth extraction may become necessary.<\/span><\/p><h3><strong>How Long is the Life of Root Canal Treatment?<\/strong><\/h3><p><span style=\"font-weight: 400;\">There are many factors that affect the success and longevity of root canal treated teeth. Among these factors; There are many other factors such as the person&#8217;s immune response, the extent of substance loss in the tooth, oral Decontamination, nutrition. After root canal treatment, root canal treatment of a reinfected tooth can often be renewed and tooth loss is tried to be prevented.<\/span><\/p>\t\t\t\t\t\t\t\t<\/div>\n\t\t\t\t<\/div>\n\t\t\t\t<div class=\"elementor-element elementor-element-c038fc6 elementor-widget elementor-widget-heading\" data-id=\"c038fc6\" data-element_type=\"widget\" data-widget_type=\"heading.default\">\n\t\t\t\t<div class=\"elementor-widget-container\">\n\t\t\t\t\t<h2 class=\"elementor-heading-title elementor-size-default\">Get Information<\/h2>\t\t\t\t<\/div>\n\t\t\t\t<\/div>\n\t\t\t\t<div class=\"elementor-element elementor-element-921d628 elementor-button-align-stretch elementor-widget elementor-widget-form\" data-id=\"921d628\" data-element_type=\"widget\" data-settings=\"{&quot;step_next_label&quot;:&quot;Next&quot;,&quot;step_previous_label&quot;:&quot;Previous&quot;,&quot;button_width&quot;:&quot;100&quot;,&quot;step_type&quot;:&quot;number_text&quot;,&quot;step_icon_shape&quot;:&quot;circle&quot;}\" data-widget_type=\"form.default\">\n\t\t\t\t<div class=\"elementor-widget-container\">\n\t\t\t\t\t\t\t<form class=\"elementor-form\" method=\"post\" name=\"New Form\">\n\t\t\t<input type=\"hidden\" name=\"post_id\" value=\"4901\"\/>\n\t\t\t<input type=\"hidden\" name=\"form_id\" value=\"921d628\"\/>\n\t\t\t<input type=\"hidden\" name=\"referer_title\" value=\"T\u0131naztepe\" \/>\n\n\t\t\t\n\t\t\t<div class=\"elementor-form-fields-wrapper elementor-labels-above\">\n\t\t\t\t\t\t\t\t<div class=\"elementor-field-type-text elementor-field-group elementor-column elementor-field-group-name elementor-col-100\">\n\t\t\t\t\t\t\t\t\t\t\t\t\t<input size=\"1\" type=\"text\" name=\"form_fields[name]\" id=\"form-field-name\" class=\"elementor-field elementor-size-sm  elementor-field-textual\" placeholder=\"Name Surname\">\n\t\t\t\t\t\t\t\t\t\t\t<\/div>\n\t\t\t\t\t\t\t\t<div class=\"elementor-field-type-tel elementor-field-group elementor-column elementor-field-group-field_2102809 elementor-col-100\">\n\t\t\t\t\t\t\t<input size=\"1\" type=\"tel\" name=\"form_fields[field_2102809]\" id=\"form-field-field_2102809\" class=\"elementor-field elementor-size-sm  elementor-field-textual\" placeholder=\"Phone Number\" pattern=\"[0-9()#&amp;+*-=.]+\" title=\"Only numbers and phone characters (#, -, *, etc) are accepted.\">\n\n\t\t\t\t\t\t<\/div>\n\t\t\t\t\t\t\t\t<div class=\"elementor-field-type-email elementor-field-group elementor-column elementor-field-group-email elementor-col-100 elementor-field-required\">\n\t\t\t\t\t\t\t\t\t\t\t\t\t<input size=\"1\" type=\"email\" name=\"form_fields[email]\" id=\"form-field-email\" class=\"elementor-field elementor-size-sm  elementor-field-textual\" placeholder=\"E-mail\" required=\"required\" aria-required=\"true\">\n\t\t\t\t\t\t\t\t\t\t\t<\/div>\n\t\t\t\t\t\t\t\t<div class=\"elementor-field-type-textarea elementor-field-group elementor-column elementor-field-group-message elementor-col-100\">\n\t\t\t\t\t<textarea class=\"elementor-field-textual elementor-field  elementor-size-sm\" name=\"form_fields[message]\" id=\"form-field-message\" rows=\"4\" placeholder=\"Message\"><\/textarea>\t\t\t\t<\/div>\n\t\t\t\t\t\t\t\t<div class=\"elementor-field-group elementor-column elementor-field-type-submit elementor-col-100 e-form__buttons\">\n\t\t\t\t\t<button class=\"elementor-button elementor-size-sm\" type=\"submit\">\n\t\t\t\t\t\t<span class=\"elementor-button-content-wrapper\">\n\t\t\t\t\t\t\t\t\t\t\t\t\t\t\t\t\t\t\t\t\t\t<span class=\"elementor-button-text\">Send<\/span>\n\t\t\t\t\t\t\t\t\t\t\t\t\t<\/span>\n\t\t\t\t\t<\/button>\n\t\t\t\t<\/div>\n\t\t\t<\/div>\n\t\t<\/form>\n\t\t\t\t\t\t<\/div>\n\t\t\t\t<\/div>\n\t\t\t\t\t<\/div>\n\t\t<\/div>\n\t\t\t\t\t<\/div>\n\t\t<\/section>\n\t\t\t\t\t<\/div>\n\t\t<\/div>\n\t\t\t\t\t<\/div>\n\t\t<\/section>\n\t\t\t\t<\/div>\n\t\t","protected":false},"excerpt":{"rendered":"<p>\u0130ZM\u0130R TINAZTEPE UNIVERSITY DENTAL HEALTH CLINICAL AND RESEARCH CENTER \u0130ZM\u0130R TINAZTEPE UNIVERSITY DENTAL HEALTH CLINICAL AND RESEARCH CENTER MAKE AN APPOINTMENT What is Root Canal Treatment? Root canal treatment is applied as a result of damage to the vascular-nerve package located in the center of the tooth and extending to the root of the tooth [&hellip;]<\/p>\n","protected":false},"author":1,"featured_media":1941,"parent":0,"menu_order":0,"comment_status":"closed","ping_status":"closed","template":"elementor_header_footer","meta":{"footnotes":""},"class_list":["post-4901","page","type-page","status-publish","has-post-thumbnail","hentry"],"yoast_head":"<!-- This site is optimized with the Yoast SEO plugin v24.2 - https:\/\/yoast.com\/wordpress\/plugins\/seo\/ -->\n<title>Root Canal Treatment - T\u0131naztepe<\/title>\n<meta name=\"description\" content=\"Root canal treatment is performed when the blood vessel and nerve bundle located at the center of the tooth and extending to the root becomes damaged due to factors such as decay, unhealthy fillings, or trauma.\" \/>\n<meta name=\"robots\" content=\"index, follow, max-snippet:-1, max-image-preview:large, max-video-preview:-1\" \/>\n<link rel=\"canonical\" href=\"https:\/\/tinaztepedis.com\/en\/root-canal-treatment\/\" \/>\n<meta property=\"og:locale\" content=\"en_US\" \/>\n<meta property=\"og:type\" content=\"article\" \/>\n<meta property=\"og:title\" content=\"Root Canal Treatment - T\u0131naztepe\" \/>\n<meta property=\"og:description\" content=\"Root canal treatment is performed when the blood vessel and nerve bundle located at the center of the tooth and extending to the root becomes damaged due to factors such as decay, unhealthy fillings, or trauma.\" \/>\n<meta property=\"og:url\" content=\"https:\/\/tinaztepedis.com\/en\/root-canal-treatment\/\" \/>\n<meta property=\"og:site_name\" content=\"T\u0131naztepe\" \/>\n<meta property=\"article:modified_time\" content=\"2025-01-16T14:08:58+00:00\" \/>\n<meta property=\"og:image\" content=\"https:\/\/tinaztepedis.com\/wp-content\/uploads\/2023\/02\/kanal-tedavisi.jpg\" \/>\n\t<meta property=\"og:image:width\" content=\"1120\" \/>\n\t<meta property=\"og:image:height\" content=\"460\" \/>\n\t<meta property=\"og:image:type\" content=\"image\/jpeg\" \/>\n<meta name=\"twitter:card\" content=\"summary_large_image\" \/>\n<meta name=\"twitter:label1\" content=\"Est. reading time\" \/>\n\t<meta name=\"twitter:data1\" content=\"2 minutes\" \/>\n<script type=\"application\/ld+json\" class=\"yoast-schema-graph\">{\"@context\":\"https:\/\/schema.org\",\"@graph\":[{\"@type\":\"WebPage\",\"@id\":\"https:\/\/tinaztepedis.com\/en\/root-canal-treatment\/\",\"url\":\"https:\/\/tinaztepedis.com\/en\/root-canal-treatment\/\",\"name\":\"Root Canal Treatment - T\u0131naztepe\",\"isPartOf\":{\"@id\":\"https:\/\/tinaztepedis.com\/#website\"},\"primaryImageOfPage\":{\"@id\":\"https:\/\/tinaztepedis.com\/en\/root-canal-treatment\/#primaryimage\"},\"image\":{\"@id\":\"https:\/\/tinaztepedis.com\/en\/root-canal-treatment\/#primaryimage\"},\"thumbnailUrl\":\"https:\/\/tinaztepedis.com\/wp-content\/uploads\/2023\/02\/kanal-tedavisi.jpg\",\"datePublished\":\"2023-02-09T06:39:57+00:00\",\"dateModified\":\"2025-01-16T14:08:58+00:00\",\"description\":\"Root canal treatment is performed when the blood vessel and nerve bundle located at the center of the tooth and extending to the root becomes damaged due to factors such as decay, unhealthy fillings, or trauma.\",\"breadcrumb\":{\"@id\":\"https:\/\/tinaztepedis.com\/en\/root-canal-treatment\/#breadcrumb\"},\"inLanguage\":\"en-US\",\"potentialAction\":[{\"@type\":\"ReadAction\",\"target\":[\"https:\/\/tinaztepedis.com\/en\/root-canal-treatment\/\"]}]},{\"@type\":\"ImageObject\",\"inLanguage\":\"en-US\",\"@id\":\"https:\/\/tinaztepedis.com\/en\/root-canal-treatment\/#primaryimage\",\"url\":\"https:\/\/tinaztepedis.com\/wp-content\/uploads\/2023\/02\/kanal-tedavisi.jpg\",\"contentUrl\":\"https:\/\/tinaztepedis.com\/wp-content\/uploads\/2023\/02\/kanal-tedavisi.jpg\",\"width\":1120,\"height\":460},{\"@type\":\"BreadcrumbList\",\"@id\":\"https:\/\/tinaztepedis.com\/en\/root-canal-treatment\/#breadcrumb\",\"itemListElement\":[{\"@type\":\"ListItem\",\"position\":1,\"name\":\"Anasayfa\",\"item\":\"https:\/\/tinaztepedis.com\/en\/\"},{\"@type\":\"ListItem\",\"position\":2,\"name\":\"Root Canal Treatment\"}]},{\"@type\":\"WebSite\",\"@id\":\"https:\/\/tinaztepedis.com\/#website\",\"url\":\"https:\/\/tinaztepedis.com\/\",\"name\":\"T\u0131naztepe\",\"description\":\"A\u011f\u0131z ve Di\u015f Sa\u011fl\u0131\u011f\u0131 Uygulama ve Ara\u015ft\u0131rma Merkezi\",\"potentialAction\":[{\"@type\":\"SearchAction\",\"target\":{\"@type\":\"EntryPoint\",\"urlTemplate\":\"https:\/\/tinaztepedis.com\/?s={search_term_string}\"},\"query-input\":{\"@type\":\"PropertyValueSpecification\",\"valueRequired\":true,\"valueName\":\"search_term_string\"}}],\"inLanguage\":\"en-US\"}]}<\/script>\n<!-- \/ Yoast SEO plugin. -->","yoast_head_json":{"title":"Root Canal Treatment - T\u0131naztepe","description":"Root canal treatment is performed when the blood vessel and nerve bundle located at the center of the tooth and extending to the root becomes damaged due to factors such as decay, unhealthy fillings, or trauma.","robots":{"index":"index","follow":"follow","max-snippet":"max-snippet:-1","max-image-preview":"max-image-preview:large","max-video-preview":"max-video-preview:-1"},"canonical":"https:\/\/tinaztepedis.com\/en\/root-canal-treatment\/","og_locale":"en_US","og_type":"article","og_title":"Root Canal Treatment - T\u0131naztepe","og_description":"Root canal treatment is performed when the blood vessel and nerve bundle located at the center of the tooth and extending to the root becomes damaged due to factors such as decay, unhealthy fillings, or trauma.","og_url":"https:\/\/tinaztepedis.com\/en\/root-canal-treatment\/","og_site_name":"T\u0131naztepe","article_modified_time":"2025-01-16T14:08:58+00:00","og_image":[{"width":1120,"height":460,"url":"https:\/\/tinaztepedis.com\/wp-content\/uploads\/2023\/02\/kanal-tedavisi.jpg","type":"image\/jpeg"}],"twitter_card":"summary_large_image","twitter_misc":{"Est. reading time":"2 minutes"},"schema":{"@context":"https:\/\/schema.org","@graph":[{"@type":"WebPage","@id":"https:\/\/tinaztepedis.com\/en\/root-canal-treatment\/","url":"https:\/\/tinaztepedis.com\/en\/root-canal-treatment\/","name":"Root Canal Treatment - T\u0131naztepe","isPartOf":{"@id":"https:\/\/tinaztepedis.com\/#website"},"primaryImageOfPage":{"@id":"https:\/\/tinaztepedis.com\/en\/root-canal-treatment\/#primaryimage"},"image":{"@id":"https:\/\/tinaztepedis.com\/en\/root-canal-treatment\/#primaryimage"},"thumbnailUrl":"https:\/\/tinaztepedis.com\/wp-content\/uploads\/2023\/02\/kanal-tedavisi.jpg","datePublished":"2023-02-09T06:39:57+00:00","dateModified":"2025-01-16T14:08:58+00:00","description":"Root canal treatment is performed when the blood vessel and nerve bundle located at the center of the tooth and extending to the root becomes damaged due to factors such as decay, unhealthy fillings, or trauma.","breadcrumb":{"@id":"https:\/\/tinaztepedis.com\/en\/root-canal-treatment\/#breadcrumb"},"inLanguage":"en-US","potentialAction":[{"@type":"ReadAction","target":["https:\/\/tinaztepedis.com\/en\/root-canal-treatment\/"]}]},{"@type":"ImageObject","inLanguage":"en-US","@id":"https:\/\/tinaztepedis.com\/en\/root-canal-treatment\/#primaryimage","url":"https:\/\/tinaztepedis.com\/wp-content\/uploads\/2023\/02\/kanal-tedavisi.jpg","contentUrl":"https:\/\/tinaztepedis.com\/wp-content\/uploads\/2023\/02\/kanal-tedavisi.jpg","width":1120,"height":460},{"@type":"BreadcrumbList","@id":"https:\/\/tinaztepedis.com\/en\/root-canal-treatment\/#breadcrumb","itemListElement":[{"@type":"ListItem","position":1,"name":"Anasayfa","item":"https:\/\/tinaztepedis.com\/en\/"},{"@type":"ListItem","position":2,"name":"Root Canal Treatment"}]},{"@type":"WebSite","@id":"https:\/\/tinaztepedis.com\/#website","url":"https:\/\/tinaztepedis.com\/","name":"T\u0131naztepe","description":"A\u011f\u0131z ve Di\u015f Sa\u011fl\u0131\u011f\u0131 Uygulama ve Ara\u015ft\u0131rma Merkezi","potentialAction":[{"@type":"SearchAction","target":{"@type":"EntryPoint","urlTemplate":"https:\/\/tinaztepedis.com\/?s={search_term_string}"},"query-input":{"@type":"PropertyValueSpecification","valueRequired":true,"valueName":"search_term_string"}}],"inLanguage":"en-US"}]}},"_links":{"self":[{"href":"https:\/\/tinaztepedis.com\/en\/wp-json\/wp\/v2\/pages\/4901","targetHints":{"allow":["GET"]}}],"collection":[{"href":"https:\/\/tinaztepedis.com\/en\/wp-json\/wp\/v2\/pages"}],"about":[{"href":"https:\/\/tinaztepedis.com\/en\/wp-json\/wp\/v2\/types\/page"}],"author":[{"embeddable":true,"href":"https:\/\/tinaztepedis.com\/en\/wp-json\/wp\/v2\/users\/1"}],"replies":[{"embeddable":true,"href":"https:\/\/tinaztepedis.com\/en\/wp-json\/wp\/v2\/comments?post=4901"}],"version-history":[{"count":7,"href":"https:\/\/tinaztepedis.com\/en\/wp-json\/wp\/v2\/pages\/4901\/revisions"}],"predecessor-version":[{"id":5112,"href":"https:\/\/tinaztepedis.com\/en\/wp-json\/wp\/v2\/pages\/4901\/revisions\/5112"}],"wp:featuredmedia":[{"embeddable":true,"href":"https:\/\/tinaztepedis.com\/en\/wp-json\/wp\/v2\/media\/1941"}],"wp:attachment":[{"href":"https:\/\/tinaztepedis.com\/en\/wp-json\/wp\/v2\/media?parent=4901"}],"curies":[{"name":"wp","href":"https:\/\/api.w.org\/{rel}","templated":true}]}}