{"id":4902,"date":"2023-02-24T08:12:57","date_gmt":"2023-02-24T08:12:57","guid":{"rendered":"https:\/\/tinaztepedis.com\/porselen-kaplama\/"},"modified":"2025-01-16T14:11:15","modified_gmt":"2025-01-16T14:11:15","slug":"porcelain-dental-treatment","status":"publish","type":"page","link":"https:\/\/tinaztepedis.com\/en\/porcelain-dental-treatment\/","title":{"rendered":"Porcelain Dental Treatment"},"content":{"rendered":"\t\t<div data-elementor-type=\"wp-page\" data-elementor-id=\"4902\" class=\"elementor elementor-4902 elementor-2455\" data-elementor-post-type=\"page\">\n\t\t\t\t\t\t<section class=\"elementor-section elementor-top-section elementor-element elementor-element-992b05c elementor-section-full_width elementor-hidden-mobile elementor-section-height-default elementor-section-height-default\" data-id=\"992b05c\" data-element_type=\"section\">\n\t\t\t\t\t\t<div class=\"elementor-container elementor-column-gap-default\">\n\t\t\t\t\t<div class=\"elementor-column elementor-col-100 elementor-top-column elementor-element elementor-element-3bf2fa0\" data-id=\"3bf2fa0\" data-element_type=\"column\">\n\t\t\t<div class=\"elementor-widget-wrap elementor-element-populated\">\n\t\t\t\t\t\t<div class=\"elementor-element elementor-element-7703e1a elementor--h-position-left elementor-widget__width-inherit elementor--v-position-middle elementor-arrows-position-inside elementor-pagination-position-inside elementor-widget elementor-widget-slides\" data-id=\"7703e1a\" data-element_type=\"widget\" data-settings=\"{&quot;navigation&quot;:&quot;both&quot;,&quot;autoplay&quot;:&quot;yes&quot;,&quot;pause_on_hover&quot;:&quot;yes&quot;,&quot;pause_on_interaction&quot;:&quot;yes&quot;,&quot;autoplay_speed&quot;:5000,&quot;infinite&quot;:&quot;yes&quot;,&quot;transition&quot;:&quot;slide&quot;,&quot;transition_speed&quot;:500}\" data-widget_type=\"slides.default\">\n\t\t\t\t<div class=\"elementor-widget-container\">\n\t\t\t\t\t\t\t\t\t<div class=\"elementor-swiper\">\n\t\t\t\t\t<div class=\"elementor-slides-wrapper elementor-main-swiper swiper\" role=\"region\" aria-roledescription=\"carousel\" aria-label=\"Slides\" dir=\"ltr\" data-animation=\"fadeInUp\">\n\t\t\t\t<div class=\"swiper-wrapper elementor-slides\">\n\t\t\t\t\t\t\t\t\t\t<div class=\"elementor-repeater-item-6af89cd swiper-slide\" role=\"group\" aria-roledescription=\"slide\"><div class=\"swiper-slide-bg\" role=\"img\"><\/div><div class=\"swiper-slide-inner\" ><div class=\"swiper-slide-contents\"><div class=\"elementor-slide-heading\">\u0130ZM\u0130R TINAZTEPE UNIVERSITY <br>DENTAL HEALTH <br>CLINICAL AND RESEARCH CENTER<\/div><div class=\"elementor-slide-description\">Porcelain Dental Treatment<\/div><\/div><\/div><\/div>\t\t\t\t<\/div>\n\t\t\t\t\t\t\t<\/div>\n\t\t\t\t<\/div>\n\t\t\t\t\t\t\t\t<\/div>\n\t\t\t\t<\/div>\n\t\t\t\t\t<\/div>\n\t\t<\/div>\n\t\t\t\t\t<\/div>\n\t\t<\/section>\n\t\t\t\t<section class=\"elementor-section elementor-top-section elementor-element elementor-element-ad04a2a elementor-section-full_width elementor-hidden-desktop elementor-hidden-tablet elementor-section-height-default elementor-section-height-default\" data-id=\"ad04a2a\" data-element_type=\"section\">\n\t\t\t\t\t\t<div class=\"elementor-container elementor-column-gap-default\">\n\t\t\t\t\t<div class=\"elementor-column elementor-col-100 elementor-top-column elementor-element elementor-element-3ad3843\" data-id=\"3ad3843\" data-element_type=\"column\">\n\t\t\t<div class=\"elementor-widget-wrap elementor-element-populated\">\n\t\t\t\t\t\t<div class=\"elementor-element elementor-element-f0be8ac elementor-widget__width-inherit elementor--v-position-bottom elementor--h-position-center elementor-arrows-position-inside elementor-pagination-position-inside elementor-widget elementor-widget-slides\" data-id=\"f0be8ac\" data-element_type=\"widget\" data-settings=\"{&quot;navigation&quot;:&quot;both&quot;,&quot;autoplay&quot;:&quot;yes&quot;,&quot;pause_on_hover&quot;:&quot;yes&quot;,&quot;pause_on_interaction&quot;:&quot;yes&quot;,&quot;autoplay_speed&quot;:5000,&quot;infinite&quot;:&quot;yes&quot;,&quot;transition&quot;:&quot;slide&quot;,&quot;transition_speed&quot;:500}\" data-widget_type=\"slides.default\">\n\t\t\t\t<div class=\"elementor-widget-container\">\n\t\t\t\t\t\t\t\t\t<div class=\"elementor-swiper\">\n\t\t\t\t\t<div class=\"elementor-slides-wrapper elementor-main-swiper swiper\" role=\"region\" aria-roledescription=\"carousel\" aria-label=\"Slides\" dir=\"ltr\" data-animation=\"fadeInUp\">\n\t\t\t\t<div class=\"swiper-wrapper elementor-slides\">\n\t\t\t\t\t\t\t\t\t\t<div class=\"elementor-repeater-item-6af89cd swiper-slide\" role=\"group\" aria-roledescription=\"slide\"><div class=\"swiper-slide-bg\" role=\"img\"><\/div><div class=\"swiper-slide-inner\" ><div class=\"swiper-slide-contents\"><div class=\"elementor-slide-heading\">\u0130ZM\u0130R TINAZTEPE UNIVERSITY <br>DENTAL HEALTH <br>CLINICAL AND RESEARCH CENTER<\/div><div class=\"elementor-slide-description\">Porcelain Dental Treatment<\/div><\/div><\/div><\/div>\t\t\t\t<\/div>\n\t\t\t\t\t\t\t<\/div>\n\t\t\t\t<\/div>\n\t\t\t\t\t\t\t\t<\/div>\n\t\t\t\t<\/div>\n\t\t\t\t\t<\/div>\n\t\t<\/div>\n\t\t\t\t\t<\/div>\n\t\t<\/section>\n\t\t\t\t<section class=\"elementor-section elementor-top-section elementor-element elementor-element-e3774be elementor-section-boxed elementor-section-height-default elementor-section-height-default\" data-id=\"e3774be\" data-element_type=\"section\">\n\t\t\t\t\t\t<div class=\"elementor-container elementor-column-gap-default\">\n\t\t\t\t\t<div class=\"elementor-column elementor-col-100 elementor-top-column elementor-element elementor-element-658904c\" data-id=\"658904c\" data-element_type=\"column\">\n\t\t\t<div class=\"elementor-widget-wrap elementor-element-populated\">\n\t\t\t\t\t\t<div class=\"elementor-element elementor-element-9cdbf83 elementor-widget__width-initial elementor-align-center elementor-widget elementor-widget-button\" data-id=\"9cdbf83\" data-element_type=\"widget\" data-widget_type=\"button.default\">\n\t\t\t\t<div class=\"elementor-widget-container\">\n\t\t\t\t\t\t\t\t\t<div class=\"elementor-button-wrapper\">\n\t\t\t\t\t<a class=\"elementor-button elementor-button-link elementor-size-sm\" href=\"#elementor-action%3Aaction%3Dpopup%3Aopen%26settings%3DeyJpZCI6MTg2OCwidG9nZ2xlIjpmYWxzZX0%3D\">\n\t\t\t\t\t\t<span class=\"elementor-button-content-wrapper\">\n\t\t\t\t\t\t\t\t\t<span class=\"elementor-button-text\">MAKE AN APPOINTMENT<\/span>\n\t\t\t\t\t<\/span>\n\t\t\t\t\t<\/a>\n\t\t\t\t<\/div>\n\t\t\t\t\t\t\t\t<\/div>\n\t\t\t\t<\/div>\n\t\t\t\t<div class=\"elementor-element elementor-element-fb06520 elementor-widget elementor-widget-image\" data-id=\"fb06520\" data-element_type=\"widget\" data-widget_type=\"image.default\">\n\t\t\t\t<div class=\"elementor-widget-container\">\n\t\t\t\t\t\t\t\t\t\t\t\t\t\t\t<img fetchpriority=\"high\" decoding=\"async\" width=\"1120\" height=\"460\" src=\"https:\/\/tinaztepedis.com\/wp-content\/uploads\/2023\/02\/tinaztepeporselen.jpg\" class=\"attachment-full size-full wp-image-2461\" alt=\"\" srcset=\"https:\/\/tinaztepedis.com\/wp-content\/uploads\/2023\/02\/tinaztepeporselen.jpg 1120w, https:\/\/tinaztepedis.com\/wp-content\/uploads\/2023\/02\/tinaztepeporselen-300x123.jpg 300w, https:\/\/tinaztepedis.com\/wp-content\/uploads\/2023\/02\/tinaztepeporselen-1024x421.jpg 1024w, https:\/\/tinaztepedis.com\/wp-content\/uploads\/2023\/02\/tinaztepeporselen-768x315.jpg 768w\" sizes=\"(max-width: 1120px) 100vw, 1120px\" \/>\t\t\t\t\t\t\t\t\t\t\t\t\t\t\t<\/div>\n\t\t\t\t<\/div>\n\t\t\t\t<section class=\"elementor-section elementor-inner-section elementor-element elementor-element-ad880d9 elementor-section-boxed elementor-section-height-default elementor-section-height-default\" data-id=\"ad880d9\" data-element_type=\"section\">\n\t\t\t\t\t\t<div class=\"elementor-container elementor-column-gap-default\">\n\t\t\t\t\t<div class=\"elementor-column elementor-col-100 elementor-inner-column elementor-element elementor-element-7b384c5\" data-id=\"7b384c5\" data-element_type=\"column\">\n\t\t\t<div class=\"elementor-widget-wrap elementor-element-populated\">\n\t\t\t\t\t\t<div class=\"elementor-element elementor-element-1db06d9 t_content elementor-widget elementor-widget-text-editor\" data-id=\"1db06d9\" data-element_type=\"widget\" data-widget_type=\"text-editor.default\">\n\t\t\t\t<div class=\"elementor-widget-container\">\n\t\t\t\t\t\t\t\t\t<h3><strong>How is Metal-Supported Porcelain Dental Treatment Performed?<\/strong><\/h3><p><span style=\"font-weight: 400;\">The teeth are reduced in accordance with the thickness of the coating to be applied.<\/span><\/p><p><span style=\"font-weight: 400;\">Then, the measurement of the reduced teeth is taken and this measurement is sent to the laboratory.<\/span><\/p><p><span style=\"font-weight: 400;\">The treatment takes about 2 weeks to complete. During this time, rehearsals are held 3-4 times.<\/span><\/p><p><span style=\"font-weight: 400;\">If a problem is detected during rehearsals, it is sent back to the laboratory and the necessary corrections are made.<\/span><\/p><p><span style=\"font-weight: 400;\">Porcelain veneers that come in the final form from the laboratory are glued to the teeth with a special adhesive.<\/span><\/p><h3><strong>What are the Advantages of Metal-Supported Porcelain Dental Treatment?<\/strong><\/h3><p><span style=\"font-weight: 400;\">It can be used for a long time because it has a durable material.<\/span><\/p><p><span style=\"font-weight: 400;\">It creates an aesthetic image.<\/span><\/p><p><span style=\"font-weight: 400;\">Zirconium and glass are more economical than ceramic crowns.<\/span><\/p><h3><strong>What is Zirconium Dental Treatment?<\/strong><\/h3><p><span style=\"font-weight: 400;\">Dental veneers are divided into two parts: metal-supported and metal-unsupported. For a more aesthetic smile, dentists are also involved in more aesthetic treatment approaches. Zirconium dental veneer is one of the group of veneers without metal support and offers a more natural appearance compared to metal-supported veneers due to its white color.<\/span><\/p><h3><strong>What are the Advantages of Zirconium Dental Treatment?<\/strong><\/h3><p><span style=\"font-weight: 400;\">Due to the white color of zirconium and the higher light transmittance compared to metal-supported coatings, it does not form a dark color on the gums, and problems such as black reflection from the gum edge, which may occur on metal-supported porcelain teeth in the future, will not occur.<\/span><\/p><p><span style=\"font-weight: 400;\">Zirconium dental coating is an ideal type of dental treatment for patients with allergies to metal. Thanks to the light transmittance of the zirconium dental coating, the matte image disappears, providing a more natural and more aesthetic appearance. In addition, it is preferred more on the front teeth due to its more aesthetic appearance compared to the teeth that are metal.<\/span><\/p><h3><strong>What is a Glass Ceramic Tooth?<\/strong><\/h3><p><span style=\"font-weight: 400;\">Glass ceramics are used to achieve the closest and most natural appearance to the teeth. It has similarities with the crystal structure of natural tooth enamel. The light transmittance is similar to teeth. Therefore, the coating can be made in the same color, form and light transmittance as the tooth. It is especially preferred on the front teeth. It is more aesthetic than metal-backed porcelain crowns and zirconium crowns.<\/span><\/p><h3><strong>What are the Advantages of Glass Ceramic Teeth?<\/strong><\/h3><p><span style=\"font-weight: 400;\">It provides high quality results aesthetically.<\/span><\/p><p><span style=\"font-weight: 400;\">When done correctly, it is extremely healthy in terms of gums.<\/span><\/p><p><span style=\"font-weight: 400;\">Possible deformation and color changes in the teeth can be easily corrected with this application.<\/span><\/p><p><span style=\"font-weight: 400;\">After the application, a more youthful appearance and a dynamic smile are achieved.<\/span><\/p><h3><strong>What is Porcelain Laminate Veneer?<\/strong><\/h3><p><span style=\"font-weight: 400;\">In tooth color, they are thin porcelain teeth made by eroding only the anterior region of the teeth. It is a treatment method applied on teeth that are colored, damaged or the tooth size does not correspond to the mouth structure. Porcelain laminate veneer restorations are made of glass ceramic. The difference from glass ceramic crowns is that only the front face of the tooth is eroded at a minimum level.<\/span><\/p><h3><strong>What are the Advantages of Porcelain Laminate Veneer?<\/strong><\/h3><p><span style=\"font-weight: 400;\">Due to the fact that the teeth are not reduced completely, the tooth structure is preserved.<\/span><\/p><p><span style=\"font-weight: 400;\">It is close to the natural tooth in terms of color and appearance.<\/span><\/p><p><span style=\"font-weight: 400;\">It has an aesthetic appearance.<\/span><\/p><p><span style=\"font-weight: 400;\">The adhesives used in the application provide chemical bonding between the tooth and the glass-ceramic structure. Dec.<\/span><\/p><p><span style=\"font-weight: 400;\">Unlike laminates made with composite, which is a filling material, it does not color due to tea, coffee or acidic drinks.<\/span><\/p><p><span style=\"font-weight: 400;\">If a smile design is made at the beginning of treatment, it is possible to see the final version of the application with an example before the treatment ends.<\/span><\/p>\t\t\t\t\t\t\t\t<\/div>\n\t\t\t\t<\/div>\n\t\t\t\t<div class=\"elementor-element elementor-element-e5cd830 elementor-widget elementor-widget-heading\" data-id=\"e5cd830\" data-element_type=\"widget\" data-widget_type=\"heading.default\">\n\t\t\t\t<div class=\"elementor-widget-container\">\n\t\t\t\t\t<h2 class=\"elementor-heading-title elementor-size-default\">Get Information<\/h2>\t\t\t\t<\/div>\n\t\t\t\t<\/div>\n\t\t\t\t<div class=\"elementor-element elementor-element-2e7211a elementor-button-align-stretch elementor-widget elementor-widget-form\" data-id=\"2e7211a\" data-element_type=\"widget\" data-settings=\"{&quot;step_next_label&quot;:&quot;Next&quot;,&quot;step_previous_label&quot;:&quot;Previous&quot;,&quot;button_width&quot;:&quot;100&quot;,&quot;step_type&quot;:&quot;number_text&quot;,&quot;step_icon_shape&quot;:&quot;circle&quot;}\" data-widget_type=\"form.default\">\n\t\t\t\t<div class=\"elementor-widget-container\">\n\t\t\t\t\t\t\t<form class=\"elementor-form\" method=\"post\" name=\"New Form\">\n\t\t\t<input type=\"hidden\" name=\"post_id\" value=\"4902\"\/>\n\t\t\t<input type=\"hidden\" name=\"form_id\" value=\"2e7211a\"\/>\n\t\t\t<input type=\"hidden\" name=\"referer_title\" value=\"T\u0131naztepe\" \/>\n\n\t\t\t\n\t\t\t<div class=\"elementor-form-fields-wrapper elementor-labels-above\">\n\t\t\t\t\t\t\t\t<div class=\"elementor-field-type-text elementor-field-group elementor-column elementor-field-group-name elementor-col-100\">\n\t\t\t\t\t\t\t\t\t\t\t\t\t<input size=\"1\" type=\"text\" name=\"form_fields[name]\" id=\"form-field-name\" class=\"elementor-field elementor-size-sm  elementor-field-textual\" placeholder=\"Name Surname\">\n\t\t\t\t\t\t\t\t\t\t\t<\/div>\n\t\t\t\t\t\t\t\t<div class=\"elementor-field-type-tel elementor-field-group elementor-column elementor-field-group-field_2102809 elementor-col-100\">\n\t\t\t\t\t\t\t<input size=\"1\" type=\"tel\" name=\"form_fields[field_2102809]\" id=\"form-field-field_2102809\" class=\"elementor-field elementor-size-sm  elementor-field-textual\" placeholder=\"Phone Number\" pattern=\"[0-9()#&amp;+*-=.]+\" title=\"Only numbers and phone characters (#, -, *, etc) are accepted.\">\n\n\t\t\t\t\t\t<\/div>\n\t\t\t\t\t\t\t\t<div class=\"elementor-field-type-email elementor-field-group elementor-column elementor-field-group-email elementor-col-100 elementor-field-required\">\n\t\t\t\t\t\t\t\t\t\t\t\t\t<input size=\"1\" type=\"email\" name=\"form_fields[email]\" id=\"form-field-email\" class=\"elementor-field elementor-size-sm  elementor-field-textual\" placeholder=\"E-mail\" required=\"required\" aria-required=\"true\">\n\t\t\t\t\t\t\t\t\t\t\t<\/div>\n\t\t\t\t\t\t\t\t<div class=\"elementor-field-type-textarea elementor-field-group elementor-column elementor-field-group-message elementor-col-100\">\n\t\t\t\t\t<textarea class=\"elementor-field-textual elementor-field  elementor-size-sm\" name=\"form_fields[message]\" id=\"form-field-message\" rows=\"4\" placeholder=\"Message\"><\/textarea>\t\t\t\t<\/div>\n\t\t\t\t\t\t\t\t<div class=\"elementor-field-group elementor-column elementor-field-type-submit elementor-col-100 e-form__buttons\">\n\t\t\t\t\t<button class=\"elementor-button elementor-size-sm\" type=\"submit\">\n\t\t\t\t\t\t<span class=\"elementor-button-content-wrapper\">\n\t\t\t\t\t\t\t\t\t\t\t\t\t\t\t\t\t\t\t\t\t\t<span class=\"elementor-button-text\">Send<\/span>\n\t\t\t\t\t\t\t\t\t\t\t\t\t<\/span>\n\t\t\t\t\t<\/button>\n\t\t\t\t<\/div>\n\t\t\t<\/div>\n\t\t<\/form>\n\t\t\t\t\t\t<\/div>\n\t\t\t\t<\/div>\n\t\t\t\t\t<\/div>\n\t\t<\/div>\n\t\t\t\t\t<\/div>\n\t\t<\/section>\n\t\t\t\t\t<\/div>\n\t\t<\/div>\n\t\t\t\t\t<\/div>\n\t\t<\/section>\n\t\t\t\t<\/div>\n\t\t","protected":false},"excerpt":{"rendered":"<p>\u0130ZM\u0130R TINAZTEPE UNIVERSITY DENTAL HEALTH CLINICAL AND RESEARCH CENTER \u0130ZM\u0130R TINAZTEPE UNIVERSITY DENTAL HEALTH CLINICAL AND RESEARCH CENTER MAKE AN APPOINTMENT How is Metal-Supported Porcelain Dental Treatment Performed? The teeth are reduced in accordance with the thickness of the coating to be applied. Then, the measurement of the reduced teeth is taken and this measurement [&hellip;]<\/p>\n","protected":false},"author":1,"featured_media":2461,"parent":0,"menu_order":0,"comment_status":"closed","ping_status":"closed","template":"elementor_header_footer","meta":{"footnotes":""},"class_list":["post-4902","page","type-page","status-publish","has-post-thumbnail","hentry"],"yoast_head":"<!-- This site is optimized with the Yoast SEO plugin v24.2 - https:\/\/yoast.com\/wordpress\/plugins\/seo\/ -->\n<title>Porcelain Dental Treatment - T\u0131naztepe<\/title>\n<meta name=\"description\" content=\"Transparent aligners are clear trays used instead of brackets attached to the tooth surface. The treatment for existing dental misalignments is virtually planned using computer software.\" \/>\n<meta name=\"robots\" content=\"index, follow, max-snippet:-1, max-image-preview:large, max-video-preview:-1\" \/>\n<link rel=\"canonical\" href=\"https:\/\/tinaztepedis.com\/en\/porcelain-dental-treatment\/\" \/>\n<meta property=\"og:locale\" content=\"en_US\" \/>\n<meta property=\"og:type\" content=\"article\" \/>\n<meta property=\"og:title\" content=\"Porcelain Dental Treatment - T\u0131naztepe\" \/>\n<meta property=\"og:description\" content=\"Transparent aligners are clear trays used instead of brackets attached to the tooth surface. The treatment for existing dental misalignments is virtually planned using computer software.\" \/>\n<meta property=\"og:url\" content=\"https:\/\/tinaztepedis.com\/en\/porcelain-dental-treatment\/\" \/>\n<meta property=\"og:site_name\" content=\"T\u0131naztepe\" \/>\n<meta property=\"article:modified_time\" content=\"2025-01-16T14:11:15+00:00\" \/>\n<meta property=\"og:image\" content=\"https:\/\/tinaztepedis.com\/wp-content\/uploads\/2023\/02\/tinaztepeporselen.jpg\" \/>\n\t<meta property=\"og:image:width\" content=\"1120\" \/>\n\t<meta property=\"og:image:height\" content=\"460\" \/>\n\t<meta property=\"og:image:type\" content=\"image\/jpeg\" \/>\n<meta name=\"twitter:card\" content=\"summary_large_image\" \/>\n<meta name=\"twitter:label1\" content=\"Est. reading time\" \/>\n\t<meta name=\"twitter:data1\" content=\"4 minutes\" \/>\n<script type=\"application\/ld+json\" class=\"yoast-schema-graph\">{\"@context\":\"https:\/\/schema.org\",\"@graph\":[{\"@type\":\"WebPage\",\"@id\":\"https:\/\/tinaztepedis.com\/en\/porcelain-dental-treatment\/\",\"url\":\"https:\/\/tinaztepedis.com\/en\/porcelain-dental-treatment\/\",\"name\":\"Porcelain Dental Treatment - T\u0131naztepe\",\"isPartOf\":{\"@id\":\"https:\/\/tinaztepedis.com\/#website\"},\"primaryImageOfPage\":{\"@id\":\"https:\/\/tinaztepedis.com\/en\/porcelain-dental-treatment\/#primaryimage\"},\"image\":{\"@id\":\"https:\/\/tinaztepedis.com\/en\/porcelain-dental-treatment\/#primaryimage\"},\"thumbnailUrl\":\"https:\/\/tinaztepedis.com\/wp-content\/uploads\/2023\/02\/tinaztepeporselen.jpg\",\"datePublished\":\"2023-02-24T08:12:57+00:00\",\"dateModified\":\"2025-01-16T14:11:15+00:00\",\"description\":\"Transparent aligners are clear trays used instead of brackets attached to the tooth surface. The treatment for existing dental misalignments is virtually planned using computer software.\",\"breadcrumb\":{\"@id\":\"https:\/\/tinaztepedis.com\/en\/porcelain-dental-treatment\/#breadcrumb\"},\"inLanguage\":\"en-US\",\"potentialAction\":[{\"@type\":\"ReadAction\",\"target\":[\"https:\/\/tinaztepedis.com\/en\/porcelain-dental-treatment\/\"]}]},{\"@type\":\"ImageObject\",\"inLanguage\":\"en-US\",\"@id\":\"https:\/\/tinaztepedis.com\/en\/porcelain-dental-treatment\/#primaryimage\",\"url\":\"https:\/\/tinaztepedis.com\/wp-content\/uploads\/2023\/02\/tinaztepeporselen.jpg\",\"contentUrl\":\"https:\/\/tinaztepedis.com\/wp-content\/uploads\/2023\/02\/tinaztepeporselen.jpg\",\"width\":1120,\"height\":460},{\"@type\":\"BreadcrumbList\",\"@id\":\"https:\/\/tinaztepedis.com\/en\/porcelain-dental-treatment\/#breadcrumb\",\"itemListElement\":[{\"@type\":\"ListItem\",\"position\":1,\"name\":\"Anasayfa\",\"item\":\"https:\/\/tinaztepedis.com\/en\/\"},{\"@type\":\"ListItem\",\"position\":2,\"name\":\"Porcelain Dental Treatment\"}]},{\"@type\":\"WebSite\",\"@id\":\"https:\/\/tinaztepedis.com\/#website\",\"url\":\"https:\/\/tinaztepedis.com\/\",\"name\":\"T\u0131naztepe\",\"description\":\"A\u011f\u0131z ve Di\u015f Sa\u011fl\u0131\u011f\u0131 Uygulama ve Ara\u015ft\u0131rma Merkezi\",\"potentialAction\":[{\"@type\":\"SearchAction\",\"target\":{\"@type\":\"EntryPoint\",\"urlTemplate\":\"https:\/\/tinaztepedis.com\/?s={search_term_string}\"},\"query-input\":{\"@type\":\"PropertyValueSpecification\",\"valueRequired\":true,\"valueName\":\"search_term_string\"}}],\"inLanguage\":\"en-US\"}]}<\/script>\n<!-- \/ Yoast SEO plugin. -->","yoast_head_json":{"title":"Porcelain Dental Treatment - T\u0131naztepe","description":"Transparent aligners are clear trays used instead of brackets attached to the tooth surface. The treatment for existing dental misalignments is virtually planned using computer software.","robots":{"index":"index","follow":"follow","max-snippet":"max-snippet:-1","max-image-preview":"max-image-preview:large","max-video-preview":"max-video-preview:-1"},"canonical":"https:\/\/tinaztepedis.com\/en\/porcelain-dental-treatment\/","og_locale":"en_US","og_type":"article","og_title":"Porcelain Dental Treatment - T\u0131naztepe","og_description":"Transparent aligners are clear trays used instead of brackets attached to the tooth surface. The treatment for existing dental misalignments is virtually planned using computer software.","og_url":"https:\/\/tinaztepedis.com\/en\/porcelain-dental-treatment\/","og_site_name":"T\u0131naztepe","article_modified_time":"2025-01-16T14:11:15+00:00","og_image":[{"width":1120,"height":460,"url":"https:\/\/tinaztepedis.com\/wp-content\/uploads\/2023\/02\/tinaztepeporselen.jpg","type":"image\/jpeg"}],"twitter_card":"summary_large_image","twitter_misc":{"Est. reading time":"4 minutes"},"schema":{"@context":"https:\/\/schema.org","@graph":[{"@type":"WebPage","@id":"https:\/\/tinaztepedis.com\/en\/porcelain-dental-treatment\/","url":"https:\/\/tinaztepedis.com\/en\/porcelain-dental-treatment\/","name":"Porcelain Dental Treatment - T\u0131naztepe","isPartOf":{"@id":"https:\/\/tinaztepedis.com\/#website"},"primaryImageOfPage":{"@id":"https:\/\/tinaztepedis.com\/en\/porcelain-dental-treatment\/#primaryimage"},"image":{"@id":"https:\/\/tinaztepedis.com\/en\/porcelain-dental-treatment\/#primaryimage"},"thumbnailUrl":"https:\/\/tinaztepedis.com\/wp-content\/uploads\/2023\/02\/tinaztepeporselen.jpg","datePublished":"2023-02-24T08:12:57+00:00","dateModified":"2025-01-16T14:11:15+00:00","description":"Transparent aligners are clear trays used instead of brackets attached to the tooth surface. The treatment for existing dental misalignments is virtually planned using computer software.","breadcrumb":{"@id":"https:\/\/tinaztepedis.com\/en\/porcelain-dental-treatment\/#breadcrumb"},"inLanguage":"en-US","potentialAction":[{"@type":"ReadAction","target":["https:\/\/tinaztepedis.com\/en\/porcelain-dental-treatment\/"]}]},{"@type":"ImageObject","inLanguage":"en-US","@id":"https:\/\/tinaztepedis.com\/en\/porcelain-dental-treatment\/#primaryimage","url":"https:\/\/tinaztepedis.com\/wp-content\/uploads\/2023\/02\/tinaztepeporselen.jpg","contentUrl":"https:\/\/tinaztepedis.com\/wp-content\/uploads\/2023\/02\/tinaztepeporselen.jpg","width":1120,"height":460},{"@type":"BreadcrumbList","@id":"https:\/\/tinaztepedis.com\/en\/porcelain-dental-treatment\/#breadcrumb","itemListElement":[{"@type":"ListItem","position":1,"name":"Anasayfa","item":"https:\/\/tinaztepedis.com\/en\/"},{"@type":"ListItem","position":2,"name":"Porcelain Dental Treatment"}]},{"@type":"WebSite","@id":"https:\/\/tinaztepedis.com\/#website","url":"https:\/\/tinaztepedis.com\/","name":"T\u0131naztepe","description":"A\u011f\u0131z ve Di\u015f Sa\u011fl\u0131\u011f\u0131 Uygulama ve Ara\u015ft\u0131rma Merkezi","potentialAction":[{"@type":"SearchAction","target":{"@type":"EntryPoint","urlTemplate":"https:\/\/tinaztepedis.com\/?s={search_term_string}"},"query-input":{"@type":"PropertyValueSpecification","valueRequired":true,"valueName":"search_term_string"}}],"inLanguage":"en-US"}]}},"_links":{"self":[{"href":"https:\/\/tinaztepedis.com\/en\/wp-json\/wp\/v2\/pages\/4902","targetHints":{"allow":["GET"]}}],"collection":[{"href":"https:\/\/tinaztepedis.com\/en\/wp-json\/wp\/v2\/pages"}],"about":[{"href":"https:\/\/tinaztepedis.com\/en\/wp-json\/wp\/v2\/types\/page"}],"author":[{"embeddable":true,"href":"https:\/\/tinaztepedis.com\/en\/wp-json\/wp\/v2\/users\/1"}],"replies":[{"embeddable":true,"href":"https:\/\/tinaztepedis.com\/en\/wp-json\/wp\/v2\/comments?post=4902"}],"version-history":[{"count":8,"href":"https:\/\/tinaztepedis.com\/en\/wp-json\/wp\/v2\/pages\/4902\/revisions"}],"predecessor-version":[{"id":5115,"href":"https:\/\/tinaztepedis.com\/en\/wp-json\/wp\/v2\/pages\/4902\/revisions\/5115"}],"wp:featuredmedia":[{"embeddable":true,"href":"https:\/\/tinaztepedis.com\/en\/wp-json\/wp\/v2\/media\/2461"}],"wp:attachment":[{"href":"https:\/\/tinaztepedis.com\/en\/wp-json\/wp\/v2\/media?parent=4902"}],"curies":[{"name":"wp","href":"https:\/\/api.w.org\/{rel}","templated":true}]}}