{"id":5310,"date":"2025-01-22T08:34:20","date_gmt":"2025-01-22T08:34:20","guid":{"rendered":"https:\/\/tinaztepedis.com\/dr-ogr-uyesi-ece-ozer\/"},"modified":"2025-01-29T07:44:15","modified_gmt":"2025-01-29T07:44:15","slug":"asst-prof-dr-ece-ozer","status":"publish","type":"page","link":"https:\/\/tinaztepedis.com\/en\/asst-prof-dr-ece-ozer\/","title":{"rendered":"Asst. Prof. Dr. Ece \u00d6ZER"},"content":{"rendered":"\t\t<div data-elementor-type=\"wp-page\" data-elementor-id=\"5310\" class=\"elementor elementor-5310 elementor-5304\" data-elementor-post-type=\"page\">\n\t\t\t\t\t\t<section class=\"elementor-section elementor-top-section elementor-element elementor-element-1c21e49 elementor-section-full_width elementor-hidden-mobile elementor-section-height-default elementor-section-height-default\" data-id=\"1c21e49\" data-element_type=\"section\">\n\t\t\t\t\t\t<div class=\"elementor-container elementor-column-gap-default\">\n\t\t\t\t\t<div class=\"elementor-column elementor-col-100 elementor-top-column elementor-element elementor-element-56965a5\" data-id=\"56965a5\" data-element_type=\"column\">\n\t\t\t<div class=\"elementor-widget-wrap elementor-element-populated\">\n\t\t\t\t\t\t<div class=\"elementor-element elementor-element-0650f89 elementor--h-position-left elementor-widget__width-inherit elementor--v-position-middle elementor-arrows-position-inside elementor-pagination-position-inside elementor-widget elementor-widget-slides\" data-id=\"0650f89\" data-element_type=\"widget\" data-settings=\"{&quot;navigation&quot;:&quot;both&quot;,&quot;autoplay&quot;:&quot;yes&quot;,&quot;pause_on_hover&quot;:&quot;yes&quot;,&quot;pause_on_interaction&quot;:&quot;yes&quot;,&quot;autoplay_speed&quot;:5000,&quot;infinite&quot;:&quot;yes&quot;,&quot;transition&quot;:&quot;slide&quot;,&quot;transition_speed&quot;:500}\" data-widget_type=\"slides.default\">\n\t\t\t\t<div class=\"elementor-widget-container\">\n\t\t\t\t\t\t\t\t\t<div class=\"elementor-swiper\">\n\t\t\t\t\t<div class=\"elementor-slides-wrapper elementor-main-swiper swiper\" role=\"region\" aria-roledescription=\"carousel\" aria-label=\"Slides\" dir=\"ltr\" data-animation=\"fadeInUp\">\n\t\t\t\t<div class=\"swiper-wrapper elementor-slides\">\n\t\t\t\t\t\t\t\t\t\t<div class=\"elementor-repeater-item-6af89cd swiper-slide\" role=\"group\" aria-roledescription=\"slide\"><div class=\"swiper-slide-bg\" role=\"img\"><\/div><div class=\"swiper-slide-inner\" ><div class=\"swiper-slide-contents\"><div class=\"elementor-slide-heading\">\u0130ZM\u0130R TINAZTEPE UNIVERSITY <br>DENTAL HEALTH <br>CLINICAL AND RESEARCH CENTER<\/div><div class=\"elementor-slide-description\">Asst. Prof. Dr.<br> Ece \u00d6ZER<\/div><\/div><\/div><\/div>\t\t\t\t<\/div>\n\t\t\t\t\t\t\t<\/div>\n\t\t\t\t<\/div>\n\t\t\t\t\t\t\t\t<\/div>\n\t\t\t\t<\/div>\n\t\t\t\t\t<\/div>\n\t\t<\/div>\n\t\t\t\t\t<\/div>\n\t\t<\/section>\n\t\t\t\t<section class=\"elementor-section elementor-top-section elementor-element elementor-element-71d5bba elementor-section-full_width elementor-hidden-desktop elementor-hidden-tablet elementor-section-height-default elementor-section-height-default\" data-id=\"71d5bba\" data-element_type=\"section\">\n\t\t\t\t\t\t<div class=\"elementor-container elementor-column-gap-default\">\n\t\t\t\t\t<div class=\"elementor-column elementor-col-100 elementor-top-column elementor-element elementor-element-605f936\" data-id=\"605f936\" data-element_type=\"column\">\n\t\t\t<div class=\"elementor-widget-wrap elementor-element-populated\">\n\t\t\t\t\t\t<div class=\"elementor-element elementor-element-0ef6063 elementor-widget__width-inherit elementor--v-position-bottom elementor--h-position-center elementor-arrows-position-inside elementor-pagination-position-inside elementor-widget elementor-widget-slides\" data-id=\"0ef6063\" data-element_type=\"widget\" data-settings=\"{&quot;navigation&quot;:&quot;both&quot;,&quot;autoplay&quot;:&quot;yes&quot;,&quot;pause_on_hover&quot;:&quot;yes&quot;,&quot;pause_on_interaction&quot;:&quot;yes&quot;,&quot;autoplay_speed&quot;:5000,&quot;infinite&quot;:&quot;yes&quot;,&quot;transition&quot;:&quot;slide&quot;,&quot;transition_speed&quot;:500}\" data-widget_type=\"slides.default\">\n\t\t\t\t<div class=\"elementor-widget-container\">\n\t\t\t\t\t\t\t\t\t<div class=\"elementor-swiper\">\n\t\t\t\t\t<div class=\"elementor-slides-wrapper elementor-main-swiper swiper\" role=\"region\" aria-roledescription=\"carousel\" aria-label=\"Slides\" dir=\"ltr\" data-animation=\"fadeInUp\">\n\t\t\t\t<div class=\"swiper-wrapper elementor-slides\">\n\t\t\t\t\t\t\t\t\t\t<div class=\"elementor-repeater-item-6af89cd swiper-slide\" role=\"group\" aria-roledescription=\"slide\"><div class=\"swiper-slide-bg\" role=\"img\"><\/div><div class=\"swiper-slide-inner\" ><div class=\"swiper-slide-contents\"><div class=\"elementor-slide-heading\">\u0130ZM\u0130R TINAZTEPE UNIVERSITY <br>DENTAL HEALTH <br>CLINICAL AND RESEARCH CENTER<\/div><div class=\"elementor-slide-description\">Asst. Prof. Dr.<br>Ece \u00d6ZER<\/div><div  class=\"elementor-button elementor-slide-button elementor-size-sm\">Ke\u015ffedin<\/div><\/div><\/div><\/div>\t\t\t\t<\/div>\n\t\t\t\t\t\t\t<\/div>\n\t\t\t\t<\/div>\n\t\t\t\t\t\t\t\t<\/div>\n\t\t\t\t<\/div>\n\t\t\t\t\t<\/div>\n\t\t<\/div>\n\t\t\t\t\t<\/div>\n\t\t<\/section>\n\t\t\t\t<section class=\"elementor-section elementor-top-section elementor-element elementor-element-1fdbf56 elementor-section-boxed elementor-section-height-default elementor-section-height-default\" data-id=\"1fdbf56\" data-element_type=\"section\">\n\t\t\t\t\t\t<div class=\"elementor-container elementor-column-gap-default\">\n\t\t\t\t\t<div class=\"elementor-column elementor-col-100 elementor-top-column elementor-element elementor-element-49f301e\" data-id=\"49f301e\" data-element_type=\"column\">\n\t\t\t<div class=\"elementor-widget-wrap elementor-element-populated\">\n\t\t\t\t\t\t<section class=\"elementor-section elementor-inner-section elementor-element elementor-element-386b92d elementor-section-boxed elementor-section-height-default elementor-section-height-default\" data-id=\"386b92d\" data-element_type=\"section\">\n\t\t\t\t\t\t<div class=\"elementor-container elementor-column-gap-default\">\n\t\t\t\t\t<div class=\"elementor-column elementor-col-50 elementor-inner-column elementor-element elementor-element-20f45aa\" data-id=\"20f45aa\" data-element_type=\"column\">\n\t\t\t<div class=\"elementor-widget-wrap elementor-element-populated\">\n\t\t\t\t\t\t<div class=\"elementor-element elementor-element-9e6bfd0 elementor-widget elementor-widget-image\" data-id=\"9e6bfd0\" data-element_type=\"widget\" data-widget_type=\"image.default\">\n\t\t\t\t<div class=\"elementor-widget-container\">\n\t\t\t\t\t\t\t\t\t\t\t\t\t\t\t<img fetchpriority=\"high\" decoding=\"async\" width=\"800\" height=\"800\" src=\"https:\/\/tinaztepedis.com\/wp-content\/uploads\/2025\/01\/ece-ozer-Periodontoloji.jpg\" class=\"attachment-large size-large wp-image-5346\" alt=\"\" srcset=\"https:\/\/tinaztepedis.com\/wp-content\/uploads\/2025\/01\/ece-ozer-Periodontoloji.jpg 890w, https:\/\/tinaztepedis.com\/wp-content\/uploads\/2025\/01\/ece-ozer-Periodontoloji-300x300.jpg 300w, https:\/\/tinaztepedis.com\/wp-content\/uploads\/2025\/01\/ece-ozer-Periodontoloji-150x150.jpg 150w, https:\/\/tinaztepedis.com\/wp-content\/uploads\/2025\/01\/ece-ozer-Periodontoloji-768x768.jpg 768w\" sizes=\"(max-width: 800px) 100vw, 800px\" \/>\t\t\t\t\t\t\t\t\t\t\t\t\t\t\t<\/div>\n\t\t\t\t<\/div>\n\t\t\t\t\t<\/div>\n\t\t<\/div>\n\t\t\t\t<div class=\"elementor-column elementor-col-50 elementor-inner-column elementor-element elementor-element-d7677ed\" data-id=\"d7677ed\" data-element_type=\"column\">\n\t\t\t<div class=\"elementor-widget-wrap elementor-element-populated\">\n\t\t\t\t\t\t<div class=\"elementor-element elementor-element-30ffecf elementor-widget elementor-widget-heading\" data-id=\"30ffecf\" data-element_type=\"widget\" data-widget_type=\"heading.default\">\n\t\t\t\t<div class=\"elementor-widget-container\">\n\t\t\t\t\t<h2 class=\"elementor-heading-title elementor-size-default\">Asst. Prof. Dr. Ece \u00d6ZER<\/h2>\t\t\t\t<\/div>\n\t\t\t\t<\/div>\n\t\t\t\t<div class=\"elementor-element elementor-element-16f129e elementor-widget elementor-widget-heading\" data-id=\"16f129e\" data-element_type=\"widget\" data-widget_type=\"heading.default\">\n\t\t\t\t<div class=\"elementor-widget-container\">\n\t\t\t\t\t<h2 class=\"elementor-heading-title elementor-size-default\">Faculty of Dentistry<\/h2>\t\t\t\t<\/div>\n\t\t\t\t<\/div>\n\t\t\t\t<div class=\"elementor-element elementor-element-03e5344 elementor-widget elementor-widget-heading\" data-id=\"03e5344\" data-element_type=\"widget\" data-widget_type=\"heading.default\">\n\t\t\t\t<div class=\"elementor-widget-container\">\n\t\t\t\t\t<h2 class=\"elementor-heading-title elementor-size-default\">Department of Periodontology<\/h2>\t\t\t\t<\/div>\n\t\t\t\t<\/div>\n\t\t\t\t<div class=\"elementor-element elementor-element-93dc530 elementor-widget elementor-widget-heading\" data-id=\"93dc530\" data-element_type=\"widget\" data-widget_type=\"heading.default\">\n\t\t\t\t<div class=\"elementor-widget-container\">\n\t\t\t\t\t<h2 class=\"elementor-heading-title elementor-size-default\">ece.ozer@tinaztepe.edu.tr<\/h2>\t\t\t\t<\/div>\n\t\t\t\t<\/div>\n\t\t\t\t\t<\/div>\n\t\t<\/div>\n\t\t\t\t\t<\/div>\n\t\t<\/section>\n\t\t\t\t\t<\/div>\n\t\t<\/div>\n\t\t\t\t\t<\/div>\n\t\t<\/section>\n\t\t\t\t<section class=\"elementor-section elementor-top-section elementor-element elementor-element-6e01103 elementor-section-boxed elementor-section-height-default elementor-section-height-default\" data-id=\"6e01103\" data-element_type=\"section\">\n\t\t\t\t\t\t<div class=\"elementor-container elementor-column-gap-default\">\n\t\t\t\t\t<div class=\"elementor-column elementor-col-100 elementor-top-column elementor-element elementor-element-d377c8b\" data-id=\"d377c8b\" data-element_type=\"column\">\n\t\t\t<div class=\"elementor-widget-wrap elementor-element-populated\">\n\t\t\t\t\t\t<section class=\"elementor-section elementor-inner-section elementor-element elementor-element-558c59d elementor-section-boxed elementor-section-height-default elementor-section-height-default\" data-id=\"558c59d\" data-element_type=\"section\">\n\t\t\t\t\t\t<div class=\"elementor-container elementor-column-gap-default\">\n\t\t\t\t\t<div class=\"elementor-column elementor-col-100 elementor-inner-column elementor-element elementor-element-3ae6457\" data-id=\"3ae6457\" data-element_type=\"column\">\n\t\t\t<div class=\"elementor-widget-wrap elementor-element-populated\">\n\t\t\t\t\t\t<div class=\"elementor-element elementor-element-afe5af8 elementor-tabs-alignment-center elementor-tabs-view-horizontal elementor-widget elementor-widget-tabs\" data-id=\"afe5af8\" data-element_type=\"widget\" data-widget_type=\"tabs.default\">\n\t\t\t\t<div class=\"elementor-widget-container\">\n\t\t\t\t\t\t\t<div class=\"elementor-tabs\">\n\t\t\t<div class=\"elementor-tabs-wrapper\" role=\"tablist\" >\n\t\t\t\t\t\t\t\t\t<div id=\"elementor-tab-title-1841\" class=\"elementor-tab-title elementor-tab-desktop-title\" aria-selected=\"true\" data-tab=\"1\" role=\"tab\" tabindex=\"0\" aria-controls=\"elementor-tab-content-1841\" aria-expanded=\"false\">Education<\/div>\n\t\t\t\t\t\t\t\t\t<div id=\"elementor-tab-title-1842\" class=\"elementor-tab-title elementor-tab-desktop-title\" aria-selected=\"false\" data-tab=\"2\" role=\"tab\" tabindex=\"-1\" aria-controls=\"elementor-tab-content-1842\" aria-expanded=\"false\">Experience<\/div>\n\t\t\t\t\t\t\t\t\t<div id=\"elementor-tab-title-1843\" class=\"elementor-tab-title elementor-tab-desktop-title\" aria-selected=\"false\" data-tab=\"3\" role=\"tab\" tabindex=\"-1\" aria-controls=\"elementor-tab-content-1843\" aria-expanded=\"false\">Publications and Articles<\/div>\n\t\t\t\t\t\t\t\t\t<div id=\"elementor-tab-title-1844\" class=\"elementor-tab-title elementor-tab-desktop-title\" aria-selected=\"false\" data-tab=\"4\" role=\"tab\" tabindex=\"-1\" aria-controls=\"elementor-tab-content-1844\" aria-expanded=\"false\">Events<\/div>\n\t\t\t\t\t\t\t<\/div>\n\t\t\t<div class=\"elementor-tabs-content-wrapper\" role=\"tablist\" aria-orientation=\"vertical\">\n\t\t\t\t\t\t\t\t\t<div class=\"elementor-tab-title elementor-tab-mobile-title\" aria-selected=\"true\" data-tab=\"1\" role=\"tab\" tabindex=\"0\" aria-controls=\"elementor-tab-content-1841\" aria-expanded=\"false\">Education<\/div>\n\t\t\t\t\t<div id=\"elementor-tab-content-1841\" class=\"elementor-tab-content elementor-clearfix\" data-tab=\"1\" role=\"tabpanel\" aria-labelledby=\"elementor-tab-title-1841\" tabindex=\"0\" hidden=\"false\"><table><tbody><tr><td><b>Degree<\/b><\/td><td><b>University<\/b><\/td><td><b>Year<\/b><\/td><\/tr><tr><td>Undergraduate<\/td><td><span style=\"font-weight: 400;\">Ege University Dentistry<\/span><\/td><td><span style=\"font-weight: 400;\">2012-2017<\/span><\/td><\/tr><tr><td><span style=\"font-weight: 400;\">Specialist\u00a0<\/span><\/td><td><span style=\"font-weight: 400;\">Izmir Katip \u00c7elebi University Periodontology<\/span><\/td><td><span style=\"font-weight: 400;\">2018-2023<\/span><\/td><\/tr><tr><td><span style=\"font-weight: 400;\">Assist. Prof.\u00a0<\/span><\/td><td><span style=\"font-weight: 400;\">Izmir Tinaztepe University Periodontology<\/span><\/td><td><span style=\"font-weight: 400;\">2024-still<\/span><\/td><\/tr><\/tbody><\/table><p><b>Doctoral Thesis\/S. Qualification Study\/Medical Speciality Thesis Title and Advisor(s): <\/b><span style=\"font-weight: 400;\">Farkl\u0131 Periodontal Hastal\u0131klara Sahip Bireylerin T\u00fck\u00fcr\u00fck LRG1 (L\u00f6since Zengin \u03b1-2 Glikoprotein1) ve CRP (C-Reaktif Protein) D\u00fczeylerinin De\u011ferlendirilmesi \/ Prof. Dr. Mehmet SA\u011eLAM<\/span><\/p><\/div>\n\t\t\t\t\t\t\t\t\t<div class=\"elementor-tab-title elementor-tab-mobile-title\" aria-selected=\"false\" data-tab=\"2\" role=\"tab\" tabindex=\"-1\" aria-controls=\"elementor-tab-content-1842\" aria-expanded=\"false\">Experience<\/div>\n\t\t\t\t\t<div id=\"elementor-tab-content-1842\" class=\"elementor-tab-content elementor-clearfix\" data-tab=\"2\" role=\"tabpanel\" aria-labelledby=\"elementor-tab-title-1842\" tabindex=\"0\" hidden=\"hidden\"><table><tbody><tr><td><p><b>Job Title<\/b><\/p><\/td><td><p><b>Place of Duty<\/b><\/p><\/td><td><p><b>Year\u00a0<\/b><\/p><\/td><\/tr><tr><td><p><span style=\"font-weight: 400;\">Research Assistant<\/span><\/p><\/td><td><p><span style=\"font-weight: 400;\">Izmir Katip \u00c7elebi University Faculty of Dentistry,\u00a0 Department of Periodontology<\/span><\/p><\/td><td><p><span style=\"font-weight: 400;\">2018-2024<\/span><\/p><\/td><\/tr><tr><td><p><span style=\"font-weight: 400;\">Assist. Prof<\/span><\/p><\/td><td><p><span style=\"font-weight: 400;\">Izmir Tinaztepe University Faculty of Dentistry, Department of Periodontology<\/span><\/p><\/td><td><p><span style=\"font-weight: 400;\">2024-still<\/span><\/p><\/td><\/tr><\/tbody><\/table><\/div>\n\t\t\t\t\t\t\t\t\t<div class=\"elementor-tab-title elementor-tab-mobile-title\" aria-selected=\"false\" data-tab=\"3\" role=\"tab\" tabindex=\"-1\" aria-controls=\"elementor-tab-content-1843\" aria-expanded=\"false\">Publications and Articles<\/div>\n\t\t\t\t\t<div id=\"elementor-tab-content-1843\" class=\"elementor-tab-content elementor-clearfix\" data-tab=\"3\" role=\"tabpanel\" aria-labelledby=\"elementor-tab-title-1843\" tabindex=\"0\" hidden=\"hidden\"><ol><li><b> Articles published in internationally refereed journals:<\/b><\/li><\/ol><p><b>A1<\/b><span style=\"font-weight: 400;\">.<\/span> <span style=\"font-weight: 400;\">\u00d6ZER Ece, ERBAK YILMAZ Huriye, NAR\u0130N Figen, SA\u011eLAM Mehmet. The evaluation of salivary leucine<\/span><span style=\"font-weight: 400;\">\u2010<\/span><span style=\"font-weight: 400;\">rich alpha<\/span><span style=\"font-weight: 400;\">\u2010<\/span><span style=\"font-weight: 400;\">2 glycoprotein (LRG) and C<\/span><span style=\"font-weight: 400;\">\u2010<\/span><span style=\"font-weight: 400;\">reactive protein (CRP) in humans with periodontal health or periodontal disease. Journal of Periodontal Research 2024. Doi: 10.1111\/jre.13223<\/span><\/p><\/div>\n\t\t\t\t\t\t\t\t\t<div class=\"elementor-tab-title elementor-tab-mobile-title\" aria-selected=\"false\" data-tab=\"4\" role=\"tab\" tabindex=\"-1\" aria-controls=\"elementor-tab-content-1844\" aria-expanded=\"false\">Events<\/div>\n\t\t\t\t\t<div id=\"elementor-tab-content-1844\" class=\"elementor-tab-content elementor-clearfix\" data-tab=\"4\" role=\"tabpanel\" aria-labelledby=\"elementor-tab-title-1844\" tabindex=\"0\" hidden=\"hidden\"><\/div>\n\t\t\t\t\t\t\t<\/div>\n\t\t<\/div>\n\t\t\t\t\t\t<\/div>\n\t\t\t\t<\/div>\n\t\t\t\t<div class=\"elementor-element elementor-element-d174928 elementor-widget elementor-widget-html\" data-id=\"d174928\" data-element_type=\"widget\" data-widget_type=\"html.default\">\n\t\t\t\t<div class=\"elementor-widget-container\">\n\t\t\t\t\t<style>\n    @media screen and (max-width: 650px) {\n        table td, table th {\n    padding: 5px;\n            \n        }\n    \n            .elementor-slide-description {\n            margin-bottom: unset !important;\n        }\n        }\n    }\n<\/style>\t\t\t\t<\/div>\n\t\t\t\t<\/div>\n\t\t\t\t\t<\/div>\n\t\t<\/div>\n\t\t\t\t\t<\/div>\n\t\t<\/section>\n\t\t\t\t\t<\/div>\n\t\t<\/div>\n\t\t\t\t\t<\/div>\n\t\t<\/section>\n\t\t\t\t<\/div>\n\t\t","protected":false},"excerpt":{"rendered":"<p>\u0130ZM\u0130R TINAZTEPE UNIVERSITY DENTAL HEALTH CLINICAL AND RESEARCH CENTERAsst. Prof. Dr. Ece \u00d6ZER \u0130ZM\u0130R TINAZTEPE UNIVERSITY DENTAL HEALTH CLINICAL AND RESEARCH CENTERAsst. Prof. Dr.Ece \u00d6ZERKe\u015ffedin Asst. Prof. Dr. Ece \u00d6ZER Faculty of Dentistry Department of Periodontology ece.ozer@tinaztepe.edu.tr Education Experience Publications and Articles Events Education Degree University Year Undergraduate Ege University Dentistry 2012-2017 Specialist\u00a0 Izmir Katip [&hellip;]<\/p>\n","protected":false},"author":1,"featured_media":0,"parent":0,"menu_order":0,"comment_status":"closed","ping_status":"closed","template":"","meta":{"footnotes":""},"class_list":["post-5310","page","type-page","status-publish","hentry"],"yoast_head":"<!-- This site is optimized with the Yoast SEO plugin v24.2 - https:\/\/yoast.com\/wordpress\/plugins\/seo\/ -->\n<title>Asst. Prof. Dr. Ece \u00d6ZER - T\u0131naztepe<\/title>\n<meta name=\"robots\" content=\"index, follow, max-snippet:-1, max-image-preview:large, max-video-preview:-1\" \/>\n<link rel=\"canonical\" href=\"https:\/\/tinaztepedis.com\/en\/asst-prof-dr-ece-ozer\/\" \/>\n<meta property=\"og:locale\" content=\"en_US\" \/>\n<meta property=\"og:type\" content=\"article\" \/>\n<meta property=\"og:title\" content=\"Asst. Prof. Dr. Ece \u00d6ZER - T\u0131naztepe\" \/>\n<meta property=\"og:description\" content=\"\u0130ZM\u0130R TINAZTEPE UNIVERSITY DENTAL HEALTH CLINICAL AND RESEARCH CENTERAsst. Prof. Dr. Ece \u00d6ZER \u0130ZM\u0130R TINAZTEPE UNIVERSITY DENTAL HEALTH CLINICAL AND RESEARCH CENTERAsst. Prof. Dr.Ece \u00d6ZERKe\u015ffedin Asst. Prof. Dr. Ece \u00d6ZER Faculty of Dentistry Department of Periodontology ece.ozer@tinaztepe.edu.tr Education Experience Publications and Articles Events Education Degree University Year Undergraduate Ege University Dentistry 2012-2017 Specialist\u00a0 Izmir Katip [&hellip;]\" \/>\n<meta property=\"og:url\" content=\"https:\/\/tinaztepedis.com\/en\/asst-prof-dr-ece-ozer\/\" \/>\n<meta property=\"og:site_name\" content=\"T\u0131naztepe\" \/>\n<meta property=\"article:modified_time\" content=\"2025-01-29T07:44:15+00:00\" \/>\n<meta property=\"og:image\" content=\"https:\/\/tinaztepedis.com\/wp-content\/uploads\/2025\/01\/ece-ozer-Periodontoloji.jpg\" \/>\n\t<meta property=\"og:image:width\" content=\"890\" \/>\n\t<meta property=\"og:image:height\" content=\"890\" \/>\n\t<meta property=\"og:image:type\" content=\"image\/jpeg\" \/>\n<meta name=\"twitter:card\" content=\"summary_large_image\" \/>\n<meta name=\"twitter:label1\" content=\"Est. reading time\" \/>\n\t<meta name=\"twitter:data1\" content=\"2 minutes\" \/>\n<script type=\"application\/ld+json\" class=\"yoast-schema-graph\">{\"@context\":\"https:\/\/schema.org\",\"@graph\":[{\"@type\":\"WebPage\",\"@id\":\"https:\/\/tinaztepedis.com\/en\/asst-prof-dr-ece-ozer\/\",\"url\":\"https:\/\/tinaztepedis.com\/en\/asst-prof-dr-ece-ozer\/\",\"name\":\"Asst. Prof. Dr. Ece \u00d6ZER - T\u0131naztepe\",\"isPartOf\":{\"@id\":\"https:\/\/tinaztepedis.com\/#website\"},\"primaryImageOfPage\":{\"@id\":\"https:\/\/tinaztepedis.com\/en\/asst-prof-dr-ece-ozer\/#primaryimage\"},\"image\":{\"@id\":\"https:\/\/tinaztepedis.com\/en\/asst-prof-dr-ece-ozer\/#primaryimage\"},\"thumbnailUrl\":\"https:\/\/tinaztepedis.com\/wp-content\/uploads\/2025\/01\/ece-ozer-Periodontoloji.jpg\",\"datePublished\":\"2025-01-22T08:34:20+00:00\",\"dateModified\":\"2025-01-29T07:44:15+00:00\",\"breadcrumb\":{\"@id\":\"https:\/\/tinaztepedis.com\/en\/asst-prof-dr-ece-ozer\/#breadcrumb\"},\"inLanguage\":\"en-US\",\"potentialAction\":[{\"@type\":\"ReadAction\",\"target\":[\"https:\/\/tinaztepedis.com\/en\/asst-prof-dr-ece-ozer\/\"]}]},{\"@type\":\"ImageObject\",\"inLanguage\":\"en-US\",\"@id\":\"https:\/\/tinaztepedis.com\/en\/asst-prof-dr-ece-ozer\/#primaryimage\",\"url\":\"https:\/\/tinaztepedis.com\/wp-content\/uploads\/2025\/01\/ece-ozer-Periodontoloji.jpg\",\"contentUrl\":\"https:\/\/tinaztepedis.com\/wp-content\/uploads\/2025\/01\/ece-ozer-Periodontoloji.jpg\"},{\"@type\":\"BreadcrumbList\",\"@id\":\"https:\/\/tinaztepedis.com\/en\/asst-prof-dr-ece-ozer\/#breadcrumb\",\"itemListElement\":[{\"@type\":\"ListItem\",\"position\":1,\"name\":\"Anasayfa\",\"item\":\"https:\/\/tinaztepedis.com\/en\/\"},{\"@type\":\"ListItem\",\"position\":2,\"name\":\"Asst. Prof. Dr. Ece \u00d6ZER\"}]},{\"@type\":\"WebSite\",\"@id\":\"https:\/\/tinaztepedis.com\/#website\",\"url\":\"https:\/\/tinaztepedis.com\/\",\"name\":\"T\u0131naztepe\",\"description\":\"A\u011f\u0131z ve Di\u015f Sa\u011fl\u0131\u011f\u0131 Uygulama ve Ara\u015ft\u0131rma Merkezi\",\"potentialAction\":[{\"@type\":\"SearchAction\",\"target\":{\"@type\":\"EntryPoint\",\"urlTemplate\":\"https:\/\/tinaztepedis.com\/?s={search_term_string}\"},\"query-input\":{\"@type\":\"PropertyValueSpecification\",\"valueRequired\":true,\"valueName\":\"search_term_string\"}}],\"inLanguage\":\"en-US\"}]}<\/script>\n<!-- \/ Yoast SEO plugin. -->","yoast_head_json":{"title":"Asst. Prof. Dr. Ece \u00d6ZER - T\u0131naztepe","robots":{"index":"index","follow":"follow","max-snippet":"max-snippet:-1","max-image-preview":"max-image-preview:large","max-video-preview":"max-video-preview:-1"},"canonical":"https:\/\/tinaztepedis.com\/en\/asst-prof-dr-ece-ozer\/","og_locale":"en_US","og_type":"article","og_title":"Asst. Prof. Dr. Ece \u00d6ZER - T\u0131naztepe","og_description":"\u0130ZM\u0130R TINAZTEPE UNIVERSITY DENTAL HEALTH CLINICAL AND RESEARCH CENTERAsst. Prof. Dr. Ece \u00d6ZER \u0130ZM\u0130R TINAZTEPE UNIVERSITY DENTAL HEALTH CLINICAL AND RESEARCH CENTERAsst. Prof. Dr.Ece \u00d6ZERKe\u015ffedin Asst. Prof. Dr. Ece \u00d6ZER Faculty of Dentistry Department of Periodontology ece.ozer@tinaztepe.edu.tr Education Experience Publications and Articles Events Education Degree University Year Undergraduate Ege University Dentistry 2012-2017 Specialist\u00a0 Izmir Katip [&hellip;]","og_url":"https:\/\/tinaztepedis.com\/en\/asst-prof-dr-ece-ozer\/","og_site_name":"T\u0131naztepe","article_modified_time":"2025-01-29T07:44:15+00:00","og_image":[{"width":890,"height":890,"url":"https:\/\/tinaztepedis.com\/wp-content\/uploads\/2025\/01\/ece-ozer-Periodontoloji.jpg","type":"image\/jpeg"}],"twitter_card":"summary_large_image","twitter_misc":{"Est. reading time":"2 minutes"},"schema":{"@context":"https:\/\/schema.org","@graph":[{"@type":"WebPage","@id":"https:\/\/tinaztepedis.com\/en\/asst-prof-dr-ece-ozer\/","url":"https:\/\/tinaztepedis.com\/en\/asst-prof-dr-ece-ozer\/","name":"Asst. Prof. Dr. Ece \u00d6ZER - T\u0131naztepe","isPartOf":{"@id":"https:\/\/tinaztepedis.com\/#website"},"primaryImageOfPage":{"@id":"https:\/\/tinaztepedis.com\/en\/asst-prof-dr-ece-ozer\/#primaryimage"},"image":{"@id":"https:\/\/tinaztepedis.com\/en\/asst-prof-dr-ece-ozer\/#primaryimage"},"thumbnailUrl":"https:\/\/tinaztepedis.com\/wp-content\/uploads\/2025\/01\/ece-ozer-Periodontoloji.jpg","datePublished":"2025-01-22T08:34:20+00:00","dateModified":"2025-01-29T07:44:15+00:00","breadcrumb":{"@id":"https:\/\/tinaztepedis.com\/en\/asst-prof-dr-ece-ozer\/#breadcrumb"},"inLanguage":"en-US","potentialAction":[{"@type":"ReadAction","target":["https:\/\/tinaztepedis.com\/en\/asst-prof-dr-ece-ozer\/"]}]},{"@type":"ImageObject","inLanguage":"en-US","@id":"https:\/\/tinaztepedis.com\/en\/asst-prof-dr-ece-ozer\/#primaryimage","url":"https:\/\/tinaztepedis.com\/wp-content\/uploads\/2025\/01\/ece-ozer-Periodontoloji.jpg","contentUrl":"https:\/\/tinaztepedis.com\/wp-content\/uploads\/2025\/01\/ece-ozer-Periodontoloji.jpg"},{"@type":"BreadcrumbList","@id":"https:\/\/tinaztepedis.com\/en\/asst-prof-dr-ece-ozer\/#breadcrumb","itemListElement":[{"@type":"ListItem","position":1,"name":"Anasayfa","item":"https:\/\/tinaztepedis.com\/en\/"},{"@type":"ListItem","position":2,"name":"Asst. Prof. Dr. Ece \u00d6ZER"}]},{"@type":"WebSite","@id":"https:\/\/tinaztepedis.com\/#website","url":"https:\/\/tinaztepedis.com\/","name":"T\u0131naztepe","description":"A\u011f\u0131z ve Di\u015f Sa\u011fl\u0131\u011f\u0131 Uygulama ve Ara\u015ft\u0131rma Merkezi","potentialAction":[{"@type":"SearchAction","target":{"@type":"EntryPoint","urlTemplate":"https:\/\/tinaztepedis.com\/?s={search_term_string}"},"query-input":{"@type":"PropertyValueSpecification","valueRequired":true,"valueName":"search_term_string"}}],"inLanguage":"en-US"}]}},"_links":{"self":[{"href":"https:\/\/tinaztepedis.com\/en\/wp-json\/wp\/v2\/pages\/5310","targetHints":{"allow":["GET"]}}],"collection":[{"href":"https:\/\/tinaztepedis.com\/en\/wp-json\/wp\/v2\/pages"}],"about":[{"href":"https:\/\/tinaztepedis.com\/en\/wp-json\/wp\/v2\/types\/page"}],"author":[{"embeddable":true,"href":"https:\/\/tinaztepedis.com\/en\/wp-json\/wp\/v2\/users\/1"}],"replies":[{"embeddable":true,"href":"https:\/\/tinaztepedis.com\/en\/wp-json\/wp\/v2\/comments?post=5310"}],"version-history":[{"count":7,"href":"https:\/\/tinaztepedis.com\/en\/wp-json\/wp\/v2\/pages\/5310\/revisions"}],"predecessor-version":[{"id":5352,"href":"https:\/\/tinaztepedis.com\/en\/wp-json\/wp\/v2\/pages\/5310\/revisions\/5352"}],"wp:attachment":[{"href":"https:\/\/tinaztepedis.com\/en\/wp-json\/wp\/v2\/media?parent=5310"}],"curies":[{"name":"wp","href":"https:\/\/api.w.org\/{rel}","templated":true}]}}