{"id":5393,"date":"2025-02-26T15:15:44","date_gmt":"2025-02-26T15:15:44","guid":{"rendered":"https:\/\/tinaztepedis.com\/dt-mustafa-kaan-kilinc\/"},"modified":"2025-02-26T15:22:08","modified_gmt":"2025-02-26T15:22:08","slug":"dt-mustafa-kaan-kilinc","status":"publish","type":"page","link":"https:\/\/tinaztepedis.com\/en\/dt-mustafa-kaan-kilinc\/","title":{"rendered":"Dt. Mustafa Kaan K\u0131l\u0131n\u00e7"},"content":{"rendered":"\t\t<div data-elementor-type=\"wp-page\" data-elementor-id=\"5393\" class=\"elementor elementor-5393 elementor-5387\" data-elementor-post-type=\"page\">\n\t\t\t\t\t\t<section class=\"elementor-section elementor-top-section elementor-element elementor-element-229c903 elementor-section-full_width elementor-hidden-mobile elementor-section-height-default elementor-section-height-default\" data-id=\"229c903\" data-element_type=\"section\">\n\t\t\t\t\t\t<div class=\"elementor-container elementor-column-gap-default\">\n\t\t\t\t\t<div class=\"elementor-column elementor-col-100 elementor-top-column elementor-element elementor-element-bb56e19\" data-id=\"bb56e19\" data-element_type=\"column\">\n\t\t\t<div class=\"elementor-widget-wrap elementor-element-populated\">\n\t\t\t\t\t\t<div class=\"elementor-element elementor-element-2232857 elementor--h-position-left elementor-widget__width-inherit elementor--v-position-middle elementor-arrows-position-inside elementor-pagination-position-inside elementor-widget elementor-widget-slides\" data-id=\"2232857\" data-element_type=\"widget\" data-settings=\"{&quot;navigation&quot;:&quot;both&quot;,&quot;autoplay&quot;:&quot;yes&quot;,&quot;pause_on_hover&quot;:&quot;yes&quot;,&quot;pause_on_interaction&quot;:&quot;yes&quot;,&quot;autoplay_speed&quot;:5000,&quot;infinite&quot;:&quot;yes&quot;,&quot;transition&quot;:&quot;slide&quot;,&quot;transition_speed&quot;:500}\" data-widget_type=\"slides.default\">\n\t\t\t\t<div class=\"elementor-widget-container\">\n\t\t\t\t\t\t\t\t\t<div class=\"elementor-swiper\">\n\t\t\t\t\t<div class=\"elementor-slides-wrapper elementor-main-swiper swiper\" role=\"region\" aria-roledescription=\"carousel\" aria-label=\"Slides\" dir=\"ltr\" data-animation=\"fadeInUp\">\n\t\t\t\t<div class=\"swiper-wrapper elementor-slides\">\n\t\t\t\t\t\t\t\t\t\t<div class=\"elementor-repeater-item-6af89cd swiper-slide\" role=\"group\" aria-roledescription=\"slide\"><div class=\"swiper-slide-bg\" role=\"img\"><\/div><div class=\"swiper-slide-inner\" ><div class=\"swiper-slide-contents\"><div class=\"elementor-slide-heading\">\u0130ZM\u0130R TINAZTEPE UNIVERSITY<br> FACULTY OF DENTISTRY<br> DENTAL HOSPITAL<\/div><div class=\"elementor-slide-description\">Dt. Mustafa Kaan K\u0131l\u0131n\u00e7<\/div><\/div><\/div><\/div>\t\t\t\t<\/div>\n\t\t\t\t\t\t\t<\/div>\n\t\t\t\t<\/div>\n\t\t\t\t\t\t\t\t<\/div>\n\t\t\t\t<\/div>\n\t\t\t\t\t<\/div>\n\t\t<\/div>\n\t\t\t\t\t<\/div>\n\t\t<\/section>\n\t\t\t\t<section class=\"elementor-section elementor-top-section elementor-element elementor-element-969c223 elementor-section-full_width elementor-hidden-desktop elementor-hidden-tablet elementor-section-height-default elementor-section-height-default\" data-id=\"969c223\" data-element_type=\"section\">\n\t\t\t\t\t\t<div class=\"elementor-container elementor-column-gap-default\">\n\t\t\t\t\t<div class=\"elementor-column elementor-col-100 elementor-top-column elementor-element elementor-element-5a91eac\" data-id=\"5a91eac\" data-element_type=\"column\">\n\t\t\t<div class=\"elementor-widget-wrap elementor-element-populated\">\n\t\t\t\t\t\t<div class=\"elementor-element elementor-element-c60fde1 elementor-widget__width-inherit elementor--v-position-bottom elementor--h-position-center elementor-arrows-position-inside elementor-pagination-position-inside elementor-widget elementor-widget-slides\" data-id=\"c60fde1\" data-element_type=\"widget\" data-settings=\"{&quot;navigation&quot;:&quot;both&quot;,&quot;autoplay&quot;:&quot;yes&quot;,&quot;pause_on_hover&quot;:&quot;yes&quot;,&quot;pause_on_interaction&quot;:&quot;yes&quot;,&quot;autoplay_speed&quot;:5000,&quot;infinite&quot;:&quot;yes&quot;,&quot;transition&quot;:&quot;slide&quot;,&quot;transition_speed&quot;:500}\" data-widget_type=\"slides.default\">\n\t\t\t\t<div class=\"elementor-widget-container\">\n\t\t\t\t\t\t\t\t\t<div class=\"elementor-swiper\">\n\t\t\t\t\t<div class=\"elementor-slides-wrapper elementor-main-swiper swiper\" role=\"region\" aria-roledescription=\"carousel\" aria-label=\"Slides\" dir=\"ltr\" data-animation=\"fadeInUp\">\n\t\t\t\t<div class=\"swiper-wrapper elementor-slides\">\n\t\t\t\t\t\t\t\t\t\t<div class=\"elementor-repeater-item-6af89cd swiper-slide\" role=\"group\" aria-roledescription=\"slide\"><div class=\"swiper-slide-bg\" role=\"img\"><\/div><div class=\"swiper-slide-inner\" ><div class=\"swiper-slide-contents\"><div class=\"elementor-slide-heading\">\u0130ZM\u0130R TINAZTEPE UNIVERSITY<br> FACULTY OF DENTISTRY<br> DENTAL HOSPITAL<\/div><div class=\"elementor-slide-description\">Dt. Mustafa Kaan K\u0131l\u0131n\u00e7<\/div><div  class=\"elementor-button elementor-slide-button elementor-size-sm\">Ke\u015ffedin<\/div><\/div><\/div><\/div>\t\t\t\t<\/div>\n\t\t\t\t\t\t\t<\/div>\n\t\t\t\t<\/div>\n\t\t\t\t\t\t\t\t<\/div>\n\t\t\t\t<\/div>\n\t\t\t\t\t<\/div>\n\t\t<\/div>\n\t\t\t\t\t<\/div>\n\t\t<\/section>\n\t\t\t\t<section class=\"elementor-section elementor-top-section elementor-element elementor-element-cbf2e3e elementor-section-boxed elementor-section-height-default elementor-section-height-default\" data-id=\"cbf2e3e\" data-element_type=\"section\">\n\t\t\t\t\t\t<div class=\"elementor-container elementor-column-gap-default\">\n\t\t\t\t\t<div class=\"elementor-column elementor-col-100 elementor-top-column elementor-element elementor-element-6ba33cb\" data-id=\"6ba33cb\" data-element_type=\"column\">\n\t\t\t<div class=\"elementor-widget-wrap elementor-element-populated\">\n\t\t\t\t\t\t<section class=\"elementor-section elementor-inner-section elementor-element elementor-element-dc6516f elementor-section-boxed elementor-section-height-default elementor-section-height-default\" data-id=\"dc6516f\" data-element_type=\"section\">\n\t\t\t\t\t\t<div class=\"elementor-container elementor-column-gap-default\">\n\t\t\t\t\t<div class=\"elementor-column elementor-col-50 elementor-inner-column elementor-element elementor-element-6f2e95b\" data-id=\"6f2e95b\" data-element_type=\"column\">\n\t\t\t<div class=\"elementor-widget-wrap elementor-element-populated\">\n\t\t\t\t\t\t<div class=\"elementor-element elementor-element-b87f481 elementor-widget elementor-widget-image\" data-id=\"b87f481\" data-element_type=\"widget\" data-widget_type=\"image.default\">\n\t\t\t\t<div class=\"elementor-widget-container\">\n\t\t\t\t\t\t\t\t\t\t\t\t\t\t\t<img fetchpriority=\"high\" decoding=\"async\" width=\"800\" height=\"800\" src=\"https:\/\/tinaztepedis.com\/wp-content\/uploads\/2025\/02\/man-doctor-profil-photo-1024x1024.jpg\" class=\"attachment-large size-large wp-image-5386\" alt=\"\" srcset=\"https:\/\/tinaztepedis.com\/wp-content\/uploads\/2025\/02\/man-doctor-profil-photo-1024x1024.jpg 1024w, https:\/\/tinaztepedis.com\/wp-content\/uploads\/2025\/02\/man-doctor-profil-photo-300x300.jpg 300w, https:\/\/tinaztepedis.com\/wp-content\/uploads\/2025\/02\/man-doctor-profil-photo-150x150.jpg 150w, https:\/\/tinaztepedis.com\/wp-content\/uploads\/2025\/02\/man-doctor-profil-photo-768x768.jpg 768w, https:\/\/tinaztepedis.com\/wp-content\/uploads\/2025\/02\/man-doctor-profil-photo.jpg 1080w\" sizes=\"(max-width: 800px) 100vw, 800px\" \/>\t\t\t\t\t\t\t\t\t\t\t\t\t\t\t<\/div>\n\t\t\t\t<\/div>\n\t\t\t\t\t<\/div>\n\t\t<\/div>\n\t\t\t\t<div class=\"elementor-column elementor-col-50 elementor-inner-column elementor-element elementor-element-095aa1b\" data-id=\"095aa1b\" data-element_type=\"column\">\n\t\t\t<div class=\"elementor-widget-wrap elementor-element-populated\">\n\t\t\t\t\t\t<div class=\"elementor-element elementor-element-d7f52ec elementor-widget elementor-widget-heading\" data-id=\"d7f52ec\" data-element_type=\"widget\" data-widget_type=\"heading.default\">\n\t\t\t\t<div class=\"elementor-widget-container\">\n\t\t\t\t\t<h2 class=\"elementor-heading-title elementor-size-default\">Dt. Mustafa Kaan K\u0131l\u0131n\u00e7<\/h2>\t\t\t\t<\/div>\n\t\t\t\t<\/div>\n\t\t\t\t<div class=\"elementor-element elementor-element-79ff894 elementor-widget elementor-widget-heading\" data-id=\"79ff894\" data-element_type=\"widget\" data-widget_type=\"heading.default\">\n\t\t\t\t<div class=\"elementor-widget-container\">\n\t\t\t\t\t<h2 class=\"elementor-heading-title elementor-size-default\">Faculty of Dentistry<\/h2>\t\t\t\t<\/div>\n\t\t\t\t<\/div>\n\t\t\t\t<div class=\"elementor-element elementor-element-230ed11 elementor-widget elementor-widget-heading\" data-id=\"230ed11\" data-element_type=\"widget\" data-widget_type=\"heading.default\">\n\t\t\t\t<div class=\"elementor-widget-container\">\n\t\t\t\t\t<h2 class=\"elementor-heading-title elementor-size-default\">Dentistry<\/h2>\t\t\t\t<\/div>\n\t\t\t\t<\/div>\n\t\t\t\t<div class=\"elementor-element elementor-element-2c85aee elementor-widget__width-initial elementor-widget elementor-widget-heading\" data-id=\"2c85aee\" data-element_type=\"widget\" data-widget_type=\"heading.default\">\n\t\t\t\t<div class=\"elementor-widget-container\">\n\t\t\t\t\t<h2 class=\"elementor-heading-title elementor-size-default\">kaan.kilinc@tinaztepe.edu.tr<\/h2>\t\t\t\t<\/div>\n\t\t\t\t<\/div>\n\t\t\t\t\t<\/div>\n\t\t<\/div>\n\t\t\t\t\t<\/div>\n\t\t<\/section>\n\t\t\t\t\t<\/div>\n\t\t<\/div>\n\t\t\t\t\t<\/div>\n\t\t<\/section>\n\t\t\t\t<section class=\"elementor-section elementor-top-section elementor-element elementor-element-47641b7 elementor-section-boxed elementor-section-height-default elementor-section-height-default\" data-id=\"47641b7\" data-element_type=\"section\">\n\t\t\t\t\t\t<div class=\"elementor-container elementor-column-gap-default\">\n\t\t\t\t\t<div class=\"elementor-column elementor-col-100 elementor-top-column elementor-element elementor-element-1470fd0\" data-id=\"1470fd0\" data-element_type=\"column\">\n\t\t\t<div class=\"elementor-widget-wrap elementor-element-populated\">\n\t\t\t\t\t\t<section class=\"elementor-section elementor-inner-section elementor-element elementor-element-b60349c elementor-section-boxed elementor-section-height-default elementor-section-height-default\" data-id=\"b60349c\" data-element_type=\"section\">\n\t\t\t\t\t\t<div class=\"elementor-container elementor-column-gap-default\">\n\t\t\t\t\t<div class=\"elementor-column elementor-col-100 elementor-inner-column elementor-element elementor-element-f0bf68a\" data-id=\"f0bf68a\" data-element_type=\"column\">\n\t\t\t<div class=\"elementor-widget-wrap elementor-element-populated\">\n\t\t\t\t\t\t<div class=\"elementor-element elementor-element-da69e73 elementor-tabs-alignment-center elementor-tabs-view-horizontal elementor-widget elementor-widget-tabs\" data-id=\"da69e73\" data-element_type=\"widget\" data-widget_type=\"tabs.default\">\n\t\t\t\t<div class=\"elementor-widget-container\">\n\t\t\t\t\t\t\t<div class=\"elementor-tabs\">\n\t\t\t<div class=\"elementor-tabs-wrapper\" role=\"tablist\" >\n\t\t\t\t\t\t\t\t\t<div id=\"elementor-tab-title-2291\" class=\"elementor-tab-title elementor-tab-desktop-title\" aria-selected=\"true\" data-tab=\"1\" role=\"tab\" tabindex=\"0\" aria-controls=\"elementor-tab-content-2291\" aria-expanded=\"false\">Education<\/div>\n\t\t\t\t\t\t\t\t\t<div id=\"elementor-tab-title-2292\" class=\"elementor-tab-title elementor-tab-desktop-title\" aria-selected=\"false\" data-tab=\"2\" role=\"tab\" tabindex=\"-1\" aria-controls=\"elementor-tab-content-2292\" aria-expanded=\"false\">Experience<\/div>\n\t\t\t\t\t\t\t\t\t<div id=\"elementor-tab-title-2293\" class=\"elementor-tab-title elementor-tab-desktop-title\" aria-selected=\"false\" data-tab=\"3\" role=\"tab\" tabindex=\"-1\" aria-controls=\"elementor-tab-content-2293\" aria-expanded=\"false\">Publications and Articles<\/div>\n\t\t\t\t\t\t\t\t\t<div id=\"elementor-tab-title-2294\" class=\"elementor-tab-title elementor-tab-desktop-title\" aria-selected=\"false\" data-tab=\"4\" role=\"tab\" tabindex=\"-1\" aria-controls=\"elementor-tab-content-2294\" aria-expanded=\"false\">Events<\/div>\n\t\t\t\t\t\t\t<\/div>\n\t\t\t<div class=\"elementor-tabs-content-wrapper\" role=\"tablist\" aria-orientation=\"vertical\">\n\t\t\t\t\t\t\t\t\t<div class=\"elementor-tab-title elementor-tab-mobile-title\" aria-selected=\"true\" data-tab=\"1\" role=\"tab\" tabindex=\"0\" aria-controls=\"elementor-tab-content-2291\" aria-expanded=\"false\">Education<\/div>\n\t\t\t\t\t<div id=\"elementor-tab-content-2291\" class=\"elementor-tab-content elementor-clearfix\" data-tab=\"1\" role=\"tabpanel\" aria-labelledby=\"elementor-tab-title-2291\" tabindex=\"0\" hidden=\"false\"><table><tbody><tr><td><strong>Degree<\/strong><\/td><td><strong>University<\/strong><\/td><td><strong>Year<\/strong><\/td><\/tr><tr><td>\u00a0<\/td><td>\u00a0<\/td><td>\u00a0<\/td><\/tr><tr><td>\u00a0<\/td><td>\u00a0<\/td><td>\u00a0<\/td><\/tr><\/tbody><\/table><\/div>\n\t\t\t\t\t\t\t\t\t<div class=\"elementor-tab-title elementor-tab-mobile-title\" aria-selected=\"false\" data-tab=\"2\" role=\"tab\" tabindex=\"-1\" aria-controls=\"elementor-tab-content-2292\" aria-expanded=\"false\">Experience<\/div>\n\t\t\t\t\t<div id=\"elementor-tab-content-2292\" class=\"elementor-tab-content elementor-clearfix\" data-tab=\"2\" role=\"tabpanel\" aria-labelledby=\"elementor-tab-title-2292\" tabindex=\"0\" hidden=\"hidden\"><table><thead><tr><td><strong>Job Title<\/strong><\/td><td><strong>Workplace<\/strong><\/td><td><strong>Year<\/strong><\/td><\/tr><\/thead><tbody><tr><td>\u00a0<\/td><td>\u00a0<\/td><td>\u00a0<\/td><\/tr><tr><td>\u00a0<\/td><td>\u00a0<\/td><td>\u00a0<\/td><\/tr><tr><td>\u00a0<\/td><td>\u00a0<\/td><td>\u00a0<\/td><\/tr><\/tbody><\/table><\/div>\n\t\t\t\t\t\t\t\t\t<div class=\"elementor-tab-title elementor-tab-mobile-title\" aria-selected=\"false\" data-tab=\"3\" role=\"tab\" tabindex=\"-1\" aria-controls=\"elementor-tab-content-2293\" aria-expanded=\"false\">Publications and Articles<\/div>\n\t\t\t\t\t<div id=\"elementor-tab-content-2293\" class=\"elementor-tab-content elementor-clearfix\" data-tab=\"3\" role=\"tabpanel\" aria-labelledby=\"elementor-tab-title-2293\" tabindex=\"0\" hidden=\"hidden\"><\/div>\n\t\t\t\t\t\t\t\t\t<div class=\"elementor-tab-title elementor-tab-mobile-title\" aria-selected=\"false\" data-tab=\"4\" role=\"tab\" tabindex=\"-1\" aria-controls=\"elementor-tab-content-2294\" aria-expanded=\"false\">Events<\/div>\n\t\t\t\t\t<div id=\"elementor-tab-content-2294\" class=\"elementor-tab-content elementor-clearfix\" data-tab=\"4\" role=\"tabpanel\" aria-labelledby=\"elementor-tab-title-2294\" tabindex=\"0\" hidden=\"hidden\"><\/div>\n\t\t\t\t\t\t\t<\/div>\n\t\t<\/div>\n\t\t\t\t\t\t<\/div>\n\t\t\t\t<\/div>\n\t\t\t\t<div class=\"elementor-element elementor-element-26183e1 elementor-widget elementor-widget-html\" data-id=\"26183e1\" data-element_type=\"widget\" data-widget_type=\"html.default\">\n\t\t\t\t<div class=\"elementor-widget-container\">\n\t\t\t\t\t<style>\n    @media screen and (max-width: 650px) {\n        table td, table th {\n    padding: 5px;\n            \n        }\n    \n            .elementor-slide-description {\n            margin-bottom: unset !important;\n        }\n        }\n    }\n<\/style>\t\t\t\t<\/div>\n\t\t\t\t<\/div>\n\t\t\t\t\t<\/div>\n\t\t<\/div>\n\t\t\t\t\t<\/div>\n\t\t<\/section>\n\t\t\t\t\t<\/div>\n\t\t<\/div>\n\t\t\t\t\t<\/div>\n\t\t<\/section>\n\t\t\t\t<\/div>\n\t\t","protected":false},"excerpt":{"rendered":"<p>\u0130ZM\u0130R TINAZTEPE UNIVERSITY FACULTY OF DENTISTRY DENTAL HOSPITALDt. Mustafa Kaan K\u0131l\u0131n\u00e7 \u0130ZM\u0130R TINAZTEPE UNIVERSITY FACULTY OF DENTISTRY DENTAL HOSPITALDt. Mustafa Kaan K\u0131l\u0131n\u00e7Ke\u015ffedin Dt. Mustafa Kaan K\u0131l\u0131n\u00e7 Faculty of Dentistry Dentistry kaan.kilinc@tinaztepe.edu.tr Education Experience Publications and Articles Events Education Degree University Year \u00a0 \u00a0 \u00a0 \u00a0 \u00a0 \u00a0 Experience Job Title Workplace Year \u00a0 \u00a0 \u00a0 [&hellip;]<\/p>\n","protected":false},"author":1,"featured_media":0,"parent":0,"menu_order":0,"comment_status":"closed","ping_status":"closed","template":"","meta":{"footnotes":""},"class_list":["post-5393","page","type-page","status-publish","hentry"],"yoast_head":"<!-- This site is optimized with the Yoast SEO plugin v24.2 - https:\/\/yoast.com\/wordpress\/plugins\/seo\/ -->\n<title>Dt. Mustafa Kaan K\u0131l\u0131n\u00e7 - T\u0131naztepe<\/title>\n<meta name=\"robots\" content=\"index, follow, max-snippet:-1, max-image-preview:large, max-video-preview:-1\" \/>\n<link rel=\"canonical\" href=\"https:\/\/tinaztepedis.com\/en\/dt-mustafa-kaan-kilinc\/\" \/>\n<meta property=\"og:locale\" content=\"en_US\" \/>\n<meta property=\"og:type\" content=\"article\" \/>\n<meta property=\"og:title\" content=\"Dt. Mustafa Kaan K\u0131l\u0131n\u00e7 - T\u0131naztepe\" \/>\n<meta property=\"og:description\" content=\"\u0130ZM\u0130R TINAZTEPE UNIVERSITY FACULTY OF DENTISTRY DENTAL HOSPITALDt. Mustafa Kaan K\u0131l\u0131n\u00e7 \u0130ZM\u0130R TINAZTEPE UNIVERSITY FACULTY OF DENTISTRY DENTAL HOSPITALDt. Mustafa Kaan K\u0131l\u0131n\u00e7Ke\u015ffedin Dt. Mustafa Kaan K\u0131l\u0131n\u00e7 Faculty of Dentistry Dentistry kaan.kilinc@tinaztepe.edu.tr Education Experience Publications and Articles Events Education Degree University Year \u00a0 \u00a0 \u00a0 \u00a0 \u00a0 \u00a0 Experience Job Title Workplace Year \u00a0 \u00a0 \u00a0 [&hellip;]\" \/>\n<meta property=\"og:url\" content=\"https:\/\/tinaztepedis.com\/en\/dt-mustafa-kaan-kilinc\/\" \/>\n<meta property=\"og:site_name\" content=\"T\u0131naztepe\" \/>\n<meta property=\"article:modified_time\" content=\"2025-02-26T15:22:08+00:00\" \/>\n<meta property=\"og:image\" content=\"https:\/\/tinaztepedis.com\/wp-content\/uploads\/2025\/02\/man-doctor-profil-photo.jpg\" \/>\n\t<meta property=\"og:image:width\" content=\"1080\" \/>\n\t<meta property=\"og:image:height\" content=\"1080\" \/>\n\t<meta property=\"og:image:type\" content=\"image\/jpeg\" \/>\n<meta name=\"twitter:card\" content=\"summary_large_image\" \/>\n<meta name=\"twitter:label1\" content=\"Est. reading time\" \/>\n\t<meta name=\"twitter:data1\" content=\"1 minute\" \/>\n<script type=\"application\/ld+json\" class=\"yoast-schema-graph\">{\"@context\":\"https:\/\/schema.org\",\"@graph\":[{\"@type\":\"WebPage\",\"@id\":\"https:\/\/tinaztepedis.com\/en\/dt-mustafa-kaan-kilinc\/\",\"url\":\"https:\/\/tinaztepedis.com\/en\/dt-mustafa-kaan-kilinc\/\",\"name\":\"Dt. Mustafa Kaan K\u0131l\u0131n\u00e7 - T\u0131naztepe\",\"isPartOf\":{\"@id\":\"https:\/\/tinaztepedis.com\/#website\"},\"primaryImageOfPage\":{\"@id\":\"https:\/\/tinaztepedis.com\/en\/dt-mustafa-kaan-kilinc\/#primaryimage\"},\"image\":{\"@id\":\"https:\/\/tinaztepedis.com\/en\/dt-mustafa-kaan-kilinc\/#primaryimage\"},\"thumbnailUrl\":\"https:\/\/tinaztepedis.com\/wp-content\/uploads\/2025\/02\/man-doctor-profil-photo-1024x1024.jpg\",\"datePublished\":\"2025-02-26T15:15:44+00:00\",\"dateModified\":\"2025-02-26T15:22:08+00:00\",\"breadcrumb\":{\"@id\":\"https:\/\/tinaztepedis.com\/en\/dt-mustafa-kaan-kilinc\/#breadcrumb\"},\"inLanguage\":\"en-US\",\"potentialAction\":[{\"@type\":\"ReadAction\",\"target\":[\"https:\/\/tinaztepedis.com\/en\/dt-mustafa-kaan-kilinc\/\"]}]},{\"@type\":\"ImageObject\",\"inLanguage\":\"en-US\",\"@id\":\"https:\/\/tinaztepedis.com\/en\/dt-mustafa-kaan-kilinc\/#primaryimage\",\"url\":\"https:\/\/tinaztepedis.com\/wp-content\/uploads\/2025\/02\/man-doctor-profil-photo-1024x1024.jpg\",\"contentUrl\":\"https:\/\/tinaztepedis.com\/wp-content\/uploads\/2025\/02\/man-doctor-profil-photo-1024x1024.jpg\"},{\"@type\":\"BreadcrumbList\",\"@id\":\"https:\/\/tinaztepedis.com\/en\/dt-mustafa-kaan-kilinc\/#breadcrumb\",\"itemListElement\":[{\"@type\":\"ListItem\",\"position\":1,\"name\":\"Anasayfa\",\"item\":\"https:\/\/tinaztepedis.com\/en\/\"},{\"@type\":\"ListItem\",\"position\":2,\"name\":\"Dt. Mustafa Kaan K\u0131l\u0131n\u00e7\"}]},{\"@type\":\"WebSite\",\"@id\":\"https:\/\/tinaztepedis.com\/#website\",\"url\":\"https:\/\/tinaztepedis.com\/\",\"name\":\"T\u0131naztepe\",\"description\":\"A\u011f\u0131z ve Di\u015f Sa\u011fl\u0131\u011f\u0131 Uygulama ve Ara\u015ft\u0131rma Merkezi\",\"potentialAction\":[{\"@type\":\"SearchAction\",\"target\":{\"@type\":\"EntryPoint\",\"urlTemplate\":\"https:\/\/tinaztepedis.com\/?s={search_term_string}\"},\"query-input\":{\"@type\":\"PropertyValueSpecification\",\"valueRequired\":true,\"valueName\":\"search_term_string\"}}],\"inLanguage\":\"en-US\"}]}<\/script>\n<!-- \/ Yoast SEO plugin. -->","yoast_head_json":{"title":"Dt. Mustafa Kaan K\u0131l\u0131n\u00e7 - T\u0131naztepe","robots":{"index":"index","follow":"follow","max-snippet":"max-snippet:-1","max-image-preview":"max-image-preview:large","max-video-preview":"max-video-preview:-1"},"canonical":"https:\/\/tinaztepedis.com\/en\/dt-mustafa-kaan-kilinc\/","og_locale":"en_US","og_type":"article","og_title":"Dt. Mustafa Kaan K\u0131l\u0131n\u00e7 - T\u0131naztepe","og_description":"\u0130ZM\u0130R TINAZTEPE UNIVERSITY FACULTY OF DENTISTRY DENTAL HOSPITALDt. Mustafa Kaan K\u0131l\u0131n\u00e7 \u0130ZM\u0130R TINAZTEPE UNIVERSITY FACULTY OF DENTISTRY DENTAL HOSPITALDt. Mustafa Kaan K\u0131l\u0131n\u00e7Ke\u015ffedin Dt. Mustafa Kaan K\u0131l\u0131n\u00e7 Faculty of Dentistry Dentistry kaan.kilinc@tinaztepe.edu.tr Education Experience Publications and Articles Events Education Degree University Year \u00a0 \u00a0 \u00a0 \u00a0 \u00a0 \u00a0 Experience Job Title Workplace Year \u00a0 \u00a0 \u00a0 [&hellip;]","og_url":"https:\/\/tinaztepedis.com\/en\/dt-mustafa-kaan-kilinc\/","og_site_name":"T\u0131naztepe","article_modified_time":"2025-02-26T15:22:08+00:00","og_image":[{"width":1080,"height":1080,"url":"https:\/\/tinaztepedis.com\/wp-content\/uploads\/2025\/02\/man-doctor-profil-photo.jpg","type":"image\/jpeg"}],"twitter_card":"summary_large_image","twitter_misc":{"Est. reading time":"1 minute"},"schema":{"@context":"https:\/\/schema.org","@graph":[{"@type":"WebPage","@id":"https:\/\/tinaztepedis.com\/en\/dt-mustafa-kaan-kilinc\/","url":"https:\/\/tinaztepedis.com\/en\/dt-mustafa-kaan-kilinc\/","name":"Dt. Mustafa Kaan K\u0131l\u0131n\u00e7 - T\u0131naztepe","isPartOf":{"@id":"https:\/\/tinaztepedis.com\/#website"},"primaryImageOfPage":{"@id":"https:\/\/tinaztepedis.com\/en\/dt-mustafa-kaan-kilinc\/#primaryimage"},"image":{"@id":"https:\/\/tinaztepedis.com\/en\/dt-mustafa-kaan-kilinc\/#primaryimage"},"thumbnailUrl":"https:\/\/tinaztepedis.com\/wp-content\/uploads\/2025\/02\/man-doctor-profil-photo-1024x1024.jpg","datePublished":"2025-02-26T15:15:44+00:00","dateModified":"2025-02-26T15:22:08+00:00","breadcrumb":{"@id":"https:\/\/tinaztepedis.com\/en\/dt-mustafa-kaan-kilinc\/#breadcrumb"},"inLanguage":"en-US","potentialAction":[{"@type":"ReadAction","target":["https:\/\/tinaztepedis.com\/en\/dt-mustafa-kaan-kilinc\/"]}]},{"@type":"ImageObject","inLanguage":"en-US","@id":"https:\/\/tinaztepedis.com\/en\/dt-mustafa-kaan-kilinc\/#primaryimage","url":"https:\/\/tinaztepedis.com\/wp-content\/uploads\/2025\/02\/man-doctor-profil-photo-1024x1024.jpg","contentUrl":"https:\/\/tinaztepedis.com\/wp-content\/uploads\/2025\/02\/man-doctor-profil-photo-1024x1024.jpg"},{"@type":"BreadcrumbList","@id":"https:\/\/tinaztepedis.com\/en\/dt-mustafa-kaan-kilinc\/#breadcrumb","itemListElement":[{"@type":"ListItem","position":1,"name":"Anasayfa","item":"https:\/\/tinaztepedis.com\/en\/"},{"@type":"ListItem","position":2,"name":"Dt. Mustafa Kaan K\u0131l\u0131n\u00e7"}]},{"@type":"WebSite","@id":"https:\/\/tinaztepedis.com\/#website","url":"https:\/\/tinaztepedis.com\/","name":"T\u0131naztepe","description":"A\u011f\u0131z ve Di\u015f Sa\u011fl\u0131\u011f\u0131 Uygulama ve Ara\u015ft\u0131rma Merkezi","potentialAction":[{"@type":"SearchAction","target":{"@type":"EntryPoint","urlTemplate":"https:\/\/tinaztepedis.com\/?s={search_term_string}"},"query-input":{"@type":"PropertyValueSpecification","valueRequired":true,"valueName":"search_term_string"}}],"inLanguage":"en-US"}]}},"_links":{"self":[{"href":"https:\/\/tinaztepedis.com\/en\/wp-json\/wp\/v2\/pages\/5393","targetHints":{"allow":["GET"]}}],"collection":[{"href":"https:\/\/tinaztepedis.com\/en\/wp-json\/wp\/v2\/pages"}],"about":[{"href":"https:\/\/tinaztepedis.com\/en\/wp-json\/wp\/v2\/types\/page"}],"author":[{"embeddable":true,"href":"https:\/\/tinaztepedis.com\/en\/wp-json\/wp\/v2\/users\/1"}],"replies":[{"embeddable":true,"href":"https:\/\/tinaztepedis.com\/en\/wp-json\/wp\/v2\/comments?post=5393"}],"version-history":[{"count":3,"href":"https:\/\/tinaztepedis.com\/en\/wp-json\/wp\/v2\/pages\/5393\/revisions"}],"predecessor-version":[{"id":5403,"href":"https:\/\/tinaztepedis.com\/en\/wp-json\/wp\/v2\/pages\/5393\/revisions\/5403"}],"wp:attachment":[{"href":"https:\/\/tinaztepedis.com\/en\/wp-json\/wp\/v2\/media?parent=5393"}],"curies":[{"name":"wp","href":"https:\/\/api.w.org\/{rel}","templated":true}]}}