{"id":5821,"date":"2025-12-22T14:09:34","date_gmt":"2025-12-22T14:09:34","guid":{"rendered":"https:\/\/tinaztepedis.com\/ogr-gor-beliz-ertan\/"},"modified":"2025-12-22T14:22:05","modified_gmt":"2025-12-22T14:22:05","slug":"lecturer-beliz-ertan","status":"publish","type":"page","link":"https:\/\/tinaztepedis.com\/en\/lecturer-beliz-ertan\/","title":{"rendered":"Lecturer Beliz Ertan"},"content":{"rendered":"\t\t<div data-elementor-type=\"wp-page\" data-elementor-id=\"5821\" class=\"elementor elementor-5821 elementor-5816\" data-elementor-post-type=\"page\">\n\t\t\t\t\t\t<section class=\"elementor-section elementor-top-section elementor-element elementor-element-5a93014 elementor-section-full_width elementor-hidden-mobile elementor-section-height-default elementor-section-height-default\" data-id=\"5a93014\" data-element_type=\"section\">\n\t\t\t\t\t\t<div class=\"elementor-container elementor-column-gap-default\">\n\t\t\t\t\t<div class=\"elementor-column elementor-col-100 elementor-top-column elementor-element elementor-element-67521ea\" data-id=\"67521ea\" data-element_type=\"column\">\n\t\t\t<div class=\"elementor-widget-wrap elementor-element-populated\">\n\t\t\t\t\t\t<div class=\"elementor-element elementor-element-74df140 elementor--h-position-left elementor-widget__width-inherit elementor--v-position-middle elementor-arrows-position-inside elementor-pagination-position-inside elementor-widget elementor-widget-slides\" data-id=\"74df140\" data-element_type=\"widget\" data-settings=\"{&quot;navigation&quot;:&quot;both&quot;,&quot;autoplay&quot;:&quot;yes&quot;,&quot;pause_on_hover&quot;:&quot;yes&quot;,&quot;pause_on_interaction&quot;:&quot;yes&quot;,&quot;autoplay_speed&quot;:5000,&quot;infinite&quot;:&quot;yes&quot;,&quot;transition&quot;:&quot;slide&quot;,&quot;transition_speed&quot;:500}\" data-widget_type=\"slides.default\">\n\t\t\t\t<div class=\"elementor-widget-container\">\n\t\t\t\t\t\t\t\t\t<div class=\"elementor-swiper\">\n\t\t\t\t\t<div class=\"elementor-slides-wrapper elementor-main-swiper swiper\" role=\"region\" aria-roledescription=\"carousel\" aria-label=\"Slides\" dir=\"ltr\" data-animation=\"fadeInUp\">\n\t\t\t\t<div class=\"swiper-wrapper elementor-slides\">\n\t\t\t\t\t\t\t\t\t\t<div class=\"elementor-repeater-item-6af89cd swiper-slide\" role=\"group\" aria-roledescription=\"slide\"><div class=\"swiper-slide-bg\" role=\"img\"><\/div><div class=\"swiper-slide-inner\" ><div class=\"swiper-slide-contents\"><div class=\"elementor-slide-heading\">\u0130ZM\u0130R TINAZTEPE UNIVERSITY <br>DENTAL HEALTH <br>CLINICAL AND RESEARCH CENTER<\/div><div class=\"elementor-slide-description\">Lecturer Beliz Ertan<\/div><\/div><\/div><\/div>\t\t\t\t<\/div>\n\t\t\t\t\t\t\t<\/div>\n\t\t\t\t<\/div>\n\t\t\t\t\t\t\t\t<\/div>\n\t\t\t\t<\/div>\n\t\t\t\t\t<\/div>\n\t\t<\/div>\n\t\t\t\t\t<\/div>\n\t\t<\/section>\n\t\t\t\t<section class=\"elementor-section elementor-top-section elementor-element elementor-element-2046aed elementor-section-full_width elementor-hidden-desktop elementor-hidden-tablet elementor-section-height-default elementor-section-height-default\" data-id=\"2046aed\" data-element_type=\"section\">\n\t\t\t\t\t\t<div class=\"elementor-container elementor-column-gap-default\">\n\t\t\t\t\t<div class=\"elementor-column elementor-col-100 elementor-top-column elementor-element elementor-element-62023d4\" data-id=\"62023d4\" data-element_type=\"column\">\n\t\t\t<div class=\"elementor-widget-wrap elementor-element-populated\">\n\t\t\t\t\t\t<div class=\"elementor-element elementor-element-983470d elementor-widget__width-inherit elementor--v-position-bottom elementor--h-position-center elementor-arrows-position-inside elementor-pagination-position-inside elementor-widget elementor-widget-slides\" data-id=\"983470d\" data-element_type=\"widget\" data-settings=\"{&quot;navigation&quot;:&quot;both&quot;,&quot;autoplay&quot;:&quot;yes&quot;,&quot;pause_on_hover&quot;:&quot;yes&quot;,&quot;pause_on_interaction&quot;:&quot;yes&quot;,&quot;autoplay_speed&quot;:5000,&quot;infinite&quot;:&quot;yes&quot;,&quot;transition&quot;:&quot;slide&quot;,&quot;transition_speed&quot;:500}\" data-widget_type=\"slides.default\">\n\t\t\t\t<div class=\"elementor-widget-container\">\n\t\t\t\t\t\t\t\t\t<div class=\"elementor-swiper\">\n\t\t\t\t\t<div class=\"elementor-slides-wrapper elementor-main-swiper swiper\" role=\"region\" aria-roledescription=\"carousel\" aria-label=\"Slides\" dir=\"ltr\" data-animation=\"fadeInUp\">\n\t\t\t\t<div class=\"swiper-wrapper elementor-slides\">\n\t\t\t\t\t\t\t\t\t\t<div class=\"elementor-repeater-item-6af89cd swiper-slide\" role=\"group\" aria-roledescription=\"slide\"><div class=\"swiper-slide-bg\" role=\"img\"><\/div><div class=\"swiper-slide-inner\" ><div class=\"swiper-slide-contents\"><div class=\"elementor-slide-heading\">\u0130ZM\u0130R TINAZTEPE UNIVERSITY <br>DENTAL HEALTH <br>CLINICAL AND RESEARCH CENTER<\/div><div class=\"elementor-slide-description\">Lecturer <br>Beliz Ertan<\/div><div  class=\"elementor-button elementor-slide-button elementor-size-sm\">Ke\u015ffedin<\/div><\/div><\/div><\/div>\t\t\t\t<\/div>\n\t\t\t\t\t\t\t<\/div>\n\t\t\t\t<\/div>\n\t\t\t\t\t\t\t\t<\/div>\n\t\t\t\t<\/div>\n\t\t\t\t\t<\/div>\n\t\t<\/div>\n\t\t\t\t\t<\/div>\n\t\t<\/section>\n\t\t\t\t<section class=\"elementor-section elementor-top-section elementor-element elementor-element-9a6b791 elementor-section-boxed elementor-section-height-default elementor-section-height-default\" data-id=\"9a6b791\" data-element_type=\"section\">\n\t\t\t\t\t\t<div class=\"elementor-container elementor-column-gap-default\">\n\t\t\t\t\t<div class=\"elementor-column elementor-col-100 elementor-top-column elementor-element elementor-element-bf4ce89\" data-id=\"bf4ce89\" data-element_type=\"column\">\n\t\t\t<div class=\"elementor-widget-wrap elementor-element-populated\">\n\t\t\t\t\t\t<section class=\"elementor-section elementor-inner-section elementor-element elementor-element-9be9db3 elementor-section-boxed elementor-section-height-default elementor-section-height-default\" data-id=\"9be9db3\" data-element_type=\"section\">\n\t\t\t\t\t\t<div class=\"elementor-container elementor-column-gap-default\">\n\t\t\t\t\t<div class=\"elementor-column elementor-col-50 elementor-inner-column elementor-element elementor-element-8976f27\" data-id=\"8976f27\" data-element_type=\"column\">\n\t\t\t<div class=\"elementor-widget-wrap elementor-element-populated\">\n\t\t\t\t\t\t<div class=\"elementor-element elementor-element-8f6d3e0 elementor-widget elementor-widget-image\" data-id=\"8f6d3e0\" data-element_type=\"widget\" data-widget_type=\"image.default\">\n\t\t\t\t<div class=\"elementor-widget-container\">\n\t\t\t\t\t\t\t\t\t\t\t\t\t\t\t<img fetchpriority=\"high\" decoding=\"async\" width=\"800\" height=\"800\" src=\"https:\/\/tinaztepedis.com\/wp-content\/uploads\/2025\/11\/Beliz-Ertan-Tinaztepe-1024x1024.jpg\" class=\"attachment-large size-large wp-image-5748\" alt=\"\" srcset=\"https:\/\/tinaztepedis.com\/wp-content\/uploads\/2025\/11\/Beliz-Ertan-Tinaztepe-1024x1024.jpg 1024w, https:\/\/tinaztepedis.com\/wp-content\/uploads\/2025\/11\/Beliz-Ertan-Tinaztepe-300x300.jpg 300w, https:\/\/tinaztepedis.com\/wp-content\/uploads\/2025\/11\/Beliz-Ertan-Tinaztepe-150x150.jpg 150w, https:\/\/tinaztepedis.com\/wp-content\/uploads\/2025\/11\/Beliz-Ertan-Tinaztepe-768x768.jpg 768w, https:\/\/tinaztepedis.com\/wp-content\/uploads\/2025\/11\/Beliz-Ertan-Tinaztepe.jpg 1080w\" sizes=\"(max-width: 800px) 100vw, 800px\" \/>\t\t\t\t\t\t\t\t\t\t\t\t\t\t\t<\/div>\n\t\t\t\t<\/div>\n\t\t\t\t\t<\/div>\n\t\t<\/div>\n\t\t\t\t<div class=\"elementor-column elementor-col-50 elementor-inner-column elementor-element elementor-element-c7e4edc\" data-id=\"c7e4edc\" data-element_type=\"column\">\n\t\t\t<div class=\"elementor-widget-wrap elementor-element-populated\">\n\t\t\t\t\t\t<div class=\"elementor-element elementor-element-383c954 elementor-widget elementor-widget-heading\" data-id=\"383c954\" data-element_type=\"widget\" data-widget_type=\"heading.default\">\n\t\t\t\t<div class=\"elementor-widget-container\">\n\t\t\t\t\t<h2 class=\"elementor-heading-title elementor-size-default\">Lecturer Beliz Ertan<\/h2>\t\t\t\t<\/div>\n\t\t\t\t<\/div>\n\t\t\t\t<div class=\"elementor-element elementor-element-5ee10e8 elementor-widget elementor-widget-heading\" data-id=\"5ee10e8\" data-element_type=\"widget\" data-widget_type=\"heading.default\">\n\t\t\t\t<div class=\"elementor-widget-container\">\n\t\t\t\t\t<h2 class=\"elementor-heading-title elementor-size-default\">Faculty of Dentistry<\/h2>\t\t\t\t<\/div>\n\t\t\t\t<\/div>\n\t\t\t\t<div class=\"elementor-element elementor-element-8d16ab3 elementor-widget elementor-widget-heading\" data-id=\"8d16ab3\" data-element_type=\"widget\" data-widget_type=\"heading.default\">\n\t\t\t\t<div class=\"elementor-widget-container\">\n\t\t\t\t\t<h2 class=\"elementor-heading-title elementor-size-default\">Restorative Dentistry<\/h2>\t\t\t\t<\/div>\n\t\t\t\t<\/div>\n\t\t\t\t<div class=\"elementor-element elementor-element-f4645ad elementor-widget elementor-widget-heading\" data-id=\"f4645ad\" data-element_type=\"widget\" data-widget_type=\"heading.default\">\n\t\t\t\t<div class=\"elementor-widget-container\">\n\t\t\t\t\t<h2 class=\"elementor-heading-title elementor-size-default\">beliz.ertan@tinaztepe.edu.tr<\/h2>\t\t\t\t<\/div>\n\t\t\t\t<\/div>\n\t\t\t\t\t<\/div>\n\t\t<\/div>\n\t\t\t\t\t<\/div>\n\t\t<\/section>\n\t\t\t\t\t<\/div>\n\t\t<\/div>\n\t\t\t\t\t<\/div>\n\t\t<\/section>\n\t\t\t\t<section class=\"elementor-section elementor-top-section elementor-element elementor-element-4dbde2e elementor-section-boxed elementor-section-height-default elementor-section-height-default\" data-id=\"4dbde2e\" data-element_type=\"section\">\n\t\t\t\t\t\t<div class=\"elementor-container elementor-column-gap-default\">\n\t\t\t\t\t<div class=\"elementor-column elementor-col-100 elementor-top-column elementor-element elementor-element-85ea4c7\" data-id=\"85ea4c7\" data-element_type=\"column\">\n\t\t\t<div class=\"elementor-widget-wrap elementor-element-populated\">\n\t\t\t\t\t\t<section class=\"elementor-section elementor-inner-section elementor-element elementor-element-a138e62 elementor-section-boxed elementor-section-height-default elementor-section-height-default\" data-id=\"a138e62\" data-element_type=\"section\">\n\t\t\t\t\t\t<div class=\"elementor-container elementor-column-gap-default\">\n\t\t\t\t\t<div class=\"elementor-column elementor-col-100 elementor-inner-column elementor-element elementor-element-55a9ac3\" data-id=\"55a9ac3\" data-element_type=\"column\">\n\t\t\t<div class=\"elementor-widget-wrap elementor-element-populated\">\n\t\t\t\t\t\t<div class=\"elementor-element elementor-element-cb493c3 elementor-tabs-alignment-center elementor-tabs-view-horizontal elementor-widget elementor-widget-tabs\" data-id=\"cb493c3\" data-element_type=\"widget\" data-widget_type=\"tabs.default\">\n\t\t\t\t<div class=\"elementor-widget-container\">\n\t\t\t\t\t\t\t<div class=\"elementor-tabs\">\n\t\t\t<div class=\"elementor-tabs-wrapper\" role=\"tablist\" >\n\t\t\t\t\t\t\t\t\t<div id=\"elementor-tab-title-2131\" class=\"elementor-tab-title elementor-tab-desktop-title\" aria-selected=\"true\" data-tab=\"1\" role=\"tab\" tabindex=\"0\" aria-controls=\"elementor-tab-content-2131\" aria-expanded=\"false\">Education<\/div>\n\t\t\t\t\t\t\t\t\t<div id=\"elementor-tab-title-2132\" class=\"elementor-tab-title elementor-tab-desktop-title\" aria-selected=\"false\" data-tab=\"2\" role=\"tab\" tabindex=\"-1\" aria-controls=\"elementor-tab-content-2132\" aria-expanded=\"false\">Experience<\/div>\n\t\t\t\t\t\t\t\t\t<div id=\"elementor-tab-title-2133\" class=\"elementor-tab-title elementor-tab-desktop-title\" aria-selected=\"false\" data-tab=\"3\" role=\"tab\" tabindex=\"-1\" aria-controls=\"elementor-tab-content-2133\" aria-expanded=\"false\">Publications<\/div>\n\t\t\t\t\t\t\t\t\t<div id=\"elementor-tab-title-2134\" class=\"elementor-tab-title elementor-tab-desktop-title\" aria-selected=\"false\" data-tab=\"4\" role=\"tab\" tabindex=\"-1\" aria-controls=\"elementor-tab-content-2134\" aria-expanded=\"false\">Events<\/div>\n\t\t\t\t\t\t\t<\/div>\n\t\t\t<div class=\"elementor-tabs-content-wrapper\" role=\"tablist\" aria-orientation=\"vertical\">\n\t\t\t\t\t\t\t\t\t<div class=\"elementor-tab-title elementor-tab-mobile-title\" aria-selected=\"true\" data-tab=\"1\" role=\"tab\" tabindex=\"0\" aria-controls=\"elementor-tab-content-2131\" aria-expanded=\"false\">Education<\/div>\n\t\t\t\t\t<div id=\"elementor-tab-content-2131\" class=\"elementor-tab-content elementor-clearfix\" data-tab=\"1\" role=\"tabpanel\" aria-labelledby=\"elementor-tab-title-2131\" tabindex=\"0\" hidden=\"false\"><table data-path-to-node=\"13\"><thead><tr><td><strong>Degree<\/strong><\/td><td><strong>University<\/strong><\/td><td><strong>Year<\/strong><\/td><\/tr><\/thead><tbody><tr><td><span data-path-to-node=\"13,1,0,0\">PhD<\/span><\/td><td><span data-path-to-node=\"13,1,1,0\">Ege University, Faculty of Dentistry, Restorative Dentistry<\/span><\/td><td><p data-path-to-node=\"13,1,2,0\"><span data-path-to-node=\"13,1,2,0,1\"><span class=\"citation-107\">2021\u20132025<\/span><\/span><\/p><\/td><\/tr><tr><td><span data-path-to-node=\"13,2,0,0\">Bachelor&#8217;s<\/span><\/td><td><span data-path-to-node=\"13,2,1,0\">Ba\u015fkent University, Faculty of Dentistry<\/span><\/td><td><p data-path-to-node=\"13,2,2,0\"><span data-path-to-node=\"13,2,2,0,1\"><span class=\"citation-106\">2016\u20132021<\/span><\/span><\/p><p>\u00a0<\/p><\/td><\/tr><\/tbody><\/table><\/div>\n\t\t\t\t\t\t\t\t\t<div class=\"elementor-tab-title elementor-tab-mobile-title\" aria-selected=\"false\" data-tab=\"2\" role=\"tab\" tabindex=\"-1\" aria-controls=\"elementor-tab-content-2132\" aria-expanded=\"false\">Experience<\/div>\n\t\t\t\t\t<div id=\"elementor-tab-content-2132\" class=\"elementor-tab-content elementor-clearfix\" data-tab=\"2\" role=\"tabpanel\" aria-labelledby=\"elementor-tab-title-2132\" tabindex=\"0\" hidden=\"hidden\"><table data-path-to-node=\"15\"><thead><tr><td><strong>Title<\/strong><\/td><td><strong>Institution<\/strong><\/td><td><strong>Year<\/strong><\/td><\/tr><\/thead><tbody><tr><td><span data-path-to-node=\"15,1,0,0\">PhD Student<\/span><\/td><td><span data-path-to-node=\"15,1,1,0\">Ege University, Faculty of Dentistry, Dept. of Restorative Dentistry<\/span><\/td><td><p data-path-to-node=\"15,1,2,0\"><span data-path-to-node=\"15,1,2,0,1\"><span class=\"citation-105\">2021\u20132025<\/span><\/span><\/p><\/td><\/tr><\/tbody><\/table><\/div>\n\t\t\t\t\t\t\t\t\t<div class=\"elementor-tab-title elementor-tab-mobile-title\" aria-selected=\"false\" data-tab=\"3\" role=\"tab\" tabindex=\"-1\" aria-controls=\"elementor-tab-content-2133\" aria-expanded=\"false\">Publications<\/div>\n\t\t\t\t\t<div id=\"elementor-tab-content-2133\" class=\"elementor-tab-content elementor-clearfix\" data-tab=\"3\" role=\"tabpanel\" aria-labelledby=\"elementor-tab-title-2133\" tabindex=\"0\" hidden=\"hidden\"><p><strong>International Article:<\/strong> Atalayin Ozkaya C, Ertan B, et al. &#8220;Polyhydroxybutyrate as a Novel Biopolymer for Dental Restorative Materials: Biological and Morphological Analysis.&#8221; Polymers 2025; 17:313.<\/p><p><strong>Book Chapter:<\/strong> &#8220;Dental Tissue Engineering: Dental Stem Cell Sources, Growth Factors, and Scaffolds.&#8221; In: Biomimetic Restorative Dentistry, T\u00fcrkiye Klinikleri, 2023.<\/p><p><strong>National Article:<\/strong> &#8220;A General Overview of the Concept of Biocompatibility in Restorative Dentistry.&#8221; \u0130ZDO Scientific Journal 2022; 2(1):1\u201312.<\/p><\/div>\n\t\t\t\t\t\t\t\t\t<div class=\"elementor-tab-title elementor-tab-mobile-title\" aria-selected=\"false\" data-tab=\"4\" role=\"tab\" tabindex=\"-1\" aria-controls=\"elementor-tab-content-2134\" aria-expanded=\"false\">Events<\/div>\n\t\t\t\t\t<div id=\"elementor-tab-content-2134\" class=\"elementor-tab-content elementor-clearfix\" data-tab=\"4\" role=\"tabpanel\" aria-labelledby=\"elementor-tab-title-2134\" tabindex=\"0\" hidden=\"hidden\"><p><strong>Project (Scholar):<\/strong> &#8220;Investigation of the Potential Use of Polyhydroxybutyrate Biopolymer as a Pulp Capping and Repair Material.&#8221; T\u00dcB\u0130TAK 1002 (2024\u20132025).<\/p><p><strong>Project:<\/strong> &#8220;Polyhydroxybutyrate (PHB) as a Potential Biopolymer for Pulp Capping in Dentistry.&#8221; Universit\u00e0 di Torino, Grant for Internationalization (2021\u20132023).<\/p><p><strong>Award (Innovation Award):<\/strong> 25th International Restorative Dentistry Association Congress, 2024.<\/p><p><strong>Award (Best Poster Case):<\/strong> 32nd International Scientific Congress, 2025.<\/p><p><strong>Award (Poster 3rd Place):<\/strong> RDD Winter Symposium, 2022.<\/p><p><strong>Social Responsibility:<\/strong> Ege University projects including &#8220;First Aid in Dental Traumas&#8221;, &#8220;Oral Health Education&#8221;, and &#8220;Safe Smiles Project&#8221; (2022\u20132023).<\/p><\/div>\n\t\t\t\t\t\t\t<\/div>\n\t\t<\/div>\n\t\t\t\t\t\t<\/div>\n\t\t\t\t<\/div>\n\t\t\t\t<div class=\"elementor-element elementor-element-4cfa93b elementor-widget elementor-widget-html\" data-id=\"4cfa93b\" data-element_type=\"widget\" data-widget_type=\"html.default\">\n\t\t\t\t<div class=\"elementor-widget-container\">\n\t\t\t\t\t<style>\n    @media screen and (max-width: 650px) {\n        table td, table th {\n    padding: 5px;\n            \n        }\n    \n            .elementor-slide-description {\n            margin-bottom: unset !important;\n        }\n        }\n    }\n<\/style>\t\t\t\t<\/div>\n\t\t\t\t<\/div>\n\t\t\t\t\t<\/div>\n\t\t<\/div>\n\t\t\t\t\t<\/div>\n\t\t<\/section>\n\t\t\t\t\t<\/div>\n\t\t<\/div>\n\t\t\t\t\t<\/div>\n\t\t<\/section>\n\t\t\t\t<\/div>\n\t\t","protected":false},"excerpt":{"rendered":"<p>\u0130ZM\u0130R TINAZTEPE UNIVERSITY DENTAL HEALTH CLINICAL AND RESEARCH CENTERLecturer Beliz Ertan \u0130ZM\u0130R TINAZTEPE UNIVERSITY DENTAL HEALTH CLINICAL AND RESEARCH CENTERLecturer Beliz ErtanKe\u015ffedin Lecturer Beliz Ertan Faculty of Dentistry Restorative Dentistry beliz.ertan@tinaztepe.edu.tr Education Experience Publications Events Education Degree University Year PhD Ege University, Faculty of Dentistry, Restorative Dentistry 2021\u20132025 Bachelor&#8217;s Ba\u015fkent University, Faculty of Dentistry 2016\u20132021 [&hellip;]<\/p>\n","protected":false},"author":1,"featured_media":0,"parent":0,"menu_order":0,"comment_status":"closed","ping_status":"closed","template":"","meta":{"footnotes":""},"class_list":["post-5821","page","type-page","status-publish","hentry"],"yoast_head":"<!-- This site is optimized with the Yoast SEO plugin v24.2 - https:\/\/yoast.com\/wordpress\/plugins\/seo\/ -->\n<title>Lecturer Beliz Ertan - T\u0131naztepe<\/title>\n<meta name=\"robots\" content=\"index, follow, max-snippet:-1, max-image-preview:large, max-video-preview:-1\" \/>\n<link rel=\"canonical\" href=\"https:\/\/tinaztepedis.com\/en\/lecturer-beliz-ertan\/\" \/>\n<meta property=\"og:locale\" content=\"en_US\" \/>\n<meta property=\"og:type\" content=\"article\" \/>\n<meta property=\"og:title\" content=\"Lecturer Beliz Ertan - T\u0131naztepe\" \/>\n<meta property=\"og:description\" content=\"\u0130ZM\u0130R TINAZTEPE UNIVERSITY DENTAL HEALTH CLINICAL AND RESEARCH CENTERLecturer Beliz Ertan \u0130ZM\u0130R TINAZTEPE UNIVERSITY DENTAL HEALTH CLINICAL AND RESEARCH CENTERLecturer Beliz ErtanKe\u015ffedin Lecturer Beliz Ertan Faculty of Dentistry Restorative Dentistry beliz.ertan@tinaztepe.edu.tr Education Experience Publications Events Education Degree University Year PhD Ege University, Faculty of Dentistry, Restorative Dentistry 2021\u20132025 Bachelor&#8217;s Ba\u015fkent University, Faculty of Dentistry 2016\u20132021 [&hellip;]\" \/>\n<meta property=\"og:url\" content=\"https:\/\/tinaztepedis.com\/en\/lecturer-beliz-ertan\/\" \/>\n<meta property=\"og:site_name\" content=\"T\u0131naztepe\" \/>\n<meta property=\"article:modified_time\" content=\"2025-12-22T14:22:05+00:00\" \/>\n<meta property=\"og:image\" content=\"https:\/\/tinaztepedis.com\/wp-content\/uploads\/2025\/11\/Beliz-Ertan-Tinaztepe.jpg\" \/>\n\t<meta property=\"og:image:width\" content=\"1080\" \/>\n\t<meta property=\"og:image:height\" content=\"1080\" \/>\n\t<meta property=\"og:image:type\" content=\"image\/jpeg\" \/>\n<meta name=\"twitter:card\" content=\"summary_large_image\" \/>\n<meta name=\"twitter:label1\" content=\"Est. reading time\" \/>\n\t<meta name=\"twitter:data1\" content=\"2 minutes\" \/>\n<script type=\"application\/ld+json\" class=\"yoast-schema-graph\">{\"@context\":\"https:\/\/schema.org\",\"@graph\":[{\"@type\":\"WebPage\",\"@id\":\"https:\/\/tinaztepedis.com\/en\/lecturer-beliz-ertan\/\",\"url\":\"https:\/\/tinaztepedis.com\/en\/lecturer-beliz-ertan\/\",\"name\":\"Lecturer Beliz Ertan - T\u0131naztepe\",\"isPartOf\":{\"@id\":\"https:\/\/tinaztepedis.com\/#website\"},\"primaryImageOfPage\":{\"@id\":\"https:\/\/tinaztepedis.com\/en\/lecturer-beliz-ertan\/#primaryimage\"},\"image\":{\"@id\":\"https:\/\/tinaztepedis.com\/en\/lecturer-beliz-ertan\/#primaryimage\"},\"thumbnailUrl\":\"https:\/\/tinaztepedis.com\/wp-content\/uploads\/2025\/11\/Beliz-Ertan-Tinaztepe-1024x1024.jpg\",\"datePublished\":\"2025-12-22T14:09:34+00:00\",\"dateModified\":\"2025-12-22T14:22:05+00:00\",\"breadcrumb\":{\"@id\":\"https:\/\/tinaztepedis.com\/en\/lecturer-beliz-ertan\/#breadcrumb\"},\"inLanguage\":\"en-US\",\"potentialAction\":[{\"@type\":\"ReadAction\",\"target\":[\"https:\/\/tinaztepedis.com\/en\/lecturer-beliz-ertan\/\"]}]},{\"@type\":\"ImageObject\",\"inLanguage\":\"en-US\",\"@id\":\"https:\/\/tinaztepedis.com\/en\/lecturer-beliz-ertan\/#primaryimage\",\"url\":\"https:\/\/tinaztepedis.com\/wp-content\/uploads\/2025\/11\/Beliz-Ertan-Tinaztepe-1024x1024.jpg\",\"contentUrl\":\"https:\/\/tinaztepedis.com\/wp-content\/uploads\/2025\/11\/Beliz-Ertan-Tinaztepe-1024x1024.jpg\"},{\"@type\":\"BreadcrumbList\",\"@id\":\"https:\/\/tinaztepedis.com\/en\/lecturer-beliz-ertan\/#breadcrumb\",\"itemListElement\":[{\"@type\":\"ListItem\",\"position\":1,\"name\":\"Anasayfa\",\"item\":\"https:\/\/tinaztepedis.com\/en\/\"},{\"@type\":\"ListItem\",\"position\":2,\"name\":\"Lecturer Beliz Ertan\"}]},{\"@type\":\"WebSite\",\"@id\":\"https:\/\/tinaztepedis.com\/#website\",\"url\":\"https:\/\/tinaztepedis.com\/\",\"name\":\"T\u0131naztepe\",\"description\":\"A\u011f\u0131z ve Di\u015f Sa\u011fl\u0131\u011f\u0131 Uygulama ve Ara\u015ft\u0131rma Merkezi\",\"potentialAction\":[{\"@type\":\"SearchAction\",\"target\":{\"@type\":\"EntryPoint\",\"urlTemplate\":\"https:\/\/tinaztepedis.com\/?s={search_term_string}\"},\"query-input\":{\"@type\":\"PropertyValueSpecification\",\"valueRequired\":true,\"valueName\":\"search_term_string\"}}],\"inLanguage\":\"en-US\"}]}<\/script>\n<!-- \/ Yoast SEO plugin. -->","yoast_head_json":{"title":"Lecturer Beliz Ertan - T\u0131naztepe","robots":{"index":"index","follow":"follow","max-snippet":"max-snippet:-1","max-image-preview":"max-image-preview:large","max-video-preview":"max-video-preview:-1"},"canonical":"https:\/\/tinaztepedis.com\/en\/lecturer-beliz-ertan\/","og_locale":"en_US","og_type":"article","og_title":"Lecturer Beliz Ertan - T\u0131naztepe","og_description":"\u0130ZM\u0130R TINAZTEPE UNIVERSITY DENTAL HEALTH CLINICAL AND RESEARCH CENTERLecturer Beliz Ertan \u0130ZM\u0130R TINAZTEPE UNIVERSITY DENTAL HEALTH CLINICAL AND RESEARCH CENTERLecturer Beliz ErtanKe\u015ffedin Lecturer Beliz Ertan Faculty of Dentistry Restorative Dentistry beliz.ertan@tinaztepe.edu.tr Education Experience Publications Events Education Degree University Year PhD Ege University, Faculty of Dentistry, Restorative Dentistry 2021\u20132025 Bachelor&#8217;s Ba\u015fkent University, Faculty of Dentistry 2016\u20132021 [&hellip;]","og_url":"https:\/\/tinaztepedis.com\/en\/lecturer-beliz-ertan\/","og_site_name":"T\u0131naztepe","article_modified_time":"2025-12-22T14:22:05+00:00","og_image":[{"width":1080,"height":1080,"url":"https:\/\/tinaztepedis.com\/wp-content\/uploads\/2025\/11\/Beliz-Ertan-Tinaztepe.jpg","type":"image\/jpeg"}],"twitter_card":"summary_large_image","twitter_misc":{"Est. reading time":"2 minutes"},"schema":{"@context":"https:\/\/schema.org","@graph":[{"@type":"WebPage","@id":"https:\/\/tinaztepedis.com\/en\/lecturer-beliz-ertan\/","url":"https:\/\/tinaztepedis.com\/en\/lecturer-beliz-ertan\/","name":"Lecturer Beliz Ertan - T\u0131naztepe","isPartOf":{"@id":"https:\/\/tinaztepedis.com\/#website"},"primaryImageOfPage":{"@id":"https:\/\/tinaztepedis.com\/en\/lecturer-beliz-ertan\/#primaryimage"},"image":{"@id":"https:\/\/tinaztepedis.com\/en\/lecturer-beliz-ertan\/#primaryimage"},"thumbnailUrl":"https:\/\/tinaztepedis.com\/wp-content\/uploads\/2025\/11\/Beliz-Ertan-Tinaztepe-1024x1024.jpg","datePublished":"2025-12-22T14:09:34+00:00","dateModified":"2025-12-22T14:22:05+00:00","breadcrumb":{"@id":"https:\/\/tinaztepedis.com\/en\/lecturer-beliz-ertan\/#breadcrumb"},"inLanguage":"en-US","potentialAction":[{"@type":"ReadAction","target":["https:\/\/tinaztepedis.com\/en\/lecturer-beliz-ertan\/"]}]},{"@type":"ImageObject","inLanguage":"en-US","@id":"https:\/\/tinaztepedis.com\/en\/lecturer-beliz-ertan\/#primaryimage","url":"https:\/\/tinaztepedis.com\/wp-content\/uploads\/2025\/11\/Beliz-Ertan-Tinaztepe-1024x1024.jpg","contentUrl":"https:\/\/tinaztepedis.com\/wp-content\/uploads\/2025\/11\/Beliz-Ertan-Tinaztepe-1024x1024.jpg"},{"@type":"BreadcrumbList","@id":"https:\/\/tinaztepedis.com\/en\/lecturer-beliz-ertan\/#breadcrumb","itemListElement":[{"@type":"ListItem","position":1,"name":"Anasayfa","item":"https:\/\/tinaztepedis.com\/en\/"},{"@type":"ListItem","position":2,"name":"Lecturer Beliz Ertan"}]},{"@type":"WebSite","@id":"https:\/\/tinaztepedis.com\/#website","url":"https:\/\/tinaztepedis.com\/","name":"T\u0131naztepe","description":"A\u011f\u0131z ve Di\u015f Sa\u011fl\u0131\u011f\u0131 Uygulama ve Ara\u015ft\u0131rma Merkezi","potentialAction":[{"@type":"SearchAction","target":{"@type":"EntryPoint","urlTemplate":"https:\/\/tinaztepedis.com\/?s={search_term_string}"},"query-input":{"@type":"PropertyValueSpecification","valueRequired":true,"valueName":"search_term_string"}}],"inLanguage":"en-US"}]}},"_links":{"self":[{"href":"https:\/\/tinaztepedis.com\/en\/wp-json\/wp\/v2\/pages\/5821","targetHints":{"allow":["GET"]}}],"collection":[{"href":"https:\/\/tinaztepedis.com\/en\/wp-json\/wp\/v2\/pages"}],"about":[{"href":"https:\/\/tinaztepedis.com\/en\/wp-json\/wp\/v2\/types\/page"}],"author":[{"embeddable":true,"href":"https:\/\/tinaztepedis.com\/en\/wp-json\/wp\/v2\/users\/1"}],"replies":[{"embeddable":true,"href":"https:\/\/tinaztepedis.com\/en\/wp-json\/wp\/v2\/comments?post=5821"}],"version-history":[{"count":4,"href":"https:\/\/tinaztepedis.com\/en\/wp-json\/wp\/v2\/pages\/5821\/revisions"}],"predecessor-version":[{"id":5825,"href":"https:\/\/tinaztepedis.com\/en\/wp-json\/wp\/v2\/pages\/5821\/revisions\/5825"}],"wp:attachment":[{"href":"https:\/\/tinaztepedis.com\/en\/wp-json\/wp\/v2\/media?parent=5821"}],"curies":[{"name":"wp","href":"https:\/\/api.w.org\/{rel}","templated":true}]}}